{"id":79,"date":"2025-03-04T17:52:25","date_gmt":"2025-03-04T17:52:25","guid":{"rendered":"https:\/\/careerquestor.com\/?page_id=79"},"modified":"2026-04-07T16:15:46","modified_gmt":"2026-04-07T16:15:46","slug":"about","status":"publish","type":"page","link":"https:\/\/careerquestor.com\/cs\/about\/","title":{"rendered":"O n\u00e1s"},"content":{"rendered":"<h2 class=\"wp-block-heading\">V\u00edtejte na CareerQuestor.com<\/h2>\n\n\n\n<p>CareerQuestor.com je va\u0161\u00ed ide\u00e1ln\u00ed destinac\u00ed pro objevov\u00e1n\u00ed nov\u00fdch kari\u00e9rn\u00edch p\u0159\u00edle\u017eitost\u00ed, p\u0159izp\u016fsoben\u00ed se zm\u011bn\u00e1m na trhu pr\u00e1ce a dosa\u017een\u00ed profesn\u00edho \u00fasp\u011bchu.<\/p>\n\n\n\n<p>Na\u0161\u00edm posl\u00e1n\u00edm je nab\u00edzet cenn\u00e9 poznatky, inovativn\u00ed perspektivy a praktick\u00e9 zdroje, kter\u00e9 v\u00e1m pomohou \u010dinit bezpe\u010dn\u00e1 a sebev\u011bdom\u00e1 rozhodnut\u00ed o va\u0161\u00ed kari\u00e9rn\u00ed dr\u00e1ze.<\/p>\n\n\n\n<p>A\u0165 u\u017e jste zku\u0161en\u00fd profesion\u00e1l hledaj\u00edc\u00ed nov\u00fd sm\u011br, nebo n\u011bkdo, kdo svou cestu teprve za\u010d\u00edn\u00e1, jsme tu, abychom v\u00e1s dovedli k va\u0161im c\u00edl\u016fm.<\/p>\n\n\n\n<h3 class=\"wp-block-heading\">Co nab\u00edz\u00edme<\/h3>\n\n\n\n<p><strong>Trendy na trhu pr\u00e1ce<\/strong><\/p>\n\n\n\n<ul>\n<li><strong>Digit\u00e1ln\u00ed nom\u00e1dstv\u00ed<\/strong> Nau\u010dte se pracovat odkudkoli na sv\u011bt\u011b a maxim\u00e1ln\u011b vyu\u017e\u00edt svobodu a flexibilitu tohoto rostouc\u00edho trendu.<\/li>\n\n\n\n<li><strong>Pr\u00e1ce na d\u00e1lku<\/strong> Objevte, jak vyniknout p\u0159i pr\u00e1ci z domova, udr\u017eet si produktivitu a rovnov\u00e1hu mezi osobn\u00edm a profesn\u00edm \u017eivotem.<\/li>\n\n\n\n<li><strong>Kari\u00e9ra s vysokou popt\u00e1vkou<\/strong> Z\u016fsta\u0148te informov\u00e1ni o nejvyhled\u00e1van\u011bj\u0161\u00edch oblastech a z\u00edskejte tipy na voln\u00e1 pracovn\u00ed m\u00edsta a mo\u017enosti r\u016fstu.<\/li>\n<\/ul>\n\n\n\n<p><strong>Profesn\u00ed rozvoj<\/strong><\/p>\n\n\n\n<ul>\n<li><strong>Strategick\u00e9 networkingov\u00e9 aktivity<\/strong> Nau\u010dte se, jak budovat glob\u00e1ln\u00ed kontakty, abyste podpo\u0159ili svou kari\u00e9ru a otev\u0159eli si nov\u00e9 p\u0159\u00edle\u017eitosti.<\/li>\n\n\n\n<li><strong>Neust\u00e1l\u00e9 u\u010den\u00ed<\/strong> Pochopte, jak m\u016f\u017ee b\u00fdt celo\u017eivotn\u00ed vzd\u011bl\u00e1v\u00e1n\u00ed kl\u00ed\u010dem k kari\u00e9rn\u00edmu r\u016fstu a udr\u017een\u00ed relevance na trhu.<\/li>\n\n\n\n<li><strong>Osobn\u00ed branding<\/strong> Zaujm\u011bte strategickou pozici, abyste p\u0159il\u00e1kali ty nejlep\u0161\u00ed profesn\u00ed p\u0159\u00edle\u017eitosti.<\/li>\n<\/ul>\n\n\n\n<p><strong>Praktick\u00e9 tipy a zdroje<\/strong><\/p>\n\n\n\n<ul>\n<li><strong>Pr\u016fvodce kari\u00e9rou<\/strong> Z\u00edskejte p\u0159\u00edstup k \u010dl\u00e1nk\u016fm a n\u00e1vod\u016fm, abyste si mohli strukturovan\u011b a efektivn\u011b napl\u00e1novat svou kari\u00e9rn\u00ed dr\u00e1hu.<\/li>\n\n\n\n<li><strong>Profesion\u00e1ln\u00ed n\u00e1stroje<\/strong> Objevte nejlep\u0161\u00ed zdroje a platformy pro zlep\u0161en\u00ed sv\u00e9ho v\u00fdkonu a dovednost\u00ed.<\/li>\n\n\n\n<li><strong>P\u0159\u00edb\u011bhy \u00fasp\u011bchu<\/strong> \u2013 Nechte se inspirovat profesion\u00e1ly, kte\u0159\u00ed si splnili sv\u00e9 sny, a pod\u00edvejte se, jak i vy m\u016f\u017eete zm\u011bnit svou kari\u00e9ru.<\/li>\n<\/ul>\n\n\n\n<p><strong>Z\u00e1bava <\/strong><\/p>\n\n\n\n<ul>\n<li><strong> Digit\u00e1ln\u00ed hry:<\/strong> Zab\u00fdv\u00e1me se tak\u00e9 obsahem souvisej\u00edc\u00edm se z\u00e1bavou, v\u010detn\u011b popul\u00e1rn\u00edch platforem, jako je Roblox. Najdete zde n\u00e1vody, tipy a vysv\u011btlen\u00ed, jak si co nejl\u00e9pe u\u017e\u00edt hry, dostupn\u00e9 zdroje, virtu\u00e1ln\u00ed ekonomiku a trendy ve sv\u011bt\u011b her, v\u017edy s informativn\u00edm a zodpov\u011bdn\u00fdm p\u0159\u00edstupem.<\/li>\n<\/ul>\n\n\n\n<h3 class=\"wp-block-heading\">Pro\u010d si vybrat CareerQuestor.com?<\/h3>\n\n\n\n<p>V\u011b\u0159\u00edme, \u017ee ka\u017ed\u00fd profesion\u00e1l je jedine\u010dn\u00fd. Proto nab\u00edz\u00edme obsah navr\u017een\u00fd tak, aby spl\u0148oval r\u016fzn\u00e9 pot\u0159eby a kari\u00e9rn\u00ed profily.<\/p>\n\n\n\n<p>Na\u0161\u00edm z\u00e1vazkem je poskytovat vysoce kvalitn\u00ed informace zalo\u017een\u00e9 na v\u00fdzkumu a re\u00e1ln\u00fdch zku\u0161enostech, abyste mohli \u010dinit informovan\u00e1 a sebev\u011bdom\u00e1 rozhodnut\u00ed.<\/p>\n\n\n\n<p>Na rozd\u00edl od jin\u00fdch platforem se zam\u011b\u0159ujeme na poskytov\u00e1n\u00ed komplexn\u00ed podpory \u2013 od strategick\u00fdch poznatk\u016f a\u017e po praktick\u00e9 tipy, kter\u00e9 skute\u010dn\u011b ovlivn\u00ed v\u00e1\u0161 ka\u017edodenn\u00ed profesn\u00ed \u017eivot.<\/p>\n\n\n\n<h3 class=\"wp-block-heading\">Co n\u00e1s odli\u0161uje?<\/h3>\n\n\n\n<ul>\n<li><strong>Aktualizovan\u00fd obsah<\/strong> Sledujeme nejnov\u011bj\u0161\u00ed trendy na trhu pr\u00e1ce, abyste byli v\u017edy o krok nap\u0159ed.<\/li>\n\n\n\n<li><strong>Zam\u011b\u0159en\u00ed na transformaci kari\u00e9ry<\/strong> Na\u0161e materi\u00e1ly jsou navr\u017eeny tak, aby v\u00e1m pomohly se vyv\u00edjet a neust\u00e1le se p\u0159izp\u016fsobovat zm\u011bn\u00e1m v oboru.<\/li>\n\n\n\n<li><strong>Anga\u017eovan\u00e1 komunita<\/strong> \u2013 P\u0159ipojte se k s\u00edti profesion\u00e1l\u016f z r\u016fzn\u00fdch obor\u016f, vym\u011b\u0148ujte si zku\u0161enosti a budujte cenn\u00e9 kontakty.<\/li>\n<\/ul>\n\n\n\n<h3 class=\"wp-block-heading\">Poj\u010fme za\u010d\u00edt!<\/h3>\n\n\n\n<p>Pokud chcete posunout svou kari\u00e9ru vp\u0159ed, prozkoumat nov\u00e9 p\u0159\u00edle\u017eitosti a p\u0159ipravit se na budoucnost pr\u00e1ce, CareerQuestor.com je pro v\u00e1s t\u00edm prav\u00fdm m\u00edstem.<\/p>\n\n\n\n<p>Prohl\u00e9dn\u011bte si na\u0161e \u010dl\u00e1nky, p\u0159ipojte se ke komunit\u011b a za\u010dn\u011bte budovat svou profesn\u00ed budoucnost je\u0161t\u011b dnes.<\/p>\n\n\n\n<p>Kontaktujte n\u00e1s, p\u0159e\u010dt\u011bte si na\u0161e Z\u00e1sady ochrany osobn\u00edch \u00fadaj\u016f pro v\u00edce informac\u00ed nebo si prohl\u00e9dn\u011bte na\u0161e nejnov\u011bj\u0161\u00ed \u010dl\u00e1nky a ud\u011blejte prvn\u00ed krok na sv\u00e9 cest\u011b hned te\u010f.<\/p>","protected":false},"excerpt":{"rendered":"<p>V\u00edtejte na CareerQuestor.com. CareerQuestor.com je va\u0161\u00ed ide\u00e1ln\u00ed destinac\u00ed pro objevov\u00e1n\u00ed nov\u00fdch kari\u00e9rn\u00edch p\u0159\u00edle\u017eitost\u00ed, p\u0159izp\u016fsobov\u00e1n\u00ed se zm\u011bn\u00e1m na trhu pr\u00e1ce a dosahov\u00e1n\u00ed profesn\u00edho \u00fasp\u011bchu. Na\u0161\u00edm posl\u00e1n\u00edm je nab\u00edzet cenn\u00e9 poznatky, inovativn\u00ed perspektivy a praktick\u00e9 zdroje, kter\u00e9 v\u00e1m pomohou \u010dinit bezpe\u010dn\u00e1 a sebev\u011bdom\u00e1 rozhodnut\u00ed o va\u0161\u00ed kari\u00e9rn\u00ed dr\u00e1ze. [\u2026]<\/p>","protected":false},"author":40,"featured_media":0,"parent":0,"menu_order":0,"comment_status":"closed","ping_status":"closed","template":"","meta":{"_uag_custom_page_level_css":"","site-sidebar-layout":"default","site-content-layout":"","ast-site-content-layout":"default","site-content-style":"default","site-sidebar-style":"default","ast-global-header-display":"","ast-banner-title-visibility":"","ast-main-header-display":"","ast-hfb-above-header-display":"","ast-hfb-below-header-display":"","ast-hfb-mobile-header-display":"","site-post-title":"","ast-breadcrumbs-content":"","ast-featured-img":"","footer-sml-layout":"","theme-transparent-header-meta":"","adv-header-id-meta":"","stick-header-meta":"","header-above-stick-meta":"","header-main-stick-meta":"","header-below-stick-meta":"","astra-migrate-meta-layouts":"set","ast-page-background-enabled":"default","ast-page-background-meta":{"desktop":{"background-color":"var(--ast-global-color-4)","background-image":"","background-repeat":"repeat","background-position":"center center","background-size":"auto","background-attachment":"scroll","background-type":"","background-media":"","overlay-type":"","overlay-color":"","overlay-opacity":"","overlay-gradient":""},"tablet":{"background-color":"","background-image":"","background-repeat":"repeat","background-position":"center center","background-size":"auto","background-attachment":"scroll","background-type":"","background-media":"","overlay-type":"","overlay-color":"","overlay-opacity":"","overlay-gradient":""},"mobile":{"background-color":"","background-image":"","background-repeat":"repeat","background-position":"center center","background-size":"auto","background-attachment":"scroll","background-type":"","background-media":"","overlay-type":"","overlay-color":"","overlay-opacity":"","overlay-gradient":""}},"ast-content-background-meta":{"desktop":{"background-color":"var(--ast-global-color-5)","background-image":"","background-repeat":"repeat","background-position":"center center","background-size":"auto","background-attachment":"scroll","background-type":"","background-media":"","overlay-type":"","overlay-color":"","overlay-opacity":"","overlay-gradient":""},"tablet":{"background-color":"var(--ast-global-color-5)","background-image":"","background-repeat":"repeat","background-position":"center center","background-size":"auto","background-attachment":"scroll","background-type":"","background-media":"","overlay-type":"","overlay-color":"","overlay-opacity":"","overlay-gradient":""},"mobile":{"background-color":"var(--ast-global-color-5)","background-image":"","background-repeat":"repeat","background-position":"center center","background-size":"auto","background-attachment":"scroll","background-type":"","background-media":"","overlay-type":"","overlay-color":"","overlay-opacity":"","overlay-gradient":""}},"footnotes":""},"yoast_head":"<!-- This site is optimized with the Yoast SEO plugin v23.3 - https:\/\/yoast.com\/wordpress\/plugins\/seo\/ -->\n<title>Sobre n\u00f3s - Career Questor<\/title>\n<meta name=\"robots\" content=\"index, follow, max-snippet:-1, max-image-preview:large, max-video-preview:-1\" \/>\n<link rel=\"canonical\" href=\"https:\/\/careerquestor.com\/cs\/about\/\" \/>\n<meta property=\"og:locale\" content=\"cs_CZ\" \/>\n<meta property=\"og:type\" content=\"article\" \/>\n<meta property=\"og:title\" content=\"Sobre n\u00f3s - Career Questor\" \/>\n<meta property=\"og:description\" content=\"Bem vindo ao CareerQuestor.com O CareerQuestor.com \u00e9 o seu destino ideal para explorar novas oportunidades de carreira, se adaptar \u00e0s mudan\u00e7as do mercado de trabalho e alcan\u00e7ar o sucesso profissional. Nossa miss\u00e3o \u00e9 oferecer insights valiosos, perspectivas inovadoras e recursos pr\u00e1ticos para ajudar voc\u00ea a tomar decis\u00f5es seguras e confiantes sobre o seu caminho profissional. [&hellip;]\" \/>\n<meta property=\"og:url\" content=\"https:\/\/careerquestor.com\/cs\/about\/\" \/>\n<meta property=\"og:site_name\" content=\"Career Questor\" \/>\n<meta property=\"article:modified_time\" content=\"2026-04-07T16:15:46+00:00\" \/>\n<meta name=\"twitter:card\" content=\"summary_large_image\" \/>\n<meta name=\"twitter:label1\" content=\"Est. reading time\" \/>\n\t<meta name=\"twitter:data1\" content=\"3 minuty\" \/>\n<script type=\"application\/ld+json\" class=\"yoast-schema-graph\">{\"@context\":\"https:\/\/schema.org\",\"@graph\":[{\"@type\":\"WebPage\",\"@id\":\"https:\/\/careerquestor.com\/about\/\",\"url\":\"https:\/\/careerquestor.com\/about\/\",\"name\":\"Sobre n\u00f3s - Career Questor\",\"isPartOf\":{\"@id\":\"https:\/\/careerquestor.com\/#website\"},\"datePublished\":\"2025-03-04T17:52:25+00:00\",\"dateModified\":\"2026-04-07T16:15:46+00:00\",\"breadcrumb\":{\"@id\":\"https:\/\/careerquestor.com\/about\/#breadcrumb\"},\"inLanguage\":\"cs\",\"potentialAction\":[{\"@type\":\"ReadAction\",\"target\":[\"https:\/\/careerquestor.com\/about\/\"]}]},{\"@type\":\"BreadcrumbList\",\"@id\":\"https:\/\/careerquestor.com\/about\/#breadcrumb\",\"itemListElement\":[{\"@type\":\"ListItem\",\"position\":1,\"name\":\"Home\",\"item\":\"https:\/\/careerquestor.com\/\"},{\"@type\":\"ListItem\",\"position\":2,\"name\":\"Sobre n\u00f3s\"}]},{\"@type\":\"WebSite\",\"@id\":\"https:\/\/careerquestor.com\/#website\",\"url\":\"https:\/\/careerquestor.com\/\",\"name\":\"Career Questor\",\"description\":\"\",\"publisher\":{\"@id\":\"https:\/\/careerquestor.com\/#organization\"},\"potentialAction\":[{\"@type\":\"SearchAction\",\"target\":{\"@type\":\"EntryPoint\",\"urlTemplate\":\"https:\/\/careerquestor.com\/?s={search_term_string}\"},\"query-input\":\"required name=search_term_string\"}],\"inLanguage\":\"cs\"},{\"@type\":\"Organization\",\"@id\":\"https:\/\/careerquestor.com\/#organization\",\"name\":\"Career Questor\",\"url\":\"https:\/\/careerquestor.com\/\",\"logo\":{\"@type\":\"ImageObject\",\"inLanguage\":\"cs\",\"@id\":\"https:\/\/careerquestor.com\/#\/schema\/logo\/image\/\",\"url\":\"https:\/\/careerquestor.com\/wp-content\/uploads\/sites\/223\/2025\/07\/cropped-Cosa-rende-la-Cessione-del-Quinto-unica-1.jpg\",\"contentUrl\":\"https:\/\/careerquestor.com\/wp-content\/uploads\/sites\/223\/2025\/07\/cropped-Cosa-rende-la-Cessione-del-Quinto-unica-1.jpg\",\"width\":404,\"height\":480,\"caption\":\"Career Questor\"},\"image\":{\"@id\":\"https:\/\/careerquestor.com\/#\/schema\/logo\/image\/\"}}]}<\/script>\n<!-- \/ Yoast SEO plugin. -->","yoast_head_json":{"title":"Sobre n\u00f3s - Career Questor","robots":{"index":"index","follow":"follow","max-snippet":"max-snippet:-1","max-image-preview":"max-image-preview:large","max-video-preview":"max-video-preview:-1"},"canonical":"https:\/\/careerquestor.com\/cs\/about\/","og_locale":"cs_CZ","og_type":"article","og_title":"Sobre n\u00f3s - Career Questor","og_description":"Bem vindo ao CareerQuestor.com O CareerQuestor.com \u00e9 o seu destino ideal para explorar novas oportunidades de carreira, se adaptar \u00e0s mudan\u00e7as do mercado de trabalho e alcan\u00e7ar o sucesso profissional. Nossa miss\u00e3o \u00e9 oferecer insights valiosos, perspectivas inovadoras e recursos pr\u00e1ticos para ajudar voc\u00ea a tomar decis\u00f5es seguras e confiantes sobre o seu caminho profissional. [&hellip;]","og_url":"https:\/\/careerquestor.com\/cs\/about\/","og_site_name":"Career Questor","article_modified_time":"2026-04-07T16:15:46+00:00","twitter_card":"summary_large_image","twitter_misc":{"Est. reading time":"3 minuty"},"schema":{"@context":"https:\/\/schema.org","@graph":[{"@type":"WebPage","@id":"https:\/\/careerquestor.com\/about\/","url":"https:\/\/careerquestor.com\/about\/","name":"Sobre n\u00f3s - Career Questor","isPartOf":{"@id":"https:\/\/careerquestor.com\/#website"},"datePublished":"2025-03-04T17:52:25+00:00","dateModified":"2026-04-07T16:15:46+00:00","breadcrumb":{"@id":"https:\/\/careerquestor.com\/about\/#breadcrumb"},"inLanguage":"cs","potentialAction":[{"@type":"ReadAction","target":["https:\/\/careerquestor.com\/about\/"]}]},{"@type":"BreadcrumbList","@id":"https:\/\/careerquestor.com\/about\/#breadcrumb","itemListElement":[{"@type":"ListItem","position":1,"name":"Home","item":"https:\/\/careerquestor.com\/"},{"@type":"ListItem","position":2,"name":"Sobre n\u00f3s"}]},{"@type":"WebSite","@id":"https:\/\/careerquestor.com\/#website","url":"https:\/\/careerquestor.com\/","name":"Career Questor","description":"","publisher":{"@id":"https:\/\/careerquestor.com\/#organization"},"potentialAction":[{"@type":"SearchAction","target":{"@type":"EntryPoint","urlTemplate":"https:\/\/careerquestor.com\/?s={search_term_string}"},"query-input":"required name=search_term_string"}],"inLanguage":"cs"},{"@type":"Organization","@id":"https:\/\/careerquestor.com\/#organization","name":"Career Questor","url":"https:\/\/careerquestor.com\/","logo":{"@type":"ImageObject","inLanguage":"cs","@id":"https:\/\/careerquestor.com\/#\/schema\/logo\/image\/","url":"https:\/\/careerquestor.com\/wp-content\/uploads\/sites\/223\/2025\/07\/cropped-Cosa-rende-la-Cessione-del-Quinto-unica-1.jpg","contentUrl":"https:\/\/careerquestor.com\/wp-content\/uploads\/sites\/223\/2025\/07\/cropped-Cosa-rende-la-Cessione-del-Quinto-unica-1.jpg","width":404,"height":480,"caption":"Career Questor"},"image":{"@id":"https:\/\/careerquestor.com\/#\/schema\/logo\/image\/"}}]}},"uagb_featured_image_src":{"full":false,"thumbnail":false,"medium":false,"medium_large":false,"large":false,"1536x1536":false,"2048x2048":false,"trp-custom-language-flag":false},"uagb_author_info":{"display_name":"pontesingrid25","author_link":"https:\/\/careerquestor.com\/cs\/author\/pontesingrid25\/"},"uagb_comment_info":0,"uagb_excerpt":"Bem vindo ao CareerQuestor.com O CareerQuestor.com \u00e9 o seu destino ideal para explorar novas oportunidades de carreira, se adaptar \u00e0s mudan\u00e7as do mercado de trabalho e alcan\u00e7ar o sucesso profissional. Nossa miss\u00e3o \u00e9 oferecer insights valiosos, perspectivas inovadoras e recursos pr\u00e1ticos para ajudar voc\u00ea a tomar decis\u00f5es seguras e confiantes sobre o seu caminho profissional.&hellip;","_links":{"self":[{"href":"https:\/\/careerquestor.com\/cs\/wp-json\/wp\/v2\/pages\/79"}],"collection":[{"href":"https:\/\/careerquestor.com\/cs\/wp-json\/wp\/v2\/pages"}],"about":[{"href":"https:\/\/careerquestor.com\/cs\/wp-json\/wp\/v2\/types\/page"}],"author":[{"embeddable":true,"href":"https:\/\/careerquestor.com\/cs\/wp-json\/wp\/v2\/users\/40"}],"replies":[{"embeddable":true,"href":"https:\/\/careerquestor.com\/cs\/wp-json\/wp\/v2\/comments?post=79"}],"version-history":[{"count":6,"href":"https:\/\/careerquestor.com\/cs\/wp-json\/wp\/v2\/pages\/79\/revisions"}],"predecessor-version":[{"id":2157,"href":"https:\/\/careerquestor.com\/cs\/wp-json\/wp\/v2\/pages\/79\/revisions\/2157"}],"wp:attachment":[{"href":"https:\/\/careerquestor.com\/cs\/wp-json\/wp\/v2\/media?parent=79"}],"curies":[{"name":"wp","href":"https:\/\/api.w.org\/{rel}","templated":true}]}}