{"id":79,"date":"2025-03-04T17:52:25","date_gmt":"2025-03-04T17:52:25","guid":{"rendered":"https:\/\/careerquestor.com\/?page_id=79"},"modified":"2026-04-07T16:15:46","modified_gmt":"2026-04-07T16:15:46","slug":"about","status":"publish","type":"page","link":"https:\/\/careerquestor.com\/de\/about\/","title":{"rendered":"\u00dcber uns"},"content":{"rendered":"<h2 class=\"wp-block-heading\">Willkommen bei CareerQuestor.com<\/h2>\n\n\n\n<p>CareerQuestor.com ist Ihre ideale Anlaufstelle, um neue Karrierem\u00f6glichkeiten zu entdecken, sich an Ver\u00e4nderungen auf dem Arbeitsmarkt anzupassen und beruflichen Erfolg zu erzielen.<\/p>\n\n\n\n<p>Unsere Mission ist es, wertvolle Einblicke, innovative Perspektiven und praktische Ressourcen anzubieten, die Ihnen helfen, sichere und selbstbewusste Entscheidungen \u00fcber Ihren Karriereweg zu treffen.<\/p>\n\n\n\n<p>Ob Sie ein erfahrener Profi sind, der eine neue Richtung sucht, oder jemand, der seine Reise gerade erst beginnt, wir sind hier, um Sie auf dem Weg zu Ihren Zielen zu begleiten.<\/p>\n\n\n\n<h3 class=\"wp-block-heading\">Unser Angebot<\/h3>\n\n\n\n<p><strong>Trends auf dem Arbeitsmarkt<\/strong><\/p>\n\n\n\n<ul>\n<li><strong>Digitaler Nomadismus<\/strong> Lernen Sie, wie Sie von \u00fcberall auf der Welt arbeiten k\u00f6nnen und nutzen Sie die Freiheit und Flexibilit\u00e4t dieses wachsenden Trends optimal.<\/li>\n\n\n\n<li><strong>Fernarbeit<\/strong> Erfahren Sie, wie Sie im Homeoffice hervorragende Leistungen erbringen, Ihre Produktivit\u00e4t aufrechterhalten und ein Gleichgewicht zwischen Ihrem Privat- und Berufsleben finden k\u00f6nnen.<\/li>\n\n\n\n<li><strong>Berufe mit hoher Nachfrage<\/strong> Bleiben Sie \u00fcber die gefragtesten Bereiche informiert und erhalten Sie Tipps zu offenen Stellen und Aufstiegsm\u00f6glichkeiten.<\/li>\n<\/ul>\n\n\n\n<p><strong>Berufliche Weiterentwicklung<\/strong><\/p>\n\n\n\n<ul>\n<li><strong>Strategische Vernetzung<\/strong> Lernen Sie, wie Sie globale Kontakte kn\u00fcpfen, um Ihre Karriere voranzutreiben und neue M\u00f6glichkeiten zu er\u00f6ffnen.<\/li>\n\n\n\n<li><strong>Kontinuierliches Lernen<\/strong> Verstehen Sie, wie lebenslanges Lernen der Schl\u00fcssel zum beruflichen Aufstieg und zur Aufrechterhaltung der Relevanz auf dem Markt sein kann.<\/li>\n\n\n\n<li><strong>Pers\u00f6nliches Branding<\/strong> Positionieren Sie sich strategisch, um die besten beruflichen M\u00f6glichkeiten anzuziehen.<\/li>\n<\/ul>\n\n\n\n<p><strong>Praktische Tipps und Ressourcen<\/strong><\/p>\n\n\n\n<ul>\n<li><strong>Karriereleitfaden<\/strong> Nutzen Sie Artikel und Anleitungen, um Ihren Karriereweg strukturiert und effizient zu planen.<\/li>\n\n\n\n<li><strong>Professionelle Werkzeuge<\/strong> Entdecken Sie die besten Ressourcen und Plattformen, um Ihre Leistung und F\u00e4higkeiten zu verbessern.<\/li>\n\n\n\n<li><strong>Erfolgsgeschichten<\/strong> \u2013 Lassen Sie sich von Fachleuten inspirieren, die ihre Tr\u00e4ume verwirklicht haben, und sehen Sie, wie auch Sie Ihre Karriere ver\u00e4ndern k\u00f6nnen.<\/li>\n<\/ul>\n\n\n\n<p><strong>Unterhaltung <\/strong><\/p>\n\n\n\n<ul>\n<li><strong> Digitale Spiele:<\/strong> Wir berichten auch \u00fcber Unterhaltungsthemen, darunter beliebte Plattformen wie Roblox. Bei uns finden Sie Anleitungen, Tipps und Erkl\u00e4rungen, wie Sie Spiele optimal genie\u00dfen k\u00f6nnen, Informationen zu verf\u00fcgbaren Ressourcen, zur virtuellen Wirtschaft und zu Trends in der Gaming-Welt \u2013 stets informativ und verantwortungsvoll.<\/li>\n<\/ul>\n\n\n\n<h3 class=\"wp-block-heading\">Warum sollten Sie sich f\u00fcr CareerQuestor.com entscheiden?<\/h3>\n\n\n\n<p>Wir glauben, dass jeder Berufst\u00e4tige einzigartig ist. Deshalb bieten wir Inhalte an, die auf unterschiedliche Bed\u00fcrfnisse und Karriereprofile zugeschnitten sind.<\/p>\n\n\n\n<p>Unser Ziel ist es, Ihnen qualitativ hochwertige Informationen auf der Grundlage von Forschungsergebnissen und praktischen Erfahrungen bereitzustellen, damit Sie fundierte und sichere Entscheidungen treffen k\u00f6nnen.<\/p>\n\n\n\n<p>Im Gegensatz zu anderen Plattformen konzentrieren wir uns darauf, umfassende Unterst\u00fctzung zu bieten \u2013 von strategischen Einblicken bis hin zu praktischen Tipps, die in Ihrem beruflichen Alltag wirklich etwas bewirken.<\/p>\n\n\n\n<h3 class=\"wp-block-heading\">Was unterscheidet uns von anderen?<\/h3>\n\n\n\n<ul>\n<li><strong>Aktualisierter Inhalt<\/strong> Wir berichten \u00fcber die neuesten Trends auf dem Arbeitsmarkt, damit Sie immer einen Schritt voraus sind.<\/li>\n\n\n\n<li><strong>Fokus auf berufliche Transformation<\/strong> Unsere Materialien sind darauf ausgelegt, Sie bei Ihrer Weiterentwicklung zu unterst\u00fctzen und Ihnen zu helfen, sich kontinuierlich an die Ver\u00e4nderungen in der Branche anzupassen.<\/li>\n\n\n\n<li><strong>Engagierte Gemeinschaft<\/strong> \u2013 Schlie\u00dfen Sie sich einem Netzwerk von Fachleuten aus verschiedenen Bereichen an, um Erfahrungen auszutauschen und wertvolle Kontakte zu kn\u00fcpfen.<\/li>\n<\/ul>\n\n\n\n<h3 class=\"wp-block-heading\">Los geht&#039;s!<\/h3>\n\n\n\n<p>Wenn Sie Ihre Karriere voranbringen, neue M\u00f6glichkeiten entdecken und sich auf die Zukunft der Arbeit vorbereiten m\u00f6chten, ist CareerQuestor.com genau der richtige Ort f\u00fcr Sie.<\/p>\n\n\n\n<p>St\u00f6bern Sie in unseren Artikeln, werden Sie Teil der Community und beginnen Sie noch heute mit dem Aufbau Ihrer beruflichen Zukunft.<\/p>\n\n\n\n<p>Nehmen Sie Kontakt mit uns auf, lesen Sie unsere Datenschutzrichtlinie f\u00fcr weitere Informationen oder schauen Sie sich unsere neuesten Artikel an, um jetzt den ersten Schritt auf Ihrer Reise zu machen.<\/p>","protected":false},"excerpt":{"rendered":"<p>Willkommen bei CareerQuestor.com. CareerQuestor.com ist Ihre ideale Anlaufstelle, um neue Karrierechancen zu entdecken, sich an die Ver\u00e4nderungen des Arbeitsmarktes anzupassen und beruflichen Erfolg zu erzielen. Unsere Mission ist es, Ihnen wertvolle Einblicke, innovative Perspektiven und praktische Ressourcen zu bieten, damit Sie fundierte und selbstbewusste Entscheidungen f\u00fcr Ihren Karriereweg treffen k\u00f6nnen. [\u2026]<\/p>","protected":false},"author":40,"featured_media":0,"parent":0,"menu_order":0,"comment_status":"closed","ping_status":"closed","template":"","meta":{"_uag_custom_page_level_css":"","site-sidebar-layout":"default","site-content-layout":"","ast-site-content-layout":"default","site-content-style":"default","site-sidebar-style":"default","ast-global-header-display":"","ast-banner-title-visibility":"","ast-main-header-display":"","ast-hfb-above-header-display":"","ast-hfb-below-header-display":"","ast-hfb-mobile-header-display":"","site-post-title":"","ast-breadcrumbs-content":"","ast-featured-img":"","footer-sml-layout":"","theme-transparent-header-meta":"","adv-header-id-meta":"","stick-header-meta":"","header-above-stick-meta":"","header-main-stick-meta":"","header-below-stick-meta":"","astra-migrate-meta-layouts":"set","ast-page-background-enabled":"default","ast-page-background-meta":{"desktop":{"background-color":"var(--ast-global-color-4)","background-image":"","background-repeat":"repeat","background-position":"center center","background-size":"auto","background-attachment":"scroll","background-type":"","background-media":"","overlay-type":"","overlay-color":"","overlay-opacity":"","overlay-gradient":""},"tablet":{"background-color":"","background-image":"","background-repeat":"repeat","background-position":"center center","background-size":"auto","background-attachment":"scroll","background-type":"","background-media":"","overlay-type":"","overlay-color":"","overlay-opacity":"","overlay-gradient":""},"mobile":{"background-color":"","background-image":"","background-repeat":"repeat","background-position":"center center","background-size":"auto","background-attachment":"scroll","background-type":"","background-media":"","overlay-type":"","overlay-color":"","overlay-opacity":"","overlay-gradient":""}},"ast-content-background-meta":{"desktop":{"background-color":"var(--ast-global-color-5)","background-image":"","background-repeat":"repeat","background-position":"center center","background-size":"auto","background-attachment":"scroll","background-type":"","background-media":"","overlay-type":"","overlay-color":"","overlay-opacity":"","overlay-gradient":""},"tablet":{"background-color":"var(--ast-global-color-5)","background-image":"","background-repeat":"repeat","background-position":"center center","background-size":"auto","background-attachment":"scroll","background-type":"","background-media":"","overlay-type":"","overlay-color":"","overlay-opacity":"","overlay-gradient":""},"mobile":{"background-color":"var(--ast-global-color-5)","background-image":"","background-repeat":"repeat","background-position":"center center","background-size":"auto","background-attachment":"scroll","background-type":"","background-media":"","overlay-type":"","overlay-color":"","overlay-opacity":"","overlay-gradient":""}},"footnotes":""},"yoast_head":"<!-- This site is optimized with the Yoast SEO plugin v23.3 - https:\/\/yoast.com\/wordpress\/plugins\/seo\/ -->\n<title>Sobre n\u00f3s - Career Questor<\/title>\n<meta name=\"robots\" content=\"index, follow, max-snippet:-1, max-image-preview:large, max-video-preview:-1\" \/>\n<link rel=\"canonical\" href=\"https:\/\/careerquestor.com\/de\/about\/\" \/>\n<meta property=\"og:locale\" content=\"de_DE\" \/>\n<meta property=\"og:type\" content=\"article\" \/>\n<meta property=\"og:title\" content=\"Sobre n\u00f3s - Career Questor\" \/>\n<meta property=\"og:description\" content=\"Bem vindo ao CareerQuestor.com O CareerQuestor.com \u00e9 o seu destino ideal para explorar novas oportunidades de carreira, se adaptar \u00e0s mudan\u00e7as do mercado de trabalho e alcan\u00e7ar o sucesso profissional. Nossa miss\u00e3o \u00e9 oferecer insights valiosos, perspectivas inovadoras e recursos pr\u00e1ticos para ajudar voc\u00ea a tomar decis\u00f5es seguras e confiantes sobre o seu caminho profissional. [&hellip;]\" \/>\n<meta property=\"og:url\" content=\"https:\/\/careerquestor.com\/de\/about\/\" \/>\n<meta property=\"og:site_name\" content=\"Career Questor\" \/>\n<meta property=\"article:modified_time\" content=\"2026-04-07T16:15:46+00:00\" \/>\n<meta name=\"twitter:card\" content=\"summary_large_image\" \/>\n<meta name=\"twitter:label1\" content=\"Est. reading time\" \/>\n\t<meta name=\"twitter:data1\" content=\"3 Minuten\" \/>\n<script type=\"application\/ld+json\" class=\"yoast-schema-graph\">{\"@context\":\"https:\/\/schema.org\",\"@graph\":[{\"@type\":\"WebPage\",\"@id\":\"https:\/\/careerquestor.com\/about\/\",\"url\":\"https:\/\/careerquestor.com\/about\/\",\"name\":\"Sobre n\u00f3s - Career Questor\",\"isPartOf\":{\"@id\":\"https:\/\/careerquestor.com\/#website\"},\"datePublished\":\"2025-03-04T17:52:25+00:00\",\"dateModified\":\"2026-04-07T16:15:46+00:00\",\"breadcrumb\":{\"@id\":\"https:\/\/careerquestor.com\/about\/#breadcrumb\"},\"inLanguage\":\"de-DE\",\"potentialAction\":[{\"@type\":\"ReadAction\",\"target\":[\"https:\/\/careerquestor.com\/about\/\"]}]},{\"@type\":\"BreadcrumbList\",\"@id\":\"https:\/\/careerquestor.com\/about\/#breadcrumb\",\"itemListElement\":[{\"@type\":\"ListItem\",\"position\":1,\"name\":\"Home\",\"item\":\"https:\/\/careerquestor.com\/\"},{\"@type\":\"ListItem\",\"position\":2,\"name\":\"Sobre n\u00f3s\"}]},{\"@type\":\"WebSite\",\"@id\":\"https:\/\/careerquestor.com\/#website\",\"url\":\"https:\/\/careerquestor.com\/\",\"name\":\"Career Questor\",\"description\":\"\",\"publisher\":{\"@id\":\"https:\/\/careerquestor.com\/#organization\"},\"potentialAction\":[{\"@type\":\"SearchAction\",\"target\":{\"@type\":\"EntryPoint\",\"urlTemplate\":\"https:\/\/careerquestor.com\/?s={search_term_string}\"},\"query-input\":\"required name=search_term_string\"}],\"inLanguage\":\"de-DE\"},{\"@type\":\"Organization\",\"@id\":\"https:\/\/careerquestor.com\/#organization\",\"name\":\"Career Questor\",\"url\":\"https:\/\/careerquestor.com\/\",\"logo\":{\"@type\":\"ImageObject\",\"inLanguage\":\"de-DE\",\"@id\":\"https:\/\/careerquestor.com\/#\/schema\/logo\/image\/\",\"url\":\"https:\/\/careerquestor.com\/wp-content\/uploads\/sites\/223\/2025\/07\/cropped-Cosa-rende-la-Cessione-del-Quinto-unica-1.jpg\",\"contentUrl\":\"https:\/\/careerquestor.com\/wp-content\/uploads\/sites\/223\/2025\/07\/cropped-Cosa-rende-la-Cessione-del-Quinto-unica-1.jpg\",\"width\":404,\"height\":480,\"caption\":\"Career Questor\"},\"image\":{\"@id\":\"https:\/\/careerquestor.com\/#\/schema\/logo\/image\/\"}}]}<\/script>\n<!-- \/ Yoast SEO plugin. -->","yoast_head_json":{"title":"Sobre n\u00f3s - Career Questor","robots":{"index":"index","follow":"follow","max-snippet":"max-snippet:-1","max-image-preview":"max-image-preview:large","max-video-preview":"max-video-preview:-1"},"canonical":"https:\/\/careerquestor.com\/de\/about\/","og_locale":"de_DE","og_type":"article","og_title":"Sobre n\u00f3s - Career Questor","og_description":"Bem vindo ao CareerQuestor.com O CareerQuestor.com \u00e9 o seu destino ideal para explorar novas oportunidades de carreira, se adaptar \u00e0s mudan\u00e7as do mercado de trabalho e alcan\u00e7ar o sucesso profissional. Nossa miss\u00e3o \u00e9 oferecer insights valiosos, perspectivas inovadoras e recursos pr\u00e1ticos para ajudar voc\u00ea a tomar decis\u00f5es seguras e confiantes sobre o seu caminho profissional. [&hellip;]","og_url":"https:\/\/careerquestor.com\/de\/about\/","og_site_name":"Career Questor","article_modified_time":"2026-04-07T16:15:46+00:00","twitter_card":"summary_large_image","twitter_misc":{"Est. reading time":"3 Minuten"},"schema":{"@context":"https:\/\/schema.org","@graph":[{"@type":"WebPage","@id":"https:\/\/careerquestor.com\/about\/","url":"https:\/\/careerquestor.com\/about\/","name":"Sobre n\u00f3s - Career Questor","isPartOf":{"@id":"https:\/\/careerquestor.com\/#website"},"datePublished":"2025-03-04T17:52:25+00:00","dateModified":"2026-04-07T16:15:46+00:00","breadcrumb":{"@id":"https:\/\/careerquestor.com\/about\/#breadcrumb"},"inLanguage":"de-DE","potentialAction":[{"@type":"ReadAction","target":["https:\/\/careerquestor.com\/about\/"]}]},{"@type":"BreadcrumbList","@id":"https:\/\/careerquestor.com\/about\/#breadcrumb","itemListElement":[{"@type":"ListItem","position":1,"name":"Home","item":"https:\/\/careerquestor.com\/"},{"@type":"ListItem","position":2,"name":"Sobre n\u00f3s"}]},{"@type":"WebSite","@id":"https:\/\/careerquestor.com\/#website","url":"https:\/\/careerquestor.com\/","name":"Career Questor","description":"","publisher":{"@id":"https:\/\/careerquestor.com\/#organization"},"potentialAction":[{"@type":"SearchAction","target":{"@type":"EntryPoint","urlTemplate":"https:\/\/careerquestor.com\/?s={search_term_string}"},"query-input":"required name=search_term_string"}],"inLanguage":"de-DE"},{"@type":"Organization","@id":"https:\/\/careerquestor.com\/#organization","name":"Career Questor","url":"https:\/\/careerquestor.com\/","logo":{"@type":"ImageObject","inLanguage":"de-DE","@id":"https:\/\/careerquestor.com\/#\/schema\/logo\/image\/","url":"https:\/\/careerquestor.com\/wp-content\/uploads\/sites\/223\/2025\/07\/cropped-Cosa-rende-la-Cessione-del-Quinto-unica-1.jpg","contentUrl":"https:\/\/careerquestor.com\/wp-content\/uploads\/sites\/223\/2025\/07\/cropped-Cosa-rende-la-Cessione-del-Quinto-unica-1.jpg","width":404,"height":480,"caption":"Career Questor"},"image":{"@id":"https:\/\/careerquestor.com\/#\/schema\/logo\/image\/"}}]}},"uagb_featured_image_src":{"full":false,"thumbnail":false,"medium":false,"medium_large":false,"large":false,"1536x1536":false,"2048x2048":false,"trp-custom-language-flag":false},"uagb_author_info":{"display_name":"pontesingrid25","author_link":"https:\/\/careerquestor.com\/de\/author\/pontesingrid25\/"},"uagb_comment_info":0,"uagb_excerpt":"Bem vindo ao CareerQuestor.com O CareerQuestor.com \u00e9 o seu destino ideal para explorar novas oportunidades de carreira, se adaptar \u00e0s mudan\u00e7as do mercado de trabalho e alcan\u00e7ar o sucesso profissional. Nossa miss\u00e3o \u00e9 oferecer insights valiosos, perspectivas inovadoras e recursos pr\u00e1ticos para ajudar voc\u00ea a tomar decis\u00f5es seguras e confiantes sobre o seu caminho profissional.&hellip;","_links":{"self":[{"href":"https:\/\/careerquestor.com\/de\/wp-json\/wp\/v2\/pages\/79"}],"collection":[{"href":"https:\/\/careerquestor.com\/de\/wp-json\/wp\/v2\/pages"}],"about":[{"href":"https:\/\/careerquestor.com\/de\/wp-json\/wp\/v2\/types\/page"}],"author":[{"embeddable":true,"href":"https:\/\/careerquestor.com\/de\/wp-json\/wp\/v2\/users\/40"}],"replies":[{"embeddable":true,"href":"https:\/\/careerquestor.com\/de\/wp-json\/wp\/v2\/comments?post=79"}],"version-history":[{"count":6,"href":"https:\/\/careerquestor.com\/de\/wp-json\/wp\/v2\/pages\/79\/revisions"}],"predecessor-version":[{"id":2157,"href":"https:\/\/careerquestor.com\/de\/wp-json\/wp\/v2\/pages\/79\/revisions\/2157"}],"wp:attachment":[{"href":"https:\/\/careerquestor.com\/de\/wp-json\/wp\/v2\/media?parent=79"}],"curies":[{"name":"wp","href":"https:\/\/api.w.org\/{rel}","templated":true}]}}