{"id":79,"date":"2025-03-04T17:52:25","date_gmt":"2025-03-04T17:52:25","guid":{"rendered":"https:\/\/careerquestor.com\/?page_id=79"},"modified":"2026-04-07T16:15:46","modified_gmt":"2026-04-07T16:15:46","slug":"about","status":"publish","type":"page","link":"https:\/\/careerquestor.com\/es\/about\/","title":{"rendered":"Sobre nosotros"},"content":{"rendered":"<h2 class=\"wp-block-heading\">Bienvenido a CareerQuestor.com<\/h2>\n\n\n\n<p>CareerQuestor.com es tu destino ideal para explorar nuevas oportunidades profesionales, adaptarte a los cambios en el mercado laboral y alcanzar el \u00e9xito profesional.<\/p>\n\n\n\n<p>Nuestra misi\u00f3n es ofrecer informaci\u00f3n valiosa, perspectivas innovadoras y recursos pr\u00e1cticos para ayudarle a tomar decisiones seguras y confiables sobre su trayectoria profesional.<\/p>\n\n\n\n<p>Ya sea que sea un profesional experimentado que busca una nueva direcci\u00f3n o alguien que reci\u00e9n comienza su viaje, estamos aqu\u00ed para guiarlo hacia sus objetivos.<\/p>\n\n\n\n<h3 class=\"wp-block-heading\">Lo que ofrecemos<\/h3>\n\n\n\n<p><strong>Tendencias del mercado laboral<\/strong><\/p>\n\n\n\n<ul>\n<li><strong>Nomadismo digital<\/strong> Aprenda a trabajar desde cualquier parte del mundo, aprovechando al m\u00e1ximo la libertad y flexibilidad de esta tendencia en crecimiento.<\/li>\n\n\n\n<li><strong>Trabajo remoto<\/strong> Descubre c\u00f3mo sobresalir trabajando desde casa, manteniendo la productividad y el equilibrio entre tu vida personal y profesional.<\/li>\n\n\n\n<li><strong>Carreras con alta demanda<\/strong> Mant\u00e9ngase informado sobre las \u00e1reas m\u00e1s solicitadas, con consejos sobre vacantes laborales y oportunidades de crecimiento.<\/li>\n<\/ul>\n\n\n\n<p><strong>Desarrollo profesional<\/strong><\/p>\n\n\n\n<ul>\n<li><strong>Redes estrat\u00e9gicas<\/strong> Aprenda a construir conexiones globales para impulsar su carrera y abrir nuevas oportunidades.<\/li>\n\n\n\n<li><strong>Aprendizaje continuo<\/strong> Comprenda c\u00f3mo el aprendizaje permanente puede ser la clave para el crecimiento profesional y el mantenimiento de la relevancia en el mercado.<\/li>\n\n\n\n<li><strong>Marca personal<\/strong> Posicionate estrat\u00e9gicamente para atraer las mejores oportunidades profesionales.<\/li>\n<\/ul>\n\n\n\n<p><strong>Consejos y recursos pr\u00e1cticos<\/strong><\/p>\n\n\n\n<ul>\n<li><strong>Gu\u00eda de carrera<\/strong> Accede a art\u00edculos y tutoriales para planificar tu trayectoria profesional de forma estructurada y eficiente.<\/li>\n\n\n\n<li><strong>Herramientas profesionales<\/strong> Descubre los mejores recursos y plataformas para mejorar tu rendimiento y habilidades.<\/li>\n\n\n\n<li><strong>Historias de \u00e9xito<\/strong> \u2013 Insp\u00edrate en profesionales que han logrado sus sue\u00f1os y descubre c\u00f3mo t\u00fa tambi\u00e9n puedes transformar tu carrera.<\/li>\n<\/ul>\n\n\n\n<p><strong>Entretenimiento <\/strong><\/p>\n\n\n\n<ul>\n<li><strong> Juegos digitales:<\/strong> Tambi\u00e9n cubrimos contenido relacionado con el entretenimiento, incluyendo plataformas populares como Roblox. Encontrar\u00e1s gu\u00edas, consejos y explicaciones sobre c\u00f3mo disfrutar al m\u00e1ximo de los juegos, los recursos disponibles, la econom\u00eda virtual y las tendencias del mundo de los videojuegos, siempre con un enfoque informativo y responsable.<\/li>\n<\/ul>\n\n\n\n<h3 class=\"wp-block-heading\">\u00bfPor qu\u00e9 elegir CareerQuestor.com?<\/h3>\n\n\n\n<p>Creemos que cada profesional es \u00fanico. Por eso ofrecemos contenido dise\u00f1ado para satisfacer diferentes necesidades y perfiles profesionales.<\/p>\n\n\n\n<p>Nuestro compromiso es brindar informaci\u00f3n de alta calidad, basada en investigaciones y aprendizajes del mundo real, para que usted pueda tomar decisiones bien informadas y seguras.<\/p>\n\n\n\n<p>A diferencia de otras plataformas, nuestro enfoque est\u00e1 en brindar soporte integral: desde conocimientos estrat\u00e9gicos hasta consejos pr\u00e1cticos que realmente marcan la diferencia en su vida profesional diaria.<\/p>\n\n\n\n<h3 class=\"wp-block-heading\">\u00bfQu\u00e9 nos diferencia?<\/h3>\n\n\n\n<ul>\n<li><strong>Contenido actualizado<\/strong> Cubrimos las \u00faltimas tendencias del mercado laboral para que siempre est\u00e9s a la vanguardia.<\/li>\n\n\n\n<li><strong>Centrarse en la transformaci\u00f3n profesional<\/strong> Nuestros materiales est\u00e1n dise\u00f1ados para ayudarle a evolucionar y adaptarse continuamente a los cambios en la industria.<\/li>\n\n\n\n<li><strong>Comunidad comprometida<\/strong> \u2013 \u00danase a una red de profesionales de diversos campos para intercambiar experiencias y construir conexiones valiosas.<\/li>\n<\/ul>\n\n\n\n<h3 class=\"wp-block-heading\">\u00a1Comencemos!<\/h3>\n\n\n\n<p>Si desea avanzar en su carrera, explorar nuevas oportunidades y prepararse para el futuro del trabajo, CareerQuestor.com es el lugar adecuado para usted.<\/p>\n\n\n\n<p>Explore nuestros art\u00edculos, \u00fanase a la comunidad y comience a construir su futuro profesional hoy.<\/p>\n\n\n\n<p>Ponte en contacto con nosotros, consulta nuestra Pol\u00edtica de privacidad para obtener m\u00e1s detalles o consulta nuestros \u00daltimos art\u00edculos para dar el primer paso en tu viaje ahora.<\/p>","protected":false},"excerpt":{"rendered":"<p>Bem vindo ao CareerQuestor.com O CareerQuestor.com \u00e9 o seu destino ideal para explorar novas oportunidades de carreira, se adaptar \u00e0s mudan\u00e7as do mercado de trabalho e alcan\u00e7ar o sucesso profissional. Nossa miss\u00e3o \u00e9 oferecer insights valiosos, perspectivas inovadoras e recursos pr\u00e1ticos para ajudar voc\u00ea a tomar decis\u00f5es seguras e confiantes sobre o seu caminho profissional. [&hellip;]<\/p>","protected":false},"author":40,"featured_media":0,"parent":0,"menu_order":0,"comment_status":"closed","ping_status":"closed","template":"","meta":{"_uag_custom_page_level_css":"","site-sidebar-layout":"default","site-content-layout":"","ast-site-content-layout":"default","site-content-style":"default","site-sidebar-style":"default","ast-global-header-display":"","ast-banner-title-visibility":"","ast-main-header-display":"","ast-hfb-above-header-display":"","ast-hfb-below-header-display":"","ast-hfb-mobile-header-display":"","site-post-title":"","ast-breadcrumbs-content":"","ast-featured-img":"","footer-sml-layout":"","theme-transparent-header-meta":"","adv-header-id-meta":"","stick-header-meta":"","header-above-stick-meta":"","header-main-stick-meta":"","header-below-stick-meta":"","astra-migrate-meta-layouts":"set","ast-page-background-enabled":"default","ast-page-background-meta":{"desktop":{"background-color":"var(--ast-global-color-4)","background-image":"","background-repeat":"repeat","background-position":"center center","background-size":"auto","background-attachment":"scroll","background-type":"","background-media":"","overlay-type":"","overlay-color":"","overlay-opacity":"","overlay-gradient":""},"tablet":{"background-color":"","background-image":"","background-repeat":"repeat","background-position":"center center","background-size":"auto","background-attachment":"scroll","background-type":"","background-media":"","overlay-type":"","overlay-color":"","overlay-opacity":"","overlay-gradient":""},"mobile":{"background-color":"","background-image":"","background-repeat":"repeat","background-position":"center center","background-size":"auto","background-attachment":"scroll","background-type":"","background-media":"","overlay-type":"","overlay-color":"","overlay-opacity":"","overlay-gradient":""}},"ast-content-background-meta":{"desktop":{"background-color":"var(--ast-global-color-5)","background-image":"","background-repeat":"repeat","background-position":"center center","background-size":"auto","background-attachment":"scroll","background-type":"","background-media":"","overlay-type":"","overlay-color":"","overlay-opacity":"","overlay-gradient":""},"tablet":{"background-color":"var(--ast-global-color-5)","background-image":"","background-repeat":"repeat","background-position":"center center","background-size":"auto","background-attachment":"scroll","background-type":"","background-media":"","overlay-type":"","overlay-color":"","overlay-opacity":"","overlay-gradient":""},"mobile":{"background-color":"var(--ast-global-color-5)","background-image":"","background-repeat":"repeat","background-position":"center center","background-size":"auto","background-attachment":"scroll","background-type":"","background-media":"","overlay-type":"","overlay-color":"","overlay-opacity":"","overlay-gradient":""}},"footnotes":""},"yoast_head":"<!-- This site is optimized with the Yoast SEO plugin v23.3 - https:\/\/yoast.com\/wordpress\/plugins\/seo\/ -->\n<title>Sobre n\u00f3s - Career Questor<\/title>\n<meta name=\"robots\" content=\"index, follow, max-snippet:-1, max-image-preview:large, max-video-preview:-1\" \/>\n<link rel=\"canonical\" href=\"https:\/\/careerquestor.com\/es\/about\/\" \/>\n<meta property=\"og:locale\" content=\"es_ES\" \/>\n<meta property=\"og:type\" content=\"article\" \/>\n<meta property=\"og:title\" content=\"Sobre n\u00f3s - Career Questor\" \/>\n<meta property=\"og:description\" content=\"Bem vindo ao CareerQuestor.com O CareerQuestor.com \u00e9 o seu destino ideal para explorar novas oportunidades de carreira, se adaptar \u00e0s mudan\u00e7as do mercado de trabalho e alcan\u00e7ar o sucesso profissional. Nossa miss\u00e3o \u00e9 oferecer insights valiosos, perspectivas inovadoras e recursos pr\u00e1ticos para ajudar voc\u00ea a tomar decis\u00f5es seguras e confiantes sobre o seu caminho profissional. [&hellip;]\" \/>\n<meta property=\"og:url\" content=\"https:\/\/careerquestor.com\/es\/about\/\" \/>\n<meta property=\"og:site_name\" content=\"Career Questor\" \/>\n<meta property=\"article:modified_time\" content=\"2026-04-07T16:15:46+00:00\" \/>\n<meta name=\"twitter:card\" content=\"summary_large_image\" \/>\n<meta name=\"twitter:label1\" content=\"Est. reading time\" \/>\n\t<meta name=\"twitter:data1\" content=\"3 minutos\" \/>\n<script type=\"application\/ld+json\" class=\"yoast-schema-graph\">{\"@context\":\"https:\/\/schema.org\",\"@graph\":[{\"@type\":\"WebPage\",\"@id\":\"https:\/\/careerquestor.com\/about\/\",\"url\":\"https:\/\/careerquestor.com\/about\/\",\"name\":\"Sobre n\u00f3s - Career Questor\",\"isPartOf\":{\"@id\":\"https:\/\/careerquestor.com\/#website\"},\"datePublished\":\"2025-03-04T17:52:25+00:00\",\"dateModified\":\"2026-04-07T16:15:46+00:00\",\"breadcrumb\":{\"@id\":\"https:\/\/careerquestor.com\/about\/#breadcrumb\"},\"inLanguage\":\"es\",\"potentialAction\":[{\"@type\":\"ReadAction\",\"target\":[\"https:\/\/careerquestor.com\/about\/\"]}]},{\"@type\":\"BreadcrumbList\",\"@id\":\"https:\/\/careerquestor.com\/about\/#breadcrumb\",\"itemListElement\":[{\"@type\":\"ListItem\",\"position\":1,\"name\":\"Home\",\"item\":\"https:\/\/careerquestor.com\/\"},{\"@type\":\"ListItem\",\"position\":2,\"name\":\"Sobre n\u00f3s\"}]},{\"@type\":\"WebSite\",\"@id\":\"https:\/\/careerquestor.com\/#website\",\"url\":\"https:\/\/careerquestor.com\/\",\"name\":\"Career Questor\",\"description\":\"\",\"publisher\":{\"@id\":\"https:\/\/careerquestor.com\/#organization\"},\"potentialAction\":[{\"@type\":\"SearchAction\",\"target\":{\"@type\":\"EntryPoint\",\"urlTemplate\":\"https:\/\/careerquestor.com\/?s={search_term_string}\"},\"query-input\":\"required name=search_term_string\"}],\"inLanguage\":\"es\"},{\"@type\":\"Organization\",\"@id\":\"https:\/\/careerquestor.com\/#organization\",\"name\":\"Career Questor\",\"url\":\"https:\/\/careerquestor.com\/\",\"logo\":{\"@type\":\"ImageObject\",\"inLanguage\":\"es\",\"@id\":\"https:\/\/careerquestor.com\/#\/schema\/logo\/image\/\",\"url\":\"https:\/\/careerquestor.com\/wp-content\/uploads\/sites\/223\/2025\/07\/cropped-Cosa-rende-la-Cessione-del-Quinto-unica-1.jpg\",\"contentUrl\":\"https:\/\/careerquestor.com\/wp-content\/uploads\/sites\/223\/2025\/07\/cropped-Cosa-rende-la-Cessione-del-Quinto-unica-1.jpg\",\"width\":404,\"height\":480,\"caption\":\"Career Questor\"},\"image\":{\"@id\":\"https:\/\/careerquestor.com\/#\/schema\/logo\/image\/\"}}]}<\/script>\n<!-- \/ Yoast SEO plugin. -->","yoast_head_json":{"title":"Sobre n\u00f3s - Career Questor","robots":{"index":"index","follow":"follow","max-snippet":"max-snippet:-1","max-image-preview":"max-image-preview:large","max-video-preview":"max-video-preview:-1"},"canonical":"https:\/\/careerquestor.com\/es\/about\/","og_locale":"es_ES","og_type":"article","og_title":"Sobre n\u00f3s - Career Questor","og_description":"Bem vindo ao CareerQuestor.com O CareerQuestor.com \u00e9 o seu destino ideal para explorar novas oportunidades de carreira, se adaptar \u00e0s mudan\u00e7as do mercado de trabalho e alcan\u00e7ar o sucesso profissional. Nossa miss\u00e3o \u00e9 oferecer insights valiosos, perspectivas inovadoras e recursos pr\u00e1ticos para ajudar voc\u00ea a tomar decis\u00f5es seguras e confiantes sobre o seu caminho profissional. [&hellip;]","og_url":"https:\/\/careerquestor.com\/es\/about\/","og_site_name":"Career Questor","article_modified_time":"2026-04-07T16:15:46+00:00","twitter_card":"summary_large_image","twitter_misc":{"Est. reading time":"3 minutos"},"schema":{"@context":"https:\/\/schema.org","@graph":[{"@type":"WebPage","@id":"https:\/\/careerquestor.com\/about\/","url":"https:\/\/careerquestor.com\/about\/","name":"Sobre n\u00f3s - Career Questor","isPartOf":{"@id":"https:\/\/careerquestor.com\/#website"},"datePublished":"2025-03-04T17:52:25+00:00","dateModified":"2026-04-07T16:15:46+00:00","breadcrumb":{"@id":"https:\/\/careerquestor.com\/about\/#breadcrumb"},"inLanguage":"es","potentialAction":[{"@type":"ReadAction","target":["https:\/\/careerquestor.com\/about\/"]}]},{"@type":"BreadcrumbList","@id":"https:\/\/careerquestor.com\/about\/#breadcrumb","itemListElement":[{"@type":"ListItem","position":1,"name":"Home","item":"https:\/\/careerquestor.com\/"},{"@type":"ListItem","position":2,"name":"Sobre n\u00f3s"}]},{"@type":"WebSite","@id":"https:\/\/careerquestor.com\/#website","url":"https:\/\/careerquestor.com\/","name":"Career Questor","description":"","publisher":{"@id":"https:\/\/careerquestor.com\/#organization"},"potentialAction":[{"@type":"SearchAction","target":{"@type":"EntryPoint","urlTemplate":"https:\/\/careerquestor.com\/?s={search_term_string}"},"query-input":"required name=search_term_string"}],"inLanguage":"es"},{"@type":"Organization","@id":"https:\/\/careerquestor.com\/#organization","name":"Career Questor","url":"https:\/\/careerquestor.com\/","logo":{"@type":"ImageObject","inLanguage":"es","@id":"https:\/\/careerquestor.com\/#\/schema\/logo\/image\/","url":"https:\/\/careerquestor.com\/wp-content\/uploads\/sites\/223\/2025\/07\/cropped-Cosa-rende-la-Cessione-del-Quinto-unica-1.jpg","contentUrl":"https:\/\/careerquestor.com\/wp-content\/uploads\/sites\/223\/2025\/07\/cropped-Cosa-rende-la-Cessione-del-Quinto-unica-1.jpg","width":404,"height":480,"caption":"Career Questor"},"image":{"@id":"https:\/\/careerquestor.com\/#\/schema\/logo\/image\/"}}]}},"uagb_featured_image_src":{"full":false,"thumbnail":false,"medium":false,"medium_large":false,"large":false,"1536x1536":false,"2048x2048":false,"trp-custom-language-flag":false},"uagb_author_info":{"display_name":"pontesingrid25","author_link":"https:\/\/careerquestor.com\/es\/author\/pontesingrid25\/"},"uagb_comment_info":0,"uagb_excerpt":"Bem vindo ao CareerQuestor.com O CareerQuestor.com \u00e9 o seu destino ideal para explorar novas oportunidades de carreira, se adaptar \u00e0s mudan\u00e7as do mercado de trabalho e alcan\u00e7ar o sucesso profissional. Nossa miss\u00e3o \u00e9 oferecer insights valiosos, perspectivas inovadoras e recursos pr\u00e1ticos para ajudar voc\u00ea a tomar decis\u00f5es seguras e confiantes sobre o seu caminho profissional.&hellip;","_links":{"self":[{"href":"https:\/\/careerquestor.com\/es\/wp-json\/wp\/v2\/pages\/79"}],"collection":[{"href":"https:\/\/careerquestor.com\/es\/wp-json\/wp\/v2\/pages"}],"about":[{"href":"https:\/\/careerquestor.com\/es\/wp-json\/wp\/v2\/types\/page"}],"author":[{"embeddable":true,"href":"https:\/\/careerquestor.com\/es\/wp-json\/wp\/v2\/users\/40"}],"replies":[{"embeddable":true,"href":"https:\/\/careerquestor.com\/es\/wp-json\/wp\/v2\/comments?post=79"}],"version-history":[{"count":6,"href":"https:\/\/careerquestor.com\/es\/wp-json\/wp\/v2\/pages\/79\/revisions"}],"predecessor-version":[{"id":2157,"href":"https:\/\/careerquestor.com\/es\/wp-json\/wp\/v2\/pages\/79\/revisions\/2157"}],"wp:attachment":[{"href":"https:\/\/careerquestor.com\/es\/wp-json\/wp\/v2\/media?parent=79"}],"curies":[{"name":"wp","href":"https:\/\/api.w.org\/{rel}","templated":true}]}}