{"id":79,"date":"2025-03-04T17:52:25","date_gmt":"2025-03-04T17:52:25","guid":{"rendered":"https:\/\/careerquestor.com\/?page_id=79"},"modified":"2026-04-07T16:15:46","modified_gmt":"2026-04-07T16:15:46","slug":"about","status":"publish","type":"page","link":"https:\/\/careerquestor.com\/et\/about\/","title":{"rendered":"Meist"},"content":{"rendered":"<h2 class=\"wp-block-heading\">Tere tulemast CareerQuestor.com-i<\/h2>\n\n\n\n<p>CareerQuestor.com on teie ideaalne sihtkoht uute karj\u00e4\u00e4riv\u00f5imaluste uurimiseks, t\u00f6\u00f6turul toimuvate muutustega kohanemiseks ja professionaalse edu saavutamiseks.<\/p>\n\n\n\n<p>Meie missioon on pakkuda v\u00e4\u00e4rtuslikke teadmisi, uuenduslikke vaatenurki ja praktilisi ressursse, mis aitavad teil teha oma karj\u00e4\u00e4ritee osas turvalisi ja enesekindlaid otsuseid.<\/p>\n\n\n\n<p>Olenemata sellest, kas oled kogenud professionaal, kes otsib uut suunda, v\u00f5i keegi, kes alles alustab oma teekonda, oleme siin, et sind oma eesm\u00e4rkide poole juhatada.<\/p>\n\n\n\n<h3 class=\"wp-block-heading\">Mida me pakume<\/h3>\n\n\n\n<p><strong>T\u00f6\u00f6turu trendid<\/strong><\/p>\n\n\n\n<ul>\n<li><strong>Digitaalne nomaadlus<\/strong> \u00d5pi, kuidas t\u00f6\u00f6tada k\u00f5ikjal maailmas, kasutades maksimaalselt \u00e4ra selle kasvava trendi vabadust ja paindlikkust.<\/li>\n\n\n\n<li><strong>Kaugt\u00f6\u00f6<\/strong> Avasta, kuidas kodust t\u00f6\u00f6tades silma paista, s\u00e4ilitades produktiivsuse ning tasakaalu isikliku ja t\u00f6\u00f6elu vahel.<\/li>\n\n\n\n<li><strong>N\u00f5utud karj\u00e4\u00e4rid<\/strong> P\u00fcsige kursis k\u00f5ige ihaldatumate valdkondadega, saades n\u00e4pun\u00e4iteid vabade t\u00f6\u00f6kohtade ja arenguv\u00f5imaluste kohta.<\/li>\n<\/ul>\n\n\n\n<p><strong>Professionaalne areng<\/strong><\/p>\n\n\n\n<ul>\n<li><strong>Strateegiline v\u00f5rgustik<\/strong> \u00d5pi, kuidas luua globaalseid sidemeid, et edendada oma karj\u00e4\u00e4ri ja avada uusi v\u00f5imalusi.<\/li>\n\n\n\n<li><strong>Pidev \u00f5ppimine<\/strong> M\u00f5ista, kuidas elukestev \u00f5pe v\u00f5ib olla karj\u00e4\u00e4rikasvu ja turul olulisuse s\u00e4ilitamise v\u00f5ti.<\/li>\n\n\n\n<li><strong>Isiklik br\u00e4nding<\/strong> Positsioneeri end strateegiliselt, et meelitada ligi parimaid professionaalseid v\u00f5imalusi.<\/li>\n<\/ul>\n\n\n\n<p><strong>Praktilised n\u00e4pun\u00e4ited ja ressursid<\/strong><\/p>\n\n\n\n<ul>\n<li><strong>Karj\u00e4\u00e4rijuhend<\/strong> Juurdep\u00e4\u00e4s artiklitele ja \u00f5petustele, et planeerida oma karj\u00e4\u00e4riteed struktureeritud ja t\u00f5husal viisil.<\/li>\n\n\n\n<li><strong>Professionaalsed t\u00f6\u00f6riistad<\/strong> Avasta parimad ressursid ja platvormid oma soorituse ja oskuste parandamiseks.<\/li>\n\n\n\n<li><strong>Edulood<\/strong> \u2013 Saage inspiratsiooni professionaalidelt, kes on oma unistused saavutanud, ja vaadake, kuidas ka teie saate oma karj\u00e4\u00e4ri muuta.<\/li>\n<\/ul>\n\n\n\n<p><strong>Meelelahutus <\/strong><\/p>\n\n\n\n<ul>\n<li><strong> Digitaalsed m\u00e4ngud:<\/strong> Samuti k\u00e4sitleme meelelahutusega seotud sisu, sealhulgas populaarseid platvorme nagu Roblox. Leiate juhendeid, n\u00e4pun\u00e4iteid ja selgitusi m\u00e4ngude parima nautimise, saadaolevate ressursside, virtuaalse majanduse ja m\u00e4ngumaailma trendide kohta, alati informatiivse ja vastutustundliku l\u00e4henemisviisiga.<\/li>\n<\/ul>\n\n\n\n<h3 class=\"wp-block-heading\">Miks valida CareerQuestor.com?<\/h3>\n\n\n\n<p>Usume, et iga spetsialist on ainulaadne. Seet\u00f5ttu pakume sisu, mis on loodud vastama erinevatele vajadustele ja karj\u00e4\u00e4riprofiilidele.<\/p>\n\n\n\n<p>Meie eesm\u00e4rk on pakkuda kvaliteetset teavet, mis p\u00f5hineb uuringutel ja reaalsetel kogemustel, et saaksite teha teadlikke ja enesekindlaid otsuseid.<\/p>\n\n\n\n<p>Erinevalt teistest platvormidest keskendume igak\u00fclgse toe pakkumisele \u2013 strateegilistest teadmistest kuni praktiliste n\u00e4pun\u00e4ideteni, mis teie igap\u00e4evast t\u00f6\u00f6elu t\u00f5eliselt muudavad.<\/p>\n\n\n\n<h3 class=\"wp-block-heading\">Mis meid eristab?<\/h3>\n\n\n\n<ul>\n<li><strong>V\u00e4rskendatud sisu<\/strong> Kajastame uusimaid t\u00f6\u00f6turu trende, et oleksite alati teistest ees.<\/li>\n\n\n\n<li><strong>Keskenduge karj\u00e4\u00e4rimuutustele<\/strong> Meie materjalid on loodud selleks, et aidata teil areneda ja pidevalt kohaneda valdkonna muutustega.<\/li>\n\n\n\n<li><strong>Kaasatud kogukond<\/strong> \u2013 Liitu erinevate valdkondade spetsialistide v\u00f5rgustikuga, et vahetada kogemusi ja luua v\u00e4\u00e4rtuslikke sidemeid.<\/li>\n<\/ul>\n\n\n\n<h3 class=\"wp-block-heading\">Alustame!<\/h3>\n\n\n\n<p>Kui soovid oma karj\u00e4\u00e4ri edendada, uurida uusi v\u00f5imalusi ja valmistuda t\u00f6\u00f6 tulevikuks, on CareerQuestor.com sinu jaoks \u00f5ige koht.<\/p>\n\n\n\n<p>Sirvi meie artikleid, liitu kogukonnaga ja alusta oma professionaalse tuleviku ehitamist juba t\u00e4na.<\/p>\n\n\n\n<p>V\u00f5tke meiega \u00fchendust, vaadake lisateabe saamiseks meie privaatsuspoliitikat v\u00f5i vaadake meie uusimaid artikleid, et teha oma teekonnal esimene samm juba t\u00e4na.<\/p>","protected":false},"excerpt":{"rendered":"<p>Bem vindo ao CareerQuestor.com O CareerQuestor.com \u00e9 o seu destino ideal para explorar novas oportunidades de carreira, se adaptar \u00e0s mudan\u00e7as do mercado de trabalho e alcan\u00e7ar o sucesso profissional. Nossa miss\u00e3o \u00e9 oferecer insights valiosos, perspectivas inovadoras e recursos pr\u00e1ticos para ajudar voc\u00ea a tomar decis\u00f5es seguras e confiantes sobre o seu caminho profissional. [&hellip;]<\/p>","protected":false},"author":40,"featured_media":0,"parent":0,"menu_order":0,"comment_status":"closed","ping_status":"closed","template":"","meta":{"_uag_custom_page_level_css":"","site-sidebar-layout":"default","site-content-layout":"","ast-site-content-layout":"default","site-content-style":"default","site-sidebar-style":"default","ast-global-header-display":"","ast-banner-title-visibility":"","ast-main-header-display":"","ast-hfb-above-header-display":"","ast-hfb-below-header-display":"","ast-hfb-mobile-header-display":"","site-post-title":"","ast-breadcrumbs-content":"","ast-featured-img":"","footer-sml-layout":"","theme-transparent-header-meta":"","adv-header-id-meta":"","stick-header-meta":"","header-above-stick-meta":"","header-main-stick-meta":"","header-below-stick-meta":"","astra-migrate-meta-layouts":"set","ast-page-background-enabled":"default","ast-page-background-meta":{"desktop":{"background-color":"var(--ast-global-color-4)","background-image":"","background-repeat":"repeat","background-position":"center center","background-size":"auto","background-attachment":"scroll","background-type":"","background-media":"","overlay-type":"","overlay-color":"","overlay-opacity":"","overlay-gradient":""},"tablet":{"background-color":"","background-image":"","background-repeat":"repeat","background-position":"center center","background-size":"auto","background-attachment":"scroll","background-type":"","background-media":"","overlay-type":"","overlay-color":"","overlay-opacity":"","overlay-gradient":""},"mobile":{"background-color":"","background-image":"","background-repeat":"repeat","background-position":"center center","background-size":"auto","background-attachment":"scroll","background-type":"","background-media":"","overlay-type":"","overlay-color":"","overlay-opacity":"","overlay-gradient":""}},"ast-content-background-meta":{"desktop":{"background-color":"var(--ast-global-color-5)","background-image":"","background-repeat":"repeat","background-position":"center center","background-size":"auto","background-attachment":"scroll","background-type":"","background-media":"","overlay-type":"","overlay-color":"","overlay-opacity":"","overlay-gradient":""},"tablet":{"background-color":"var(--ast-global-color-5)","background-image":"","background-repeat":"repeat","background-position":"center center","background-size":"auto","background-attachment":"scroll","background-type":"","background-media":"","overlay-type":"","overlay-color":"","overlay-opacity":"","overlay-gradient":""},"mobile":{"background-color":"var(--ast-global-color-5)","background-image":"","background-repeat":"repeat","background-position":"center center","background-size":"auto","background-attachment":"scroll","background-type":"","background-media":"","overlay-type":"","overlay-color":"","overlay-opacity":"","overlay-gradient":""}},"footnotes":""},"yoast_head":"<!-- This site is optimized with the Yoast SEO plugin v23.3 - https:\/\/yoast.com\/wordpress\/plugins\/seo\/ -->\n<title>Sobre n\u00f3s - Career Questor<\/title>\n<meta name=\"robots\" content=\"index, follow, max-snippet:-1, max-image-preview:large, max-video-preview:-1\" \/>\n<link rel=\"canonical\" href=\"https:\/\/careerquestor.com\/et\/about\/\" \/>\n<meta property=\"og:locale\" content=\"et_EE\" \/>\n<meta property=\"og:type\" content=\"article\" \/>\n<meta property=\"og:title\" content=\"Sobre n\u00f3s - Career Questor\" \/>\n<meta property=\"og:description\" content=\"Bem vindo ao CareerQuestor.com O CareerQuestor.com \u00e9 o seu destino ideal para explorar novas oportunidades de carreira, se adaptar \u00e0s mudan\u00e7as do mercado de trabalho e alcan\u00e7ar o sucesso profissional. Nossa miss\u00e3o \u00e9 oferecer insights valiosos, perspectivas inovadoras e recursos pr\u00e1ticos para ajudar voc\u00ea a tomar decis\u00f5es seguras e confiantes sobre o seu caminho profissional. [&hellip;]\" \/>\n<meta property=\"og:url\" content=\"https:\/\/careerquestor.com\/et\/about\/\" \/>\n<meta property=\"og:site_name\" content=\"Career Questor\" \/>\n<meta property=\"article:modified_time\" content=\"2026-04-07T16:15:46+00:00\" \/>\n<meta name=\"twitter:card\" content=\"summary_large_image\" \/>\n<meta name=\"twitter:label1\" content=\"Est. reading time\" \/>\n\t<meta name=\"twitter:data1\" content=\"3 minutit\" \/>\n<script type=\"application\/ld+json\" class=\"yoast-schema-graph\">{\"@context\":\"https:\/\/schema.org\",\"@graph\":[{\"@type\":\"WebPage\",\"@id\":\"https:\/\/careerquestor.com\/about\/\",\"url\":\"https:\/\/careerquestor.com\/about\/\",\"name\":\"Sobre n\u00f3s - Career Questor\",\"isPartOf\":{\"@id\":\"https:\/\/careerquestor.com\/#website\"},\"datePublished\":\"2025-03-04T17:52:25+00:00\",\"dateModified\":\"2026-04-07T16:15:46+00:00\",\"breadcrumb\":{\"@id\":\"https:\/\/careerquestor.com\/about\/#breadcrumb\"},\"inLanguage\":\"et\",\"potentialAction\":[{\"@type\":\"ReadAction\",\"target\":[\"https:\/\/careerquestor.com\/about\/\"]}]},{\"@type\":\"BreadcrumbList\",\"@id\":\"https:\/\/careerquestor.com\/about\/#breadcrumb\",\"itemListElement\":[{\"@type\":\"ListItem\",\"position\":1,\"name\":\"Home\",\"item\":\"https:\/\/careerquestor.com\/\"},{\"@type\":\"ListItem\",\"position\":2,\"name\":\"Sobre n\u00f3s\"}]},{\"@type\":\"WebSite\",\"@id\":\"https:\/\/careerquestor.com\/#website\",\"url\":\"https:\/\/careerquestor.com\/\",\"name\":\"Career Questor\",\"description\":\"\",\"publisher\":{\"@id\":\"https:\/\/careerquestor.com\/#organization\"},\"potentialAction\":[{\"@type\":\"SearchAction\",\"target\":{\"@type\":\"EntryPoint\",\"urlTemplate\":\"https:\/\/careerquestor.com\/?s={search_term_string}\"},\"query-input\":\"required name=search_term_string\"}],\"inLanguage\":\"et\"},{\"@type\":\"Organization\",\"@id\":\"https:\/\/careerquestor.com\/#organization\",\"name\":\"Career Questor\",\"url\":\"https:\/\/careerquestor.com\/\",\"logo\":{\"@type\":\"ImageObject\",\"inLanguage\":\"et\",\"@id\":\"https:\/\/careerquestor.com\/#\/schema\/logo\/image\/\",\"url\":\"https:\/\/careerquestor.com\/wp-content\/uploads\/sites\/223\/2025\/07\/cropped-Cosa-rende-la-Cessione-del-Quinto-unica-1.jpg\",\"contentUrl\":\"https:\/\/careerquestor.com\/wp-content\/uploads\/sites\/223\/2025\/07\/cropped-Cosa-rende-la-Cessione-del-Quinto-unica-1.jpg\",\"width\":404,\"height\":480,\"caption\":\"Career Questor\"},\"image\":{\"@id\":\"https:\/\/careerquestor.com\/#\/schema\/logo\/image\/\"}}]}<\/script>\n<!-- \/ Yoast SEO plugin. -->","yoast_head_json":{"title":"Sobre n\u00f3s - Career Questor","robots":{"index":"index","follow":"follow","max-snippet":"max-snippet:-1","max-image-preview":"max-image-preview:large","max-video-preview":"max-video-preview:-1"},"canonical":"https:\/\/careerquestor.com\/et\/about\/","og_locale":"et_EE","og_type":"article","og_title":"Sobre n\u00f3s - Career Questor","og_description":"Bem vindo ao CareerQuestor.com O CareerQuestor.com \u00e9 o seu destino ideal para explorar novas oportunidades de carreira, se adaptar \u00e0s mudan\u00e7as do mercado de trabalho e alcan\u00e7ar o sucesso profissional. Nossa miss\u00e3o \u00e9 oferecer insights valiosos, perspectivas inovadoras e recursos pr\u00e1ticos para ajudar voc\u00ea a tomar decis\u00f5es seguras e confiantes sobre o seu caminho profissional. [&hellip;]","og_url":"https:\/\/careerquestor.com\/et\/about\/","og_site_name":"Career Questor","article_modified_time":"2026-04-07T16:15:46+00:00","twitter_card":"summary_large_image","twitter_misc":{"Est. reading time":"3 minutit"},"schema":{"@context":"https:\/\/schema.org","@graph":[{"@type":"WebPage","@id":"https:\/\/careerquestor.com\/about\/","url":"https:\/\/careerquestor.com\/about\/","name":"Sobre n\u00f3s - Career Questor","isPartOf":{"@id":"https:\/\/careerquestor.com\/#website"},"datePublished":"2025-03-04T17:52:25+00:00","dateModified":"2026-04-07T16:15:46+00:00","breadcrumb":{"@id":"https:\/\/careerquestor.com\/about\/#breadcrumb"},"inLanguage":"et","potentialAction":[{"@type":"ReadAction","target":["https:\/\/careerquestor.com\/about\/"]}]},{"@type":"BreadcrumbList","@id":"https:\/\/careerquestor.com\/about\/#breadcrumb","itemListElement":[{"@type":"ListItem","position":1,"name":"Home","item":"https:\/\/careerquestor.com\/"},{"@type":"ListItem","position":2,"name":"Sobre n\u00f3s"}]},{"@type":"WebSite","@id":"https:\/\/careerquestor.com\/#website","url":"https:\/\/careerquestor.com\/","name":"Career Questor","description":"","publisher":{"@id":"https:\/\/careerquestor.com\/#organization"},"potentialAction":[{"@type":"SearchAction","target":{"@type":"EntryPoint","urlTemplate":"https:\/\/careerquestor.com\/?s={search_term_string}"},"query-input":"required name=search_term_string"}],"inLanguage":"et"},{"@type":"Organization","@id":"https:\/\/careerquestor.com\/#organization","name":"Career Questor","url":"https:\/\/careerquestor.com\/","logo":{"@type":"ImageObject","inLanguage":"et","@id":"https:\/\/careerquestor.com\/#\/schema\/logo\/image\/","url":"https:\/\/careerquestor.com\/wp-content\/uploads\/sites\/223\/2025\/07\/cropped-Cosa-rende-la-Cessione-del-Quinto-unica-1.jpg","contentUrl":"https:\/\/careerquestor.com\/wp-content\/uploads\/sites\/223\/2025\/07\/cropped-Cosa-rende-la-Cessione-del-Quinto-unica-1.jpg","width":404,"height":480,"caption":"Career Questor"},"image":{"@id":"https:\/\/careerquestor.com\/#\/schema\/logo\/image\/"}}]}},"uagb_featured_image_src":{"full":false,"thumbnail":false,"medium":false,"medium_large":false,"large":false,"1536x1536":false,"2048x2048":false,"trp-custom-language-flag":false},"uagb_author_info":{"display_name":"pontesingrid25","author_link":"https:\/\/careerquestor.com\/et\/author\/pontesingrid25\/"},"uagb_comment_info":0,"uagb_excerpt":"Bem vindo ao CareerQuestor.com O CareerQuestor.com \u00e9 o seu destino ideal para explorar novas oportunidades de carreira, se adaptar \u00e0s mudan\u00e7as do mercado de trabalho e alcan\u00e7ar o sucesso profissional. Nossa miss\u00e3o \u00e9 oferecer insights valiosos, perspectivas inovadoras e recursos pr\u00e1ticos para ajudar voc\u00ea a tomar decis\u00f5es seguras e confiantes sobre o seu caminho profissional.&hellip;","_links":{"self":[{"href":"https:\/\/careerquestor.com\/et\/wp-json\/wp\/v2\/pages\/79"}],"collection":[{"href":"https:\/\/careerquestor.com\/et\/wp-json\/wp\/v2\/pages"}],"about":[{"href":"https:\/\/careerquestor.com\/et\/wp-json\/wp\/v2\/types\/page"}],"author":[{"embeddable":true,"href":"https:\/\/careerquestor.com\/et\/wp-json\/wp\/v2\/users\/40"}],"replies":[{"embeddable":true,"href":"https:\/\/careerquestor.com\/et\/wp-json\/wp\/v2\/comments?post=79"}],"version-history":[{"count":6,"href":"https:\/\/careerquestor.com\/et\/wp-json\/wp\/v2\/pages\/79\/revisions"}],"predecessor-version":[{"id":2157,"href":"https:\/\/careerquestor.com\/et\/wp-json\/wp\/v2\/pages\/79\/revisions\/2157"}],"wp:attachment":[{"href":"https:\/\/careerquestor.com\/et\/wp-json\/wp\/v2\/media?parent=79"}],"curies":[{"name":"wp","href":"https:\/\/api.w.org\/{rel}","templated":true}]}}