{"id":692,"date":"2025-07-15T17:48:17","date_gmt":"2025-07-15T17:48:17","guid":{"rendered":"https:\/\/careerquestor.com\/home-2\/"},"modified":"2025-12-01T21:04:40","modified_gmt":"2025-12-01T21:04:40","slug":"home-2","status":"publish","type":"page","link":"https:\/\/careerquestor.com\/fi\/","title":{"rendered":"Kotiin"},"content":{"rendered":"<div class=\"wp-block-uagb-container uagb-block-a28347b6 alignfull uagb-is-root-container\"><div class=\"uagb-container-inner-blocks-wrap\">\n<div class=\"wp-block-columns are-vertically-aligned-center is-layout-flex wp-container-core-columns-layout-1 wp-block-columns-is-layout-flex\">\n<div class=\"wp-block-column is-vertically-aligned-center is-layout-flow wp-block-column-is-layout-flow\" style=\"flex-basis:87%\">\n<div class=\"wp-block-uagb-info-box uagb-block-6357f7e6 uagb-infobox__content-wrap  uagb-infobox-icon-above-title uagb-infobox-image-valign-top wp-block-uagb-info-box--has-margin\"><div class=\"uagb-infobox-margin-wrapper\"><div class=\"uagb-ifb-content\"><div class=\"uagb-ifb-title-wrap\"><h1 class=\"uagb-ifb-title\"><strong>Nopeuta uraasi ainutlaatuisella p\u00e4\u00e4syll\u00e4 kursseille, ty\u00f6paikkoihin ja ammatilliseen mentorointiin.<\/strong><\/h1><\/div><div class=\"uagb-ifb-button-wrapper wp-block-button\"><a href=\"https:\/\/careerquestor.com\/fi\/category\/career\/\" class=\"uagb-infobox-cta-link wp-block-button__link\" target=\"_self\" rel=\"noopener noreferrer\"><span class=\"uagb-inline-editing\">Tutustu mahdollisuuksiin<\/span><\/a><\/div><\/div><\/div><\/div>\n<\/div>\n<\/div>\n\n\n\n<p><\/p>\n<\/div><\/div>\n\n\n\n<div class=\"wp-block-uagb-container uagb-block-06fffa5e alignfull uagb-is-root-container\"><div class=\"uagb-container-inner-blocks-wrap\">\n<div class=\"wp-block-uagb-advanced-heading uagb-block-e57efb3a\"><h2 class=\"uagb-heading-text\"><strong>Yhdist\u00e4mme sinut mahdollisuuteesi.<\/strong><\/h2><\/div>\n\n\n\n<div class=\"wp-block-uagb-container uagb-layout-grid uagb-block-20f60053 alignfull uagb-is-root-container\"><div class=\"uagb-container-inner-blocks-wrap\">\n<div class=\"wp-block-uagb-info-box uagb-block-c4764eda uagb-infobox__content-wrap  uagb-infobox-icon-above-title uagb-infobox-image-valign-top wp-block-uagb-info-box--has-margin\"><div class=\"uagb-infobox-margin-wrapper\"><div class=\"uagb-ifb-content\"><div class=\"uagb-ifb-title-wrap\"><h4 class=\"uagb-ifb-title\"><strong>Ainutlaatuisia ty\u00f6paikkoja<\/strong><\/h4><\/div><p class=\"uagb-ifb-desc\">Saat k\u00e4ytt\u00f6\u00f6si ty\u00f6mahdollisuussuosituksia ja henkil\u00f6kohtaisia ehdotuksia tavoitteidesi perusteella.<\/p><\/div><\/div><\/div>\n\n\n\n<div class=\"wp-block-uagb-info-box uagb-block-b3afdc8c uagb-infobox__content-wrap  uagb-infobox-icon-above-title uagb-infobox-image-valign-top wp-block-uagb-info-box--has-margin\"><div class=\"uagb-infobox-margin-wrapper\"><div class=\"uagb-ifb-content\"><div class=\"uagb-ifb-title-wrap\"><h4 class=\"uagb-ifb-title\"><strong>Suositellut kurssit<\/strong><\/h4><\/div><p class=\"uagb-ifb-desc\">Henkil\u00f6kohtaisia suosituksia kursseista ja sertifikaateista, jotka viev\u00e4t uraasi haluamaasi suuntaan.<\/p><\/div><\/div><\/div>\n\n\n\n<div class=\"wp-block-uagb-info-box uagb-block-f7c8e088 uagb-infobox__content-wrap  uagb-infobox-icon-above-title uagb-infobox-image-valign-top wp-block-uagb-info-box--has-margin\"><div class=\"uagb-infobox-margin-wrapper\"><div class=\"uagb-ifb-content\"><div class=\"uagb-ifb-title-wrap\"><h4 class=\"uagb-ifb-title\"><strong>Asiantuntijan vinkkej\u00e4<\/strong><\/h4><\/div><p class=\"uagb-ifb-desc\">Opi asiantuntijoilta kiihdytt\u00e4\u00e4ksesi ammatillista kasvuasi ja saavuttaaksesi tavoitteesi.<br><a href=\"https:\/\/websitedemos.net\/professional-services-02\/?customize_changeset_uuid=d8b36c07-94c8-45b3-8f93-173af52981d1&amp;customize_theme=astra&amp;customize_messenger_channel=preview-0#\"><\/a><\/p><\/div><\/div><\/div>\n<\/div><\/div>\n<\/div><\/div>\n\n\n\n<div class=\"wp-block-uagb-container uagb-block-5a9ca893 alignfull uagb-is-root-container\"><div class=\"uagb-container-inner-blocks-wrap\">\n<div class=\"wp-block-uagb-container uagb-block-1e5666b6 alignfull uagb-is-root-container\"><div class=\"uagb-container-inner-blocks-wrap\">\n<div class=\"wp-block-uagb-container uagb-block-143aa814\">\n<div class=\"wp-block-uagb-info-box uagb-block-2f1011f5 uagb-infobox__content-wrap  uagb-infobox-icon-above-title uagb-infobox-image-valign-top wp-block-uagb-info-box--has-margin\"><div class=\"uagb-infobox-margin-wrapper\"><div class=\"uagb-ifb-content\"><div class=\"uagb-ifb-title-wrap\"><h2 class=\"uagb-ifb-title\"><strong>Siltasi menestykseen<\/strong><\/h2><\/div><p class=\"uagb-ifb-desc\">THE <strong>CareerQuestor<\/strong> Se on alusta, joka yhdist\u00e4\u00e4 kunnianhimoiset ammattilaiset markkinoiden parhaisiin mahdollisuuksiin. <br><br>Yhdist\u00e4mme edistyneen teknologian ja inhimillisen asiantuntemuksen tarjotaksemme tarkkoja ty\u00f6paikka- ja kurssiehdotuksia, jotka todella vaikuttavat urapolkusi kulkuun.<br><br>Tietokantaamme kuuluu ainutlaatuisia ty\u00f6paikkasuosituksia ja asiantuntijoiden kuratoimia kursseja parhaista oppilaitoksista, mik\u00e4 varmistaa, ett\u00e4 sinulla on p\u00e4\u00e4sy alan olennaisimpiin resursseihin.<\/p><\/div><\/div><\/div>\n<\/div>\n\n\n\n<div class=\"wp-block-uagb-container uagb-block-ca16f42f\">\n<div class=\"wp-block-uagb-image uagb-block-0d694567 wp-block-uagb-image--layout-default wp-block-uagb-image--effect-static wp-block-uagb-image--align-none\"><figure class=\"wp-block-uagb-image__figure\"><img decoding=\"async\" src=\"https:\/\/careerquestor.com\/wp-content\/uploads\/sites\/223\/2021\/05\/why-choose-us.jpg\" alt=\"\" class=\"uag-image-85\" width=\"600\" height=\"480\" title=\"\" loading=\"lazy\" role=\"img\" \/><\/figure><\/div>\n<\/div>\n<\/div><\/div>\n<\/div><\/div>\n\n\n\n<div class=\"wp-block-uagb-container uagb-block-1b6bd656 alignfull uagb-is-root-container\"><div class=\"uagb-container-inner-blocks-wrap\">\n<h2 class=\"wp-block-heading\" style=\"padding-top:0;padding-right:var(--wp--preset--spacing--50);padding-bottom:0;padding-left:var(--wp--preset--spacing--50)\"><strong>Viimeisimm\u00e4t julkaisut<\/strong><\/h2>\n\n\n\n\t\t\t<div class=\"wp-block-uagb-post-carousel uagb-post-grid  uagb-post__image-position- uagb-post__image-enabled uagb-block-734025ce     uagb-post__arrow-outside uagb-post__items uagb-post__columns-3 is-carousel uagb-post__columns-tablet-2 uagb-post__columns-mobile-1 uagb-post__carousel_equal-height\" data-total=\"10\" style=\"\">\n\n\t\t\t\t\t\t\t\t\t\t\t\t<article class=\"uagb-post__inner-wrap\">\t\t\t\t\t\t\t\t<div class='uagb-post__image'>\n\t\t\t\t\t\t\t\t\t<a href=\"https:\/\/careerquestor.com\/fi\/como-se-destacar-no-trabalho-mesmo-em-cargos-iniciais\/\" target=\"_self\" rel=\"bookmark noopener noreferrer\"><img loading=\"lazy\" decoding=\"async\" width=\"233\" height=\"350\" src=\"https:\/\/careerquestor.com\/wp-content\/uploads\/sites\/223\/2026\/04\/Group-of-firefighters-in-orange-uniforms-during-a-formal-ceremony-at-night-1.jpg\" class=\"attachment-large size-large\" alt=\"Group of firefighters in orange uniforms during a formal ceremony at night.\" srcset=\"https:\/\/careerquestor.com\/wp-content\/uploads\/sites\/223\/2026\/04\/Group-of-firefighters-in-orange-uniforms-during-a-formal-ceremony-at-night-1.jpg 233w, https:\/\/careerquestor.com\/wp-content\/uploads\/sites\/223\/2026\/04\/Group-of-firefighters-in-orange-uniforms-during-a-formal-ceremony-at-night-1-200x300.jpg 200w, https:\/\/careerquestor.com\/wp-content\/uploads\/sites\/223\/2026\/04\/Group-of-firefighters-in-orange-uniforms-during-a-formal-ceremony-at-night-1-8x12.jpg 8w\" sizes=\"(max-width: 233px) 100vw, 233px\" \/>\t\t\t\t\t<\/a>\n\t\t\t\t\t\t\t\t\t<\/div>\n\t\t\t\t\t\t<h3 class=\"uagb-post__title uagb-post__text\">\n\t\t\t\t<a href=\"https:\/\/careerquestor.com\/fi\/como-se-destacar-no-trabalho-mesmo-em-cargos-iniciais\/\" target=\"_self\" rel=\"bookmark noopener noreferrer\">Kuinka erottua joukosta ty\u00f6ss\u00e4, jopa aloitustason teht\u00e4viss\u00e4.<\/a>\n\t\t\t<\/h3>\n\t\t\t\t\t\t<div class='uagb-post__text uagb-post-grid-byline'>\n\t\t\t\t\t\t\t<\/div>\n\t\t\t\t\t\t\t<div class='uagb-post__text uagb-post__excerpt'>\n\t\t\t\t\tOpi kasvamaan urallasi aloitustason teht\u00e4vist\u00e4 l\u00e4htien asennevinkkien, k\u00e4yt\u00e4nn\u00f6n esimerkkien, listojen ja kaavioiden avulla, joiden avulla voit tehd\u00e4 vaikutuksen johtajiin ja luoda konkreettisia mahdollisuuksia.\t\t\t\t<\/div>\n\t\t\t\t\t\t<div class=\"uagb-post__text uagb-post__cta wp-block-button\">\n\t\t\t\t<a class=\"wp-block-button__link uagb-text-link\" style=\"\" href=\"https:\/\/careerquestor.com\/fi\/como-se-destacar-no-trabalho-mesmo-em-cargos-iniciais\/\" target=\"_self\" rel=\"bookmark noopener noreferrer\">tarkistus<\/a>\n\t\t\t<\/div>\n\t\t\t\n\t\t\t\t\t\t\t\t\t<\/article>\n\t\t\t\t\t\t\t\t\t\t\t\t\t\t\t\t<article class=\"uagb-post__inner-wrap\">\t\t\t\t\t\t\t\t<div class='uagb-post__image'>\n\t\t\t\t\t\t\t\t\t<a href=\"https:\/\/careerquestor.com\/fi\/como-organizar-sua-rotina-de-trabalho-para-evitar-sobrecarga\/\" target=\"_self\" rel=\"bookmark noopener noreferrer\"><img loading=\"lazy\" decoding=\"async\" width=\"269\" height=\"350\" src=\"https:\/\/careerquestor.com\/wp-content\/uploads\/sites\/223\/2026\/04\/Rows-of-labeled-binder-folders-on-a-shelf-showcasing-organized-office-files-and-technical-documents.jpg\" class=\"attachment-large size-large\" alt=\"Rows of labeled binder folders on a shelf showcasing organized office files and technical documents.\" srcset=\"https:\/\/careerquestor.com\/wp-content\/uploads\/sites\/223\/2026\/04\/Rows-of-labeled-binder-folders-on-a-shelf-showcasing-organized-office-files-and-technical-documents.jpg 269w, https:\/\/careerquestor.com\/wp-content\/uploads\/sites\/223\/2026\/04\/Rows-of-labeled-binder-folders-on-a-shelf-showcasing-organized-office-files-and-technical-documents-231x300.jpg 231w, https:\/\/careerquestor.com\/wp-content\/uploads\/sites\/223\/2026\/04\/Rows-of-labeled-binder-folders-on-a-shelf-showcasing-organized-office-files-and-technical-documents-9x12.jpg 9w\" sizes=\"(max-width: 269px) 100vw, 269px\" \/>\t\t\t\t\t<\/a>\n\t\t\t\t\t\t\t\t\t<\/div>\n\t\t\t\t\t\t<h3 class=\"uagb-post__title uagb-post__text\">\n\t\t\t\t<a href=\"https:\/\/careerquestor.com\/fi\/como-organizar-sua-rotina-de-trabalho-para-evitar-sobrecarga\/\" target=\"_self\" rel=\"bookmark noopener noreferrer\">Kuinka j\u00e4rjest\u00e4\u00e4 ty\u00f6rutiinisi ylikuormituksen v\u00e4ltt\u00e4miseksi.<\/a>\n\t\t\t<\/h3>\n\t\t\t\t\t\t<div class='uagb-post__text uagb-post-grid-byline'>\n\t\t\t\t\t\t\t<\/div>\n\t\t\t\t\t\t\t<div class='uagb-post__text uagb-post__excerpt'>\n\t\t\t\t\tHaluatko v\u00e4ltt\u00e4\u00e4 ty\u00f6m\u00e4\u00e4r\u00e4n ylikuormitusta? Opi j\u00e4rjest\u00e4m\u00e4\u00e4n ty\u00f6rutiinisi yksinkertaisilla ja tehokkailla tekniikoilla. Katso vinkkej\u00e4 kaavioihin, taukoihin, priorisointiin ja virstanpylv\u00e4iden juhlimiseen jo t\u00e4n\u00e4\u00e4n.\t\t\t\t<\/div>\n\t\t\t\t\t\t<div class=\"uagb-post__text uagb-post__cta wp-block-button\">\n\t\t\t\t<a class=\"wp-block-button__link uagb-text-link\" style=\"\" href=\"https:\/\/careerquestor.com\/fi\/como-organizar-sua-rotina-de-trabalho-para-evitar-sobrecarga\/\" target=\"_self\" rel=\"bookmark noopener noreferrer\">tarkistus<\/a>\n\t\t\t<\/div>\n\t\t\t\n\t\t\t\t\t\t\t\t\t<\/article>\n\t\t\t\t\t\t\t\t\t\t\t\t\t\t\t\t<article class=\"uagb-post__inner-wrap\">\t\t\t\t\t\t\t\t<div class='uagb-post__image'>\n\t\t\t\t\t\t\t\t\t<a href=\"https:\/\/careerquestor.com\/fi\/como-se-comunicar-melhor-no-ambiente-profissional-e-evitar-conflitos\/\" target=\"_self\" rel=\"bookmark noopener noreferrer\"><img loading=\"lazy\" decoding=\"async\" width=\"622\" height=\"350\" src=\"https:\/\/careerquestor.com\/wp-content\/uploads\/sites\/223\/2026\/04\/Aerial-shot-of-two-tractors-excavating-red-earth-showcasing-construction-and-mining-machinery-in-Brazil.jpg\" class=\"attachment-large size-large\" alt=\"Aerial shot of two tractors excavating red earth, showcasing construction and mining machinery in Brazil.\" srcset=\"https:\/\/careerquestor.com\/wp-content\/uploads\/sites\/223\/2026\/04\/Aerial-shot-of-two-tractors-excavating-red-earth-showcasing-construction-and-mining-machinery-in-Brazil.jpg 622w, https:\/\/careerquestor.com\/wp-content\/uploads\/sites\/223\/2026\/04\/Aerial-shot-of-two-tractors-excavating-red-earth-showcasing-construction-and-mining-machinery-in-Brazil-300x169.jpg 300w, https:\/\/careerquestor.com\/wp-content\/uploads\/sites\/223\/2026\/04\/Aerial-shot-of-two-tractors-excavating-red-earth-showcasing-construction-and-mining-machinery-in-Brazil-18x10.jpg 18w\" sizes=\"(max-width: 622px) 100vw, 622px\" \/>\t\t\t\t\t<\/a>\n\t\t\t\t\t\t\t\t\t<\/div>\n\t\t\t\t\t\t<h3 class=\"uagb-post__title uagb-post__text\">\n\t\t\t\t<a href=\"https:\/\/careerquestor.com\/fi\/como-se-comunicar-melhor-no-ambiente-profissional-e-evitar-conflitos\/\" target=\"_self\" rel=\"bookmark noopener noreferrer\">Miten kommunikoida paremmin ammatillisessa ymp\u00e4rist\u00f6ss\u00e4 ja v\u00e4ltt\u00e4\u00e4 konflikteja.<\/a>\n\t\t\t<\/h3>\n\t\t\t\t\t\t<div class='uagb-post__text uagb-post-grid-byline'>\n\t\t\t\t\t\t\t<\/div>\n\t\t\t\t\t\t\t<div class='uagb-post__text uagb-post__excerpt'>\n\t\t\t\t\tL\u00f6yd\u00e4 tehokkaita ty\u00f6paikkaviestint\u00e4strategioita konfliktien v\u00e4ltt\u00e4miseksi, ty\u00f6ymp\u00e4rist\u00f6n parantamiseksi ja tiimisi vahvistamiseksi k\u00e4yt\u00e4nn\u00f6n vinkkien ja helposti sovellettavien esimerkkien avulla mihin tahansa ammatilliseen ymp\u00e4rist\u00f6\u00f6n.\t\t\t\t<\/div>\n\t\t\t\t\t\t<div class=\"uagb-post__text uagb-post__cta wp-block-button\">\n\t\t\t\t<a class=\"wp-block-button__link uagb-text-link\" style=\"\" href=\"https:\/\/careerquestor.com\/fi\/como-se-comunicar-melhor-no-ambiente-profissional-e-evitar-conflitos\/\" target=\"_self\" rel=\"bookmark noopener noreferrer\">tarkistus<\/a>\n\t\t\t<\/div>\n\t\t\t\n\t\t\t\t\t\t\t\t\t<\/article>\n\t\t\t\t\t\t\t\t\t\t\t<\/div>\n\t\t\t<\/div><\/div>\n\n\n\n<div class=\"wp-block-uagb-container uagb-block-05fd2311 alignfull uagb-is-root-container\"><div class=\"uagb-container-inner-blocks-wrap\">\n<h2 class=\"wp-block-heading has-ast-global-color-5-color has-text-color has-link-color wp-elements-c6fa87f5af8c657af29080f6b68074e7\">Tulevaisuutesi alkaa t\u00e4n\u00e4\u00e4n<\/h2>\n\n\n\n<p class=\"has-ast-global-color-5-color has-text-color has-link-color wp-elements-a9ee3edee756b1032b76e14d8bfa431e\">Liity ainutlaatuiseen menestyneiden ammattilaisten ryhm\u00e4\u00e4n hy\u00f6dynt\u00e4m\u00e4ll\u00e4 mahdollisuuksia, joita muut eiv\u00e4t n\u00e4e.<\/p>\n\n\n\n<div class=\"wp-block-buttons is-layout-flex wp-block-buttons-is-layout-flex\">\n<div class=\"wp-block-button has-custom-width wp-block-button__width-25 has-custom-font-size is-style-fill has-small-font-size\"><a class=\"wp-block-button__link wp-element-button\" href=\"https:\/\/careerquestor.com\/fi\/category\/tech\/\" style=\"border-style:none;border-width:0px;border-radius:100px\" rel=\"\">Aloita tutkiminen<\/a><\/div>\n<\/div>\n<\/div><\/div>","protected":false},"excerpt":{"rendered":"<p>Conectamos voc\u00ea \u00e0 sua oportunidade \u00daltimas Publica\u00e7\u00f5es Seu Futuro Come\u00e7a Hoje Entre para um grupo seleto de profissionais de sucesso acessando as oportunidades que outros n\u00e3o veem.<\/p>","protected":false},"author":3,"featured_media":0,"parent":0,"menu_order":0,"comment_status":"closed","ping_status":"closed","template":"","meta":{"_uag_custom_page_level_css":"","site-sidebar-layout":"no-sidebar","site-content-layout":"plain-container","ast-site-content-layout":"normal-width-container","site-content-style":"unboxed","site-sidebar-style":"unboxed","ast-global-header-display":"","ast-banner-title-visibility":"","ast-main-header-display":"","ast-hfb-above-header-display":"","ast-hfb-below-header-display":"","ast-hfb-mobile-header-display":"","site-post-title":"disabled","ast-breadcrumbs-content":"","ast-featured-img":"","footer-sml-layout":"","theme-transparent-header-meta":"default","adv-header-id-meta":"","stick-header-meta":"","header-above-stick-meta":"","header-main-stick-meta":"","header-below-stick-meta":"","astra-migrate-meta-layouts":"set","ast-page-background-enabled":"default","ast-page-background-meta":{"desktop":{"background-color":"var(--ast-global-color-4)","background-image":"","background-repeat":"repeat","background-position":"center center","background-size":"auto","background-attachment":"scroll","background-type":"","background-media":"","overlay-type":"","overlay-color":"","overlay-opacity":"","overlay-gradient":""},"tablet":{"background-color":"","background-image":"","background-repeat":"repeat","background-position":"center center","background-size":"auto","background-attachment":"scroll","background-type":"","background-media":"","overlay-type":"","overlay-color":"","overlay-opacity":"","overlay-gradient":""},"mobile":{"background-color":"","background-image":"","background-repeat":"repeat","background-position":"center center","background-size":"auto","background-attachment":"scroll","background-type":"","background-media":"","overlay-type":"","overlay-color":"","overlay-opacity":"","overlay-gradient":""}},"ast-content-background-meta":{"desktop":{"background-color":"var(--ast-global-color-5)","background-image":"","background-repeat":"repeat","background-position":"center center","background-size":"auto","background-attachment":"scroll","background-type":"","background-media":"","overlay-type":"","overlay-color":"","overlay-opacity":"","overlay-gradient":""},"tablet":{"background-color":"var(--ast-global-color-5)","background-image":"","background-repeat":"repeat","background-position":"center center","background-size":"auto","background-attachment":"scroll","background-type":"","background-media":"","overlay-type":"","overlay-color":"","overlay-opacity":"","overlay-gradient":""},"mobile":{"background-color":"var(--ast-global-color-5)","background-image":"","background-repeat":"repeat","background-position":"center center","background-size":"auto","background-attachment":"scroll","background-type":"","background-media":"","overlay-type":"","overlay-color":"","overlay-opacity":"","overlay-gradient":""}},"footnotes":""},"yoast_head":"<!-- This site is optimized with the Yoast SEO plugin v23.3 - https:\/\/yoast.com\/wordpress\/plugins\/seo\/ -->\n<title>Home - Career Questor<\/title>\n<meta name=\"robots\" content=\"index, follow, max-snippet:-1, max-image-preview:large, max-video-preview:-1\" \/>\n<link rel=\"canonical\" href=\"https:\/\/careerquestor.com\/fi\/\" \/>\n<meta property=\"og:locale\" content=\"fi_FI\" \/>\n<meta property=\"og:type\" content=\"article\" \/>\n<meta property=\"og:title\" content=\"Home - Career Questor\" \/>\n<meta property=\"og:description\" content=\"Conectamos voc\u00ea \u00e0 sua oportunidade \u00daltimas Publica\u00e7\u00f5es Seu Futuro Come\u00e7a Hoje Entre para um grupo seleto de profissionais de sucesso acessando as oportunidades que outros n\u00e3o veem.\" \/>\n<meta property=\"og:url\" content=\"https:\/\/careerquestor.com\/fi\/\" \/>\n<meta property=\"og:site_name\" content=\"Career Questor\" \/>\n<meta property=\"article:modified_time\" content=\"2025-12-01T21:04:40+00:00\" \/>\n<meta property=\"og:image\" content=\"https:\/\/careerquestor.com\/wp-content\/uploads\/sites\/223\/2021\/05\/why-choose-us.jpg\" \/>\n<meta name=\"twitter:card\" content=\"summary_large_image\" \/>\n<meta name=\"twitter:label1\" content=\"Est. reading time\" \/>\n\t<meta name=\"twitter:data1\" content=\"2 minuuttia\" \/>\n<script type=\"application\/ld+json\" class=\"yoast-schema-graph\">{\"@context\":\"https:\/\/schema.org\",\"@graph\":[{\"@type\":\"WebPage\",\"@id\":\"https:\/\/careerquestor.com\/\",\"url\":\"https:\/\/careerquestor.com\/\",\"name\":\"Home - Career Questor\",\"isPartOf\":{\"@id\":\"https:\/\/careerquestor.com\/#website\"},\"primaryImageOfPage\":{\"@id\":\"https:\/\/careerquestor.com\/#primaryimage\"},\"image\":{\"@id\":\"https:\/\/careerquestor.com\/#primaryimage\"},\"thumbnailUrl\":\"https:\/\/careerquestor.com\/wp-content\/uploads\/sites\/223\/2021\/05\/why-choose-us.jpg\",\"datePublished\":\"2025-07-15T17:48:17+00:00\",\"dateModified\":\"2025-12-01T21:04:40+00:00\",\"breadcrumb\":{\"@id\":\"https:\/\/careerquestor.com\/#breadcrumb\"},\"inLanguage\":\"fi\",\"potentialAction\":[{\"@type\":\"ReadAction\",\"target\":[\"https:\/\/careerquestor.com\/\"]}]},{\"@type\":\"ImageObject\",\"inLanguage\":\"fi\",\"@id\":\"https:\/\/careerquestor.com\/#primaryimage\",\"url\":\"https:\/\/careerquestor.com\/wp-content\/uploads\/sites\/223\/2021\/05\/why-choose-us.jpg\",\"contentUrl\":\"https:\/\/careerquestor.com\/wp-content\/uploads\/sites\/223\/2021\/05\/why-choose-us.jpg\"},{\"@type\":\"BreadcrumbList\",\"@id\":\"https:\/\/careerquestor.com\/#breadcrumb\",\"itemListElement\":[{\"@type\":\"ListItem\",\"position\":1,\"name\":\"Home\",\"item\":\"https:\/\/careerquestor.com\/\"},{\"@type\":\"ListItem\",\"position\":2,\"name\":\"Home\"}]},{\"@type\":\"WebSite\",\"@id\":\"https:\/\/careerquestor.com\/#website\",\"url\":\"https:\/\/careerquestor.com\/\",\"name\":\"Career Questor\",\"description\":\"\",\"publisher\":{\"@id\":\"https:\/\/careerquestor.com\/#organization\"},\"potentialAction\":[{\"@type\":\"SearchAction\",\"target\":{\"@type\":\"EntryPoint\",\"urlTemplate\":\"https:\/\/careerquestor.com\/?s={search_term_string}\"},\"query-input\":\"required name=search_term_string\"}],\"inLanguage\":\"fi\"},{\"@type\":\"Organization\",\"@id\":\"https:\/\/careerquestor.com\/#organization\",\"name\":\"Career Questor\",\"url\":\"https:\/\/careerquestor.com\/\",\"logo\":{\"@type\":\"ImageObject\",\"inLanguage\":\"fi\",\"@id\":\"https:\/\/careerquestor.com\/#\/schema\/logo\/image\/\",\"url\":\"https:\/\/careerquestor.com\/wp-content\/uploads\/sites\/223\/2025\/07\/cropped-Cosa-rende-la-Cessione-del-Quinto-unica-1.jpg\",\"contentUrl\":\"https:\/\/careerquestor.com\/wp-content\/uploads\/sites\/223\/2025\/07\/cropped-Cosa-rende-la-Cessione-del-Quinto-unica-1.jpg\",\"width\":404,\"height\":480,\"caption\":\"Career Questor\"},\"image\":{\"@id\":\"https:\/\/careerquestor.com\/#\/schema\/logo\/image\/\"}}]}<\/script>\n<!-- \/ Yoast SEO plugin. -->","yoast_head_json":{"title":"Home - Career Questor","robots":{"index":"index","follow":"follow","max-snippet":"max-snippet:-1","max-image-preview":"max-image-preview:large","max-video-preview":"max-video-preview:-1"},"canonical":"https:\/\/careerquestor.com\/fi\/","og_locale":"fi_FI","og_type":"article","og_title":"Home - Career Questor","og_description":"Conectamos voc\u00ea \u00e0 sua oportunidade \u00daltimas Publica\u00e7\u00f5es Seu Futuro Come\u00e7a Hoje Entre para um grupo seleto de profissionais de sucesso acessando as oportunidades que outros n\u00e3o veem.","og_url":"https:\/\/careerquestor.com\/fi\/","og_site_name":"Career Questor","article_modified_time":"2025-12-01T21:04:40+00:00","og_image":[{"url":"https:\/\/careerquestor.com\/wp-content\/uploads\/sites\/223\/2021\/05\/why-choose-us.jpg"}],"twitter_card":"summary_large_image","twitter_misc":{"Est. reading time":"2 minuuttia"},"schema":{"@context":"https:\/\/schema.org","@graph":[{"@type":"WebPage","@id":"https:\/\/careerquestor.com\/","url":"https:\/\/careerquestor.com\/","name":"Home - Career Questor","isPartOf":{"@id":"https:\/\/careerquestor.com\/#website"},"primaryImageOfPage":{"@id":"https:\/\/careerquestor.com\/#primaryimage"},"image":{"@id":"https:\/\/careerquestor.com\/#primaryimage"},"thumbnailUrl":"https:\/\/careerquestor.com\/wp-content\/uploads\/sites\/223\/2021\/05\/why-choose-us.jpg","datePublished":"2025-07-15T17:48:17+00:00","dateModified":"2025-12-01T21:04:40+00:00","breadcrumb":{"@id":"https:\/\/careerquestor.com\/#breadcrumb"},"inLanguage":"fi","potentialAction":[{"@type":"ReadAction","target":["https:\/\/careerquestor.com\/"]}]},{"@type":"ImageObject","inLanguage":"fi","@id":"https:\/\/careerquestor.com\/#primaryimage","url":"https:\/\/careerquestor.com\/wp-content\/uploads\/sites\/223\/2021\/05\/why-choose-us.jpg","contentUrl":"https:\/\/careerquestor.com\/wp-content\/uploads\/sites\/223\/2021\/05\/why-choose-us.jpg"},{"@type":"BreadcrumbList","@id":"https:\/\/careerquestor.com\/#breadcrumb","itemListElement":[{"@type":"ListItem","position":1,"name":"Home","item":"https:\/\/careerquestor.com\/"},{"@type":"ListItem","position":2,"name":"Home"}]},{"@type":"WebSite","@id":"https:\/\/careerquestor.com\/#website","url":"https:\/\/careerquestor.com\/","name":"Career Questor","description":"","publisher":{"@id":"https:\/\/careerquestor.com\/#organization"},"potentialAction":[{"@type":"SearchAction","target":{"@type":"EntryPoint","urlTemplate":"https:\/\/careerquestor.com\/?s={search_term_string}"},"query-input":"required name=search_term_string"}],"inLanguage":"fi"},{"@type":"Organization","@id":"https:\/\/careerquestor.com\/#organization","name":"Career Questor","url":"https:\/\/careerquestor.com\/","logo":{"@type":"ImageObject","inLanguage":"fi","@id":"https:\/\/careerquestor.com\/#\/schema\/logo\/image\/","url":"https:\/\/careerquestor.com\/wp-content\/uploads\/sites\/223\/2025\/07\/cropped-Cosa-rende-la-Cessione-del-Quinto-unica-1.jpg","contentUrl":"https:\/\/careerquestor.com\/wp-content\/uploads\/sites\/223\/2025\/07\/cropped-Cosa-rende-la-Cessione-del-Quinto-unica-1.jpg","width":404,"height":480,"caption":"Career Questor"},"image":{"@id":"https:\/\/careerquestor.com\/#\/schema\/logo\/image\/"}}]}},"uagb_featured_image_src":{"full":false,"thumbnail":false,"medium":false,"medium_large":false,"large":false,"1536x1536":false,"2048x2048":false,"trp-custom-language-flag":false},"uagb_author_info":{"display_name":"Bruno Gianni","author_link":"https:\/\/careerquestor.com\/fi\/author\/bcgianni\/"},"uagb_comment_info":0,"uagb_excerpt":"Conectamos voc\u00ea \u00e0 sua oportunidade \u00daltimas Publica\u00e7\u00f5es Seu Futuro Come\u00e7a Hoje Entre para um grupo seleto de profissionais de sucesso acessando as oportunidades que outros n\u00e3o veem.","_links":{"self":[{"href":"https:\/\/careerquestor.com\/fi\/wp-json\/wp\/v2\/pages\/692"}],"collection":[{"href":"https:\/\/careerquestor.com\/fi\/wp-json\/wp\/v2\/pages"}],"about":[{"href":"https:\/\/careerquestor.com\/fi\/wp-json\/wp\/v2\/types\/page"}],"author":[{"embeddable":true,"href":"https:\/\/careerquestor.com\/fi\/wp-json\/wp\/v2\/users\/3"}],"replies":[{"embeddable":true,"href":"https:\/\/careerquestor.com\/fi\/wp-json\/wp\/v2\/comments?post=692"}],"version-history":[{"count":79,"href":"https:\/\/careerquestor.com\/fi\/wp-json\/wp\/v2\/pages\/692\/revisions"}],"predecessor-version":[{"id":837,"href":"https:\/\/careerquestor.com\/fi\/wp-json\/wp\/v2\/pages\/692\/revisions\/837"}],"wp:attachment":[{"href":"https:\/\/careerquestor.com\/fi\/wp-json\/wp\/v2\/media?parent=692"}],"curies":[{"name":"wp","href":"https:\/\/api.w.org\/{rel}","templated":true}]}}