{"id":79,"date":"2025-03-04T17:52:25","date_gmt":"2025-03-04T17:52:25","guid":{"rendered":"https:\/\/careerquestor.com\/?page_id=79"},"modified":"2026-04-07T16:15:46","modified_gmt":"2026-04-07T16:15:46","slug":"about","status":"publish","type":"page","link":"https:\/\/careerquestor.com\/fi\/about\/","title":{"rendered":"Tietoa meist\u00e4"},"content":{"rendered":"<h2 class=\"wp-block-heading\">Tervetuloa CareerQuestor.com-sivustolle<\/h2>\n\n\n\n<p>CareerQuestor.com on ihanteellinen paikkasi uusien uramahdollisuuksien tutkimiseen, ty\u00f6markkinoiden muutoksiin sopeutumiseen ja ammatillisen menestyksen saavuttamiseen.<\/p>\n\n\n\n<p>Missiomme on tarjota arvokkaita n\u00e4kemyksi\u00e4, innovatiivisia n\u00e4k\u00f6kulmia ja k\u00e4yt\u00e4nn\u00f6n resursseja, jotka auttavat sinua tekem\u00e4\u00e4n turvallisia ja varmoja p\u00e4\u00e4t\u00f6ksi\u00e4 urapolustasi.<\/p>\n\n\n\n<p>Oletpa sitten kokenut ammattilainen, joka etsii uutta suuntaa, tai vasta aloittava matkasi, me olemme t\u00e4\u00e4ll\u00e4 auttamassa sinua kohti tavoitteitasi.<\/p>\n\n\n\n<h3 class=\"wp-block-heading\">Mit\u00e4 tarjoamme<\/h3>\n\n\n\n<p><strong>Ty\u00f6markkinoiden trendit<\/strong><\/p>\n\n\n\n<ul>\n<li><strong>Digitaalinen nomadismi<\/strong> Opi ty\u00f6skentelem\u00e4\u00e4n mist\u00e4 p\u00e4in maailmaa tahansa ja hy\u00f6dynn\u00e4 parhaalla mahdollisella tavalla t\u00e4m\u00e4n kasvavan trendin vapautta ja joustavuutta.<\/li>\n\n\n\n<li><strong>Et\u00e4ty\u00f6<\/strong> Opi, miten voit menesty\u00e4 kotoa k\u00e4sin ty\u00f6skennelless\u00e4si, yll\u00e4pit\u00e4\u00e4 tuottavuutta ja tasapainoa henkil\u00f6kohtaisen ja ammatillisen el\u00e4m\u00e4si v\u00e4lill\u00e4.<\/li>\n\n\n\n<li><strong>Kysytyt urat<\/strong> Pysy ajan tasalla halutuimmista aloista, saat vinkkej\u00e4 avoimista ty\u00f6paikoista ja kasvumahdollisuuksista.<\/li>\n<\/ul>\n\n\n\n<p><strong>Ammatillinen kehitys<\/strong><\/p>\n\n\n\n<ul>\n<li><strong>Strateginen verkostoituminen<\/strong> Opi rakentamaan globaaleja yhteyksi\u00e4 urasi edist\u00e4miseksi ja uusien mahdollisuuksien avaamiseksi.<\/li>\n\n\n\n<li><strong>Jatkuva oppiminen<\/strong> Ymm\u00e4rr\u00e4, miten elinik\u00e4inen oppiminen voi olla avain urakehitykseen ja markkinoilla pysymiseen.<\/li>\n\n\n\n<li><strong>Henkil\u00f6kohtainen br\u00e4nd\u00e4ys<\/strong> Asemoi itsesi strategisesti houkutellaksesi parhaat ammatilliset mahdollisuudet.<\/li>\n<\/ul>\n\n\n\n<p><strong>K\u00e4yt\u00e4nn\u00f6n vinkkej\u00e4 ja resursseja<\/strong><\/p>\n\n\n\n<ul>\n<li><strong>Uraopas<\/strong> K\u00e4yt\u00e4 artikkeleita ja opetusohjelmia suunnitellaksesi urapolkusi j\u00e4sennellysti ja tehokkaasti.<\/li>\n\n\n\n<li><strong>Ammattimaiset ty\u00f6kalut<\/strong> L\u00f6yd\u00e4 parhaat resurssit ja alustat suorituskykysi ja taitojasi parantamiseksi.<\/li>\n\n\n\n<li><strong>Menestystarinoita<\/strong> \u2013 Inspiroidu unelmansa saavuttaneista ammattilaisista ja katso, kuinka sin\u00e4kin voit muuttaa uraasi.<\/li>\n<\/ul>\n\n\n\n<p><strong>Viihde <\/strong><\/p>\n\n\n\n<ul>\n<li><strong> Digitaaliset pelit:<\/strong> K\u00e4sittelemme my\u00f6s viihteeseen liittyv\u00e4\u00e4 sis\u00e4lt\u00f6\u00e4, mukaan lukien suosittuja alustoja, kuten Roblox. L\u00f6yd\u00e4t oppaita, vinkkej\u00e4 ja selityksi\u00e4 siit\u00e4, miten parhaiten nauttia peleist\u00e4, k\u00e4ytett\u00e4viss\u00e4 olevista resursseista, virtuaalitaloudesta ja pelimaailman trendeist\u00e4, aina informatiivisella ja vastuullisella l\u00e4hestymistavalla.<\/li>\n<\/ul>\n\n\n\n<h3 class=\"wp-block-heading\">Miksi valita CareerQuestor.com?<\/h3>\n\n\n\n<p>Uskomme, ett\u00e4 jokainen ammattilainen on ainutlaatuinen. Siksi tarjoamme sis\u00e4lt\u00f6\u00e4, joka on suunniteltu vastaamaan erilaisiin tarpeisiin ja uraprofiileihin.<\/p>\n\n\n\n<p>Sitoumuksemme on tarjota korkealaatuista tietoa, joka perustuu tutkimukseen ja tosiel\u00e4m\u00e4n kokemuksiin, jotta voit tehd\u00e4 tietoon perustuvia ja luottavaisia p\u00e4\u00e4t\u00f6ksi\u00e4.<\/p>\n\n\n\n<p>Toisin kuin muilla alustoilla, keskitymme tarjoamaan kattavaa tukea \u2013 strategisista n\u00e4kemyksist\u00e4 k\u00e4yt\u00e4nn\u00f6n vinkkeihin, jotka todella vaikuttavat p\u00e4ivitt\u00e4iseen ty\u00f6el\u00e4m\u00e4\u00e4si.<\/p>\n\n\n\n<h3 class=\"wp-block-heading\">Mik\u00e4 meid\u00e4t erottaa muista?<\/h3>\n\n\n\n<ul>\n<li><strong>P\u00e4ivitetty sis\u00e4lt\u00f6<\/strong> Seuraamme ty\u00f6markkinoiden uusimpia trendej\u00e4 pit\u00e4\u00e4ksemme sinut aina askeleen edell\u00e4.<\/li>\n\n\n\n<li><strong>Keskity uran muutokseen<\/strong> Materiaalimme on suunniteltu auttamaan sinua kehittym\u00e4\u00e4n ja sopeutumaan jatkuvasti alan muutoksiin.<\/li>\n\n\n\n<li><strong>Sitoutunut yhteis\u00f6<\/strong> \u2013 Liity eri alojen ammattilaisten verkostoon kokemusten vaihtamiseksi ja arvokkaiden yhteyksien luomiseksi.<\/li>\n<\/ul>\n\n\n\n<h3 class=\"wp-block-heading\">Aloitetaan!<\/h3>\n\n\n\n<p>Jos haluat edet\u00e4 urallasi, tutkia uusia mahdollisuuksia ja valmistautua tulevaisuuden ty\u00f6el\u00e4m\u00e4\u00e4n, CareerQuestor.com on oikea paikka sinulle.<\/p>\n\n\n\n<p>Selaa artikkeleitamme, liity yhteis\u00f6\u00f6n ja aloita ammatillisen tulevaisuutesi rakentaminen jo t\u00e4n\u00e4\u00e4n.<\/p>\n\n\n\n<p>Ota yhteytt\u00e4, katso lis\u00e4tietoja tietosuojak\u00e4yt\u00e4nn\u00f6st\u00e4mme tai tutustu uusimpiin artikkeleihimme ottaaksesi ensimm\u00e4isen askeleen matkallasi jo t\u00e4n\u00e4\u00e4n.<\/p>","protected":false},"excerpt":{"rendered":"<p>Bem vindo ao CareerQuestor.com O CareerQuestor.com \u00e9 o seu destino ideal para explorar novas oportunidades de carreira, se adaptar \u00e0s mudan\u00e7as do mercado de trabalho e alcan\u00e7ar o sucesso profissional. Nossa miss\u00e3o \u00e9 oferecer insights valiosos, perspectivas inovadoras e recursos pr\u00e1ticos para ajudar voc\u00ea a tomar decis\u00f5es seguras e confiantes sobre o seu caminho profissional. [&hellip;]<\/p>","protected":false},"author":40,"featured_media":0,"parent":0,"menu_order":0,"comment_status":"closed","ping_status":"closed","template":"","meta":{"_uag_custom_page_level_css":"","site-sidebar-layout":"default","site-content-layout":"","ast-site-content-layout":"default","site-content-style":"default","site-sidebar-style":"default","ast-global-header-display":"","ast-banner-title-visibility":"","ast-main-header-display":"","ast-hfb-above-header-display":"","ast-hfb-below-header-display":"","ast-hfb-mobile-header-display":"","site-post-title":"","ast-breadcrumbs-content":"","ast-featured-img":"","footer-sml-layout":"","theme-transparent-header-meta":"","adv-header-id-meta":"","stick-header-meta":"","header-above-stick-meta":"","header-main-stick-meta":"","header-below-stick-meta":"","astra-migrate-meta-layouts":"set","ast-page-background-enabled":"default","ast-page-background-meta":{"desktop":{"background-color":"var(--ast-global-color-4)","background-image":"","background-repeat":"repeat","background-position":"center center","background-size":"auto","background-attachment":"scroll","background-type":"","background-media":"","overlay-type":"","overlay-color":"","overlay-opacity":"","overlay-gradient":""},"tablet":{"background-color":"","background-image":"","background-repeat":"repeat","background-position":"center center","background-size":"auto","background-attachment":"scroll","background-type":"","background-media":"","overlay-type":"","overlay-color":"","overlay-opacity":"","overlay-gradient":""},"mobile":{"background-color":"","background-image":"","background-repeat":"repeat","background-position":"center center","background-size":"auto","background-attachment":"scroll","background-type":"","background-media":"","overlay-type":"","overlay-color":"","overlay-opacity":"","overlay-gradient":""}},"ast-content-background-meta":{"desktop":{"background-color":"var(--ast-global-color-5)","background-image":"","background-repeat":"repeat","background-position":"center center","background-size":"auto","background-attachment":"scroll","background-type":"","background-media":"","overlay-type":"","overlay-color":"","overlay-opacity":"","overlay-gradient":""},"tablet":{"background-color":"var(--ast-global-color-5)","background-image":"","background-repeat":"repeat","background-position":"center center","background-size":"auto","background-attachment":"scroll","background-type":"","background-media":"","overlay-type":"","overlay-color":"","overlay-opacity":"","overlay-gradient":""},"mobile":{"background-color":"var(--ast-global-color-5)","background-image":"","background-repeat":"repeat","background-position":"center center","background-size":"auto","background-attachment":"scroll","background-type":"","background-media":"","overlay-type":"","overlay-color":"","overlay-opacity":"","overlay-gradient":""}},"footnotes":""},"yoast_head":"<!-- This site is optimized with the Yoast SEO plugin v23.3 - https:\/\/yoast.com\/wordpress\/plugins\/seo\/ -->\n<title>Sobre n\u00f3s - Career Questor<\/title>\n<meta name=\"robots\" content=\"index, follow, max-snippet:-1, max-image-preview:large, max-video-preview:-1\" \/>\n<link rel=\"canonical\" href=\"https:\/\/careerquestor.com\/fi\/about\/\" \/>\n<meta property=\"og:locale\" content=\"fi_FI\" \/>\n<meta property=\"og:type\" content=\"article\" \/>\n<meta property=\"og:title\" content=\"Sobre n\u00f3s - Career Questor\" \/>\n<meta property=\"og:description\" content=\"Bem vindo ao CareerQuestor.com O CareerQuestor.com \u00e9 o seu destino ideal para explorar novas oportunidades de carreira, se adaptar \u00e0s mudan\u00e7as do mercado de trabalho e alcan\u00e7ar o sucesso profissional. Nossa miss\u00e3o \u00e9 oferecer insights valiosos, perspectivas inovadoras e recursos pr\u00e1ticos para ajudar voc\u00ea a tomar decis\u00f5es seguras e confiantes sobre o seu caminho profissional. [&hellip;]\" \/>\n<meta property=\"og:url\" content=\"https:\/\/careerquestor.com\/fi\/about\/\" \/>\n<meta property=\"og:site_name\" content=\"Career Questor\" \/>\n<meta property=\"article:modified_time\" content=\"2026-04-07T16:15:46+00:00\" \/>\n<meta name=\"twitter:card\" content=\"summary_large_image\" \/>\n<meta name=\"twitter:label1\" content=\"Est. reading time\" \/>\n\t<meta name=\"twitter:data1\" content=\"3 minuuttia\" \/>\n<script type=\"application\/ld+json\" class=\"yoast-schema-graph\">{\"@context\":\"https:\/\/schema.org\",\"@graph\":[{\"@type\":\"WebPage\",\"@id\":\"https:\/\/careerquestor.com\/about\/\",\"url\":\"https:\/\/careerquestor.com\/about\/\",\"name\":\"Sobre n\u00f3s - Career Questor\",\"isPartOf\":{\"@id\":\"https:\/\/careerquestor.com\/#website\"},\"datePublished\":\"2025-03-04T17:52:25+00:00\",\"dateModified\":\"2026-04-07T16:15:46+00:00\",\"breadcrumb\":{\"@id\":\"https:\/\/careerquestor.com\/about\/#breadcrumb\"},\"inLanguage\":\"fi\",\"potentialAction\":[{\"@type\":\"ReadAction\",\"target\":[\"https:\/\/careerquestor.com\/about\/\"]}]},{\"@type\":\"BreadcrumbList\",\"@id\":\"https:\/\/careerquestor.com\/about\/#breadcrumb\",\"itemListElement\":[{\"@type\":\"ListItem\",\"position\":1,\"name\":\"Home\",\"item\":\"https:\/\/careerquestor.com\/\"},{\"@type\":\"ListItem\",\"position\":2,\"name\":\"Sobre n\u00f3s\"}]},{\"@type\":\"WebSite\",\"@id\":\"https:\/\/careerquestor.com\/#website\",\"url\":\"https:\/\/careerquestor.com\/\",\"name\":\"Career Questor\",\"description\":\"\",\"publisher\":{\"@id\":\"https:\/\/careerquestor.com\/#organization\"},\"potentialAction\":[{\"@type\":\"SearchAction\",\"target\":{\"@type\":\"EntryPoint\",\"urlTemplate\":\"https:\/\/careerquestor.com\/?s={search_term_string}\"},\"query-input\":\"required name=search_term_string\"}],\"inLanguage\":\"fi\"},{\"@type\":\"Organization\",\"@id\":\"https:\/\/careerquestor.com\/#organization\",\"name\":\"Career Questor\",\"url\":\"https:\/\/careerquestor.com\/\",\"logo\":{\"@type\":\"ImageObject\",\"inLanguage\":\"fi\",\"@id\":\"https:\/\/careerquestor.com\/#\/schema\/logo\/image\/\",\"url\":\"https:\/\/careerquestor.com\/wp-content\/uploads\/sites\/223\/2025\/07\/cropped-Cosa-rende-la-Cessione-del-Quinto-unica-1.jpg\",\"contentUrl\":\"https:\/\/careerquestor.com\/wp-content\/uploads\/sites\/223\/2025\/07\/cropped-Cosa-rende-la-Cessione-del-Quinto-unica-1.jpg\",\"width\":404,\"height\":480,\"caption\":\"Career Questor\"},\"image\":{\"@id\":\"https:\/\/careerquestor.com\/#\/schema\/logo\/image\/\"}}]}<\/script>\n<!-- \/ Yoast SEO plugin. -->","yoast_head_json":{"title":"Sobre n\u00f3s - Career Questor","robots":{"index":"index","follow":"follow","max-snippet":"max-snippet:-1","max-image-preview":"max-image-preview:large","max-video-preview":"max-video-preview:-1"},"canonical":"https:\/\/careerquestor.com\/fi\/about\/","og_locale":"fi_FI","og_type":"article","og_title":"Sobre n\u00f3s - Career Questor","og_description":"Bem vindo ao CareerQuestor.com O CareerQuestor.com \u00e9 o seu destino ideal para explorar novas oportunidades de carreira, se adaptar \u00e0s mudan\u00e7as do mercado de trabalho e alcan\u00e7ar o sucesso profissional. Nossa miss\u00e3o \u00e9 oferecer insights valiosos, perspectivas inovadoras e recursos pr\u00e1ticos para ajudar voc\u00ea a tomar decis\u00f5es seguras e confiantes sobre o seu caminho profissional. [&hellip;]","og_url":"https:\/\/careerquestor.com\/fi\/about\/","og_site_name":"Career Questor","article_modified_time":"2026-04-07T16:15:46+00:00","twitter_card":"summary_large_image","twitter_misc":{"Est. reading time":"3 minuuttia"},"schema":{"@context":"https:\/\/schema.org","@graph":[{"@type":"WebPage","@id":"https:\/\/careerquestor.com\/about\/","url":"https:\/\/careerquestor.com\/about\/","name":"Sobre n\u00f3s - Career Questor","isPartOf":{"@id":"https:\/\/careerquestor.com\/#website"},"datePublished":"2025-03-04T17:52:25+00:00","dateModified":"2026-04-07T16:15:46+00:00","breadcrumb":{"@id":"https:\/\/careerquestor.com\/about\/#breadcrumb"},"inLanguage":"fi","potentialAction":[{"@type":"ReadAction","target":["https:\/\/careerquestor.com\/about\/"]}]},{"@type":"BreadcrumbList","@id":"https:\/\/careerquestor.com\/about\/#breadcrumb","itemListElement":[{"@type":"ListItem","position":1,"name":"Home","item":"https:\/\/careerquestor.com\/"},{"@type":"ListItem","position":2,"name":"Sobre n\u00f3s"}]},{"@type":"WebSite","@id":"https:\/\/careerquestor.com\/#website","url":"https:\/\/careerquestor.com\/","name":"Career Questor","description":"","publisher":{"@id":"https:\/\/careerquestor.com\/#organization"},"potentialAction":[{"@type":"SearchAction","target":{"@type":"EntryPoint","urlTemplate":"https:\/\/careerquestor.com\/?s={search_term_string}"},"query-input":"required name=search_term_string"}],"inLanguage":"fi"},{"@type":"Organization","@id":"https:\/\/careerquestor.com\/#organization","name":"Career Questor","url":"https:\/\/careerquestor.com\/","logo":{"@type":"ImageObject","inLanguage":"fi","@id":"https:\/\/careerquestor.com\/#\/schema\/logo\/image\/","url":"https:\/\/careerquestor.com\/wp-content\/uploads\/sites\/223\/2025\/07\/cropped-Cosa-rende-la-Cessione-del-Quinto-unica-1.jpg","contentUrl":"https:\/\/careerquestor.com\/wp-content\/uploads\/sites\/223\/2025\/07\/cropped-Cosa-rende-la-Cessione-del-Quinto-unica-1.jpg","width":404,"height":480,"caption":"Career Questor"},"image":{"@id":"https:\/\/careerquestor.com\/#\/schema\/logo\/image\/"}}]}},"uagb_featured_image_src":{"full":false,"thumbnail":false,"medium":false,"medium_large":false,"large":false,"1536x1536":false,"2048x2048":false,"trp-custom-language-flag":false},"uagb_author_info":{"display_name":"pontesingrid25","author_link":"https:\/\/careerquestor.com\/fi\/author\/pontesingrid25\/"},"uagb_comment_info":0,"uagb_excerpt":"Bem vindo ao CareerQuestor.com O CareerQuestor.com \u00e9 o seu destino ideal para explorar novas oportunidades de carreira, se adaptar \u00e0s mudan\u00e7as do mercado de trabalho e alcan\u00e7ar o sucesso profissional. Nossa miss\u00e3o \u00e9 oferecer insights valiosos, perspectivas inovadoras e recursos pr\u00e1ticos para ajudar voc\u00ea a tomar decis\u00f5es seguras e confiantes sobre o seu caminho profissional.&hellip;","_links":{"self":[{"href":"https:\/\/careerquestor.com\/fi\/wp-json\/wp\/v2\/pages\/79"}],"collection":[{"href":"https:\/\/careerquestor.com\/fi\/wp-json\/wp\/v2\/pages"}],"about":[{"href":"https:\/\/careerquestor.com\/fi\/wp-json\/wp\/v2\/types\/page"}],"author":[{"embeddable":true,"href":"https:\/\/careerquestor.com\/fi\/wp-json\/wp\/v2\/users\/40"}],"replies":[{"embeddable":true,"href":"https:\/\/careerquestor.com\/fi\/wp-json\/wp\/v2\/comments?post=79"}],"version-history":[{"count":6,"href":"https:\/\/careerquestor.com\/fi\/wp-json\/wp\/v2\/pages\/79\/revisions"}],"predecessor-version":[{"id":2157,"href":"https:\/\/careerquestor.com\/fi\/wp-json\/wp\/v2\/pages\/79\/revisions\/2157"}],"wp:attachment":[{"href":"https:\/\/careerquestor.com\/fi\/wp-json\/wp\/v2\/media?parent=79"}],"curies":[{"name":"wp","href":"https:\/\/api.w.org\/{rel}","templated":true}]}}