{"id":79,"date":"2025-03-04T17:52:25","date_gmt":"2025-03-04T17:52:25","guid":{"rendered":"https:\/\/careerquestor.com\/?page_id=79"},"modified":"2026-04-07T16:15:46","modified_gmt":"2026-04-07T16:15:46","slug":"about","status":"publish","type":"page","link":"https:\/\/careerquestor.com\/fr\/about\/","title":{"rendered":"\u00c0 propos de nous"},"content":{"rendered":"<h2 class=\"wp-block-heading\">Bienvenue sur CareerQuestor.com<\/h2>\n\n\n\n<p>CareerQuestor.com est votre destination id\u00e9ale pour explorer de nouvelles opportunit\u00e9s de carri\u00e8re, vous adapter aux changements du march\u00e9 du travail et atteindre le succ\u00e8s professionnel.<\/p>\n\n\n\n<p>Notre mission est de vous offrir des informations pr\u00e9cieuses, des perspectives novatrices et des ressources pratiques pour vous aider \u00e0 prendre des d\u00e9cisions \u00e9clair\u00e9es et confiantes concernant votre parcours professionnel.<\/p>\n\n\n\n<p>Que vous soyez un professionnel exp\u00e9riment\u00e9 \u00e0 la recherche d&#039;une nouvelle orientation ou une personne qui d\u00e9bute tout juste son parcours, nous sommes l\u00e0 pour vous guider vers vos objectifs.<\/p>\n\n\n\n<h3 class=\"wp-block-heading\">Ce que nous proposons<\/h3>\n\n\n\n<p><strong>tendances du march\u00e9 du travail<\/strong><\/p>\n\n\n\n<ul>\n<li><strong>nomadisme num\u00e9rique<\/strong> Apprenez \u00e0 travailler de n&#039;importe o\u00f9 dans le monde, en tirant le meilleur parti de la libert\u00e9 et de la flexibilit\u00e9 offertes par cette tendance croissante.<\/li>\n\n\n\n<li><strong>t\u00e9l\u00e9travail<\/strong> D\u00e9couvrez comment exceller en t\u00e9l\u00e9travail, en maintenant votre productivit\u00e9 et en pr\u00e9servant l&#039;\u00e9quilibre entre votre vie personnelle et professionnelle.<\/li>\n\n\n\n<li><strong>Carri\u00e8res tr\u00e8s demand\u00e9es<\/strong> Restez inform\u00e9(e) sur les secteurs les plus recherch\u00e9s, avec des conseils sur les offres d&#039;emploi et les perspectives d&#039;\u00e9volution.<\/li>\n<\/ul>\n\n\n\n<p><strong>D\u00e9veloppement professionnel<\/strong><\/p>\n\n\n\n<ul>\n<li><strong>r\u00e9seautage strat\u00e9gique<\/strong> Apprenez \u00e0 tisser des liens internationaux pour dynamiser votre carri\u00e8re et vous ouvrir de nouvelles perspectives.<\/li>\n\n\n\n<li><strong>Apprentissage continu<\/strong> Comprendre comment la formation continue peut \u00eatre la cl\u00e9 de l&#039;\u00e9volution de carri\u00e8re et du maintien de sa pertinence sur le march\u00e9.<\/li>\n\n\n\n<li><strong>image de marque personnelle<\/strong> Positionnez-vous strat\u00e9giquement pour attirer les meilleures opportunit\u00e9s professionnelles.<\/li>\n<\/ul>\n\n\n\n<p><strong>Conseils et ressources pratiques<\/strong><\/p>\n\n\n\n<ul>\n<li><strong>Guide des carri\u00e8res<\/strong> Acc\u00e9dez \u00e0 des articles et des tutoriels pour planifier votre parcours professionnel de mani\u00e8re structur\u00e9e et efficace.<\/li>\n\n\n\n<li><strong>Outils professionnels<\/strong> D\u00e9couvrez les meilleures ressources et plateformes pour am\u00e9liorer vos performances et vos comp\u00e9tences.<\/li>\n\n\n\n<li><strong>Histoires \u00e0 succ\u00e8s<\/strong> \u2013 Inspirez-vous de professionnels qui ont r\u00e9alis\u00e9 leurs r\u00eaves et d\u00e9couvrez comment vous aussi pouvez transformer votre carri\u00e8re.<\/li>\n<\/ul>\n\n\n\n<p><strong>Divertissement <\/strong><\/p>\n\n\n\n<ul>\n<li><strong> Jeux num\u00e9riques\u00a0:<\/strong> Nous abordons \u00e9galement des sujets li\u00e9s au divertissement, notamment les plateformes populaires comme Roblox. Vous trouverez des guides, des astuces et des explications pour profiter au mieux des jeux, des ressources disponibles, de l&#039;\u00e9conomie virtuelle et des tendances du monde du jeu vid\u00e9o, toujours dans un esprit informatif et responsable.<\/li>\n<\/ul>\n\n\n\n<h3 class=\"wp-block-heading\">Pourquoi choisir CareerQuestor.com ?<\/h3>\n\n\n\n<p>Nous sommes convaincus que chaque professionnel est unique. C&#039;est pourquoi nous proposons un contenu adapt\u00e9 \u00e0 diff\u00e9rents besoins et profils de carri\u00e8re.<\/p>\n\n\n\n<p>Notre engagement est de vous fournir des informations de haute qualit\u00e9, bas\u00e9es sur la recherche et les enseignements tir\u00e9s du monde r\u00e9el, afin que vous puissiez prendre des d\u00e9cisions \u00e9clair\u00e9es et en toute confiance.<\/p>\n\n\n\n<p>Contrairement \u00e0 d&#039;autres plateformes, notre priorit\u00e9 est de fournir un soutien complet, allant des analyses strat\u00e9giques aux conseils pratiques qui font r\u00e9ellement la diff\u00e9rence dans votre vie professionnelle quotidienne.<\/p>\n\n\n\n<h3 class=\"wp-block-heading\">Qu&#039;est-ce qui nous distingue ?<\/h3>\n\n\n\n<ul>\n<li><strong>Contenu mis \u00e0 jour<\/strong> Nous suivons les derni\u00e8res tendances du march\u00e9 du travail pour vous permettre de toujours garder une longueur d&#039;avance.<\/li>\n\n\n\n<li><strong>Concentrez-vous sur la transformation de carri\u00e8re<\/strong> Nos supports sont con\u00e7us pour vous aider \u00e0 \u00e9voluer et \u00e0 vous adapter en permanence aux changements du secteur.<\/li>\n\n\n\n<li><strong>Communaut\u00e9 engag\u00e9e<\/strong> \u2013 Rejoignez un r\u00e9seau de professionnels issus de divers domaines pour \u00e9changer des exp\u00e9riences et nouer des relations pr\u00e9cieuses.<\/li>\n<\/ul>\n\n\n\n<h3 class=\"wp-block-heading\">Commen\u00e7ons !<\/h3>\n\n\n\n<p>Si vous souhaitez faire progresser votre carri\u00e8re, explorer de nouvelles opportunit\u00e9s et vous pr\u00e9parer \u00e0 l&#039;avenir du travail, CareerQuestor.com est le site id\u00e9al pour vous.<\/p>\n\n\n\n<p>Parcourez nos articles, rejoignez la communaut\u00e9 et commencez d\u00e8s aujourd&#039;hui \u00e0 b\u00e2tir votre avenir professionnel.<\/p>\n\n\n\n<p>N\u2019h\u00e9sitez pas \u00e0 nous contacter, \u00e0 consulter notre politique de confidentialit\u00e9 pour plus de d\u00e9tails, ou \u00e0 d\u00e9couvrir nos derniers articles pour entamer votre parcours d\u00e8s maintenant.<\/p>","protected":false},"excerpt":{"rendered":"<p>Bem vindo ao CareerQuestor.com O CareerQuestor.com \u00e9 o seu destino ideal para explorar novas oportunidades de carreira, se adaptar \u00e0s mudan\u00e7as do mercado de trabalho e alcan\u00e7ar o sucesso profissional. Nossa miss\u00e3o \u00e9 oferecer insights valiosos, perspectivas inovadoras e recursos pr\u00e1ticos para ajudar voc\u00ea a tomar decis\u00f5es seguras e confiantes sobre o seu caminho profissional. [&hellip;]<\/p>","protected":false},"author":40,"featured_media":0,"parent":0,"menu_order":0,"comment_status":"closed","ping_status":"closed","template":"","meta":{"_uag_custom_page_level_css":"","site-sidebar-layout":"default","site-content-layout":"","ast-site-content-layout":"default","site-content-style":"default","site-sidebar-style":"default","ast-global-header-display":"","ast-banner-title-visibility":"","ast-main-header-display":"","ast-hfb-above-header-display":"","ast-hfb-below-header-display":"","ast-hfb-mobile-header-display":"","site-post-title":"","ast-breadcrumbs-content":"","ast-featured-img":"","footer-sml-layout":"","theme-transparent-header-meta":"","adv-header-id-meta":"","stick-header-meta":"","header-above-stick-meta":"","header-main-stick-meta":"","header-below-stick-meta":"","astra-migrate-meta-layouts":"set","ast-page-background-enabled":"default","ast-page-background-meta":{"desktop":{"background-color":"var(--ast-global-color-4)","background-image":"","background-repeat":"repeat","background-position":"center center","background-size":"auto","background-attachment":"scroll","background-type":"","background-media":"","overlay-type":"","overlay-color":"","overlay-opacity":"","overlay-gradient":""},"tablet":{"background-color":"","background-image":"","background-repeat":"repeat","background-position":"center center","background-size":"auto","background-attachment":"scroll","background-type":"","background-media":"","overlay-type":"","overlay-color":"","overlay-opacity":"","overlay-gradient":""},"mobile":{"background-color":"","background-image":"","background-repeat":"repeat","background-position":"center center","background-size":"auto","background-attachment":"scroll","background-type":"","background-media":"","overlay-type":"","overlay-color":"","overlay-opacity":"","overlay-gradient":""}},"ast-content-background-meta":{"desktop":{"background-color":"var(--ast-global-color-5)","background-image":"","background-repeat":"repeat","background-position":"center center","background-size":"auto","background-attachment":"scroll","background-type":"","background-media":"","overlay-type":"","overlay-color":"","overlay-opacity":"","overlay-gradient":""},"tablet":{"background-color":"var(--ast-global-color-5)","background-image":"","background-repeat":"repeat","background-position":"center center","background-size":"auto","background-attachment":"scroll","background-type":"","background-media":"","overlay-type":"","overlay-color":"","overlay-opacity":"","overlay-gradient":""},"mobile":{"background-color":"var(--ast-global-color-5)","background-image":"","background-repeat":"repeat","background-position":"center center","background-size":"auto","background-attachment":"scroll","background-type":"","background-media":"","overlay-type":"","overlay-color":"","overlay-opacity":"","overlay-gradient":""}},"footnotes":""},"yoast_head":"<!-- This site is optimized with the Yoast SEO plugin v23.3 - https:\/\/yoast.com\/wordpress\/plugins\/seo\/ -->\n<title>Sobre n\u00f3s - Career Questor<\/title>\n<meta name=\"robots\" content=\"index, follow, max-snippet:-1, max-image-preview:large, max-video-preview:-1\" \/>\n<link rel=\"canonical\" href=\"https:\/\/careerquestor.com\/fr\/about\/\" \/>\n<meta property=\"og:locale\" content=\"fr_FR\" \/>\n<meta property=\"og:type\" content=\"article\" \/>\n<meta property=\"og:title\" content=\"Sobre n\u00f3s - Career Questor\" \/>\n<meta property=\"og:description\" content=\"Bem vindo ao CareerQuestor.com O CareerQuestor.com \u00e9 o seu destino ideal para explorar novas oportunidades de carreira, se adaptar \u00e0s mudan\u00e7as do mercado de trabalho e alcan\u00e7ar o sucesso profissional. Nossa miss\u00e3o \u00e9 oferecer insights valiosos, perspectivas inovadoras e recursos pr\u00e1ticos para ajudar voc\u00ea a tomar decis\u00f5es seguras e confiantes sobre o seu caminho profissional. [&hellip;]\" \/>\n<meta property=\"og:url\" content=\"https:\/\/careerquestor.com\/fr\/about\/\" \/>\n<meta property=\"og:site_name\" content=\"Career Questor\" \/>\n<meta property=\"article:modified_time\" content=\"2026-04-07T16:15:46+00:00\" \/>\n<meta name=\"twitter:card\" content=\"summary_large_image\" \/>\n<meta name=\"twitter:label1\" content=\"Est. reading time\" \/>\n\t<meta name=\"twitter:data1\" content=\"3 minutes\" \/>\n<script type=\"application\/ld+json\" class=\"yoast-schema-graph\">{\"@context\":\"https:\/\/schema.org\",\"@graph\":[{\"@type\":\"WebPage\",\"@id\":\"https:\/\/careerquestor.com\/about\/\",\"url\":\"https:\/\/careerquestor.com\/about\/\",\"name\":\"Sobre n\u00f3s - Career Questor\",\"isPartOf\":{\"@id\":\"https:\/\/careerquestor.com\/#website\"},\"datePublished\":\"2025-03-04T17:52:25+00:00\",\"dateModified\":\"2026-04-07T16:15:46+00:00\",\"breadcrumb\":{\"@id\":\"https:\/\/careerquestor.com\/about\/#breadcrumb\"},\"inLanguage\":\"fr-FR\",\"potentialAction\":[{\"@type\":\"ReadAction\",\"target\":[\"https:\/\/careerquestor.com\/about\/\"]}]},{\"@type\":\"BreadcrumbList\",\"@id\":\"https:\/\/careerquestor.com\/about\/#breadcrumb\",\"itemListElement\":[{\"@type\":\"ListItem\",\"position\":1,\"name\":\"Home\",\"item\":\"https:\/\/careerquestor.com\/\"},{\"@type\":\"ListItem\",\"position\":2,\"name\":\"Sobre n\u00f3s\"}]},{\"@type\":\"WebSite\",\"@id\":\"https:\/\/careerquestor.com\/#website\",\"url\":\"https:\/\/careerquestor.com\/\",\"name\":\"Career Questor\",\"description\":\"\",\"publisher\":{\"@id\":\"https:\/\/careerquestor.com\/#organization\"},\"potentialAction\":[{\"@type\":\"SearchAction\",\"target\":{\"@type\":\"EntryPoint\",\"urlTemplate\":\"https:\/\/careerquestor.com\/?s={search_term_string}\"},\"query-input\":\"required name=search_term_string\"}],\"inLanguage\":\"fr-FR\"},{\"@type\":\"Organization\",\"@id\":\"https:\/\/careerquestor.com\/#organization\",\"name\":\"Career Questor\",\"url\":\"https:\/\/careerquestor.com\/\",\"logo\":{\"@type\":\"ImageObject\",\"inLanguage\":\"fr-FR\",\"@id\":\"https:\/\/careerquestor.com\/#\/schema\/logo\/image\/\",\"url\":\"https:\/\/careerquestor.com\/wp-content\/uploads\/sites\/223\/2025\/07\/cropped-Cosa-rende-la-Cessione-del-Quinto-unica-1.jpg\",\"contentUrl\":\"https:\/\/careerquestor.com\/wp-content\/uploads\/sites\/223\/2025\/07\/cropped-Cosa-rende-la-Cessione-del-Quinto-unica-1.jpg\",\"width\":404,\"height\":480,\"caption\":\"Career Questor\"},\"image\":{\"@id\":\"https:\/\/careerquestor.com\/#\/schema\/logo\/image\/\"}}]}<\/script>\n<!-- \/ Yoast SEO plugin. -->","yoast_head_json":{"title":"Sobre n\u00f3s - Career Questor","robots":{"index":"index","follow":"follow","max-snippet":"max-snippet:-1","max-image-preview":"max-image-preview:large","max-video-preview":"max-video-preview:-1"},"canonical":"https:\/\/careerquestor.com\/fr\/about\/","og_locale":"fr_FR","og_type":"article","og_title":"Sobre n\u00f3s - Career Questor","og_description":"Bem vindo ao CareerQuestor.com O CareerQuestor.com \u00e9 o seu destino ideal para explorar novas oportunidades de carreira, se adaptar \u00e0s mudan\u00e7as do mercado de trabalho e alcan\u00e7ar o sucesso profissional. Nossa miss\u00e3o \u00e9 oferecer insights valiosos, perspectivas inovadoras e recursos pr\u00e1ticos para ajudar voc\u00ea a tomar decis\u00f5es seguras e confiantes sobre o seu caminho profissional. [&hellip;]","og_url":"https:\/\/careerquestor.com\/fr\/about\/","og_site_name":"Career Questor","article_modified_time":"2026-04-07T16:15:46+00:00","twitter_card":"summary_large_image","twitter_misc":{"Est. reading time":"3 minutes"},"schema":{"@context":"https:\/\/schema.org","@graph":[{"@type":"WebPage","@id":"https:\/\/careerquestor.com\/about\/","url":"https:\/\/careerquestor.com\/about\/","name":"Sobre n\u00f3s - Career Questor","isPartOf":{"@id":"https:\/\/careerquestor.com\/#website"},"datePublished":"2025-03-04T17:52:25+00:00","dateModified":"2026-04-07T16:15:46+00:00","breadcrumb":{"@id":"https:\/\/careerquestor.com\/about\/#breadcrumb"},"inLanguage":"fr-FR","potentialAction":[{"@type":"ReadAction","target":["https:\/\/careerquestor.com\/about\/"]}]},{"@type":"BreadcrumbList","@id":"https:\/\/careerquestor.com\/about\/#breadcrumb","itemListElement":[{"@type":"ListItem","position":1,"name":"Home","item":"https:\/\/careerquestor.com\/"},{"@type":"ListItem","position":2,"name":"Sobre n\u00f3s"}]},{"@type":"WebSite","@id":"https:\/\/careerquestor.com\/#website","url":"https:\/\/careerquestor.com\/","name":"Career Questor","description":"","publisher":{"@id":"https:\/\/careerquestor.com\/#organization"},"potentialAction":[{"@type":"SearchAction","target":{"@type":"EntryPoint","urlTemplate":"https:\/\/careerquestor.com\/?s={search_term_string}"},"query-input":"required name=search_term_string"}],"inLanguage":"fr-FR"},{"@type":"Organization","@id":"https:\/\/careerquestor.com\/#organization","name":"Career Questor","url":"https:\/\/careerquestor.com\/","logo":{"@type":"ImageObject","inLanguage":"fr-FR","@id":"https:\/\/careerquestor.com\/#\/schema\/logo\/image\/","url":"https:\/\/careerquestor.com\/wp-content\/uploads\/sites\/223\/2025\/07\/cropped-Cosa-rende-la-Cessione-del-Quinto-unica-1.jpg","contentUrl":"https:\/\/careerquestor.com\/wp-content\/uploads\/sites\/223\/2025\/07\/cropped-Cosa-rende-la-Cessione-del-Quinto-unica-1.jpg","width":404,"height":480,"caption":"Career Questor"},"image":{"@id":"https:\/\/careerquestor.com\/#\/schema\/logo\/image\/"}}]}},"uagb_featured_image_src":{"full":false,"thumbnail":false,"medium":false,"medium_large":false,"large":false,"1536x1536":false,"2048x2048":false,"trp-custom-language-flag":false},"uagb_author_info":{"display_name":"pontesingrid25","author_link":"https:\/\/careerquestor.com\/fr\/author\/pontesingrid25\/"},"uagb_comment_info":0,"uagb_excerpt":"Bem vindo ao CareerQuestor.com O CareerQuestor.com \u00e9 o seu destino ideal para explorar novas oportunidades de carreira, se adaptar \u00e0s mudan\u00e7as do mercado de trabalho e alcan\u00e7ar o sucesso profissional. Nossa miss\u00e3o \u00e9 oferecer insights valiosos, perspectivas inovadoras e recursos pr\u00e1ticos para ajudar voc\u00ea a tomar decis\u00f5es seguras e confiantes sobre o seu caminho profissional.\u2026","_links":{"self":[{"href":"https:\/\/careerquestor.com\/fr\/wp-json\/wp\/v2\/pages\/79"}],"collection":[{"href":"https:\/\/careerquestor.com\/fr\/wp-json\/wp\/v2\/pages"}],"about":[{"href":"https:\/\/careerquestor.com\/fr\/wp-json\/wp\/v2\/types\/page"}],"author":[{"embeddable":true,"href":"https:\/\/careerquestor.com\/fr\/wp-json\/wp\/v2\/users\/40"}],"replies":[{"embeddable":true,"href":"https:\/\/careerquestor.com\/fr\/wp-json\/wp\/v2\/comments?post=79"}],"version-history":[{"count":6,"href":"https:\/\/careerquestor.com\/fr\/wp-json\/wp\/v2\/pages\/79\/revisions"}],"predecessor-version":[{"id":2157,"href":"https:\/\/careerquestor.com\/fr\/wp-json\/wp\/v2\/pages\/79\/revisions\/2157"}],"wp:attachment":[{"href":"https:\/\/careerquestor.com\/fr\/wp-json\/wp\/v2\/media?parent=79"}],"curies":[{"name":"wp","href":"https:\/\/api.w.org\/{rel}","templated":true}]}}