{"id":79,"date":"2025-03-04T17:52:25","date_gmt":"2025-03-04T17:52:25","guid":{"rendered":"https:\/\/careerquestor.com\/?page_id=79"},"modified":"2026-04-07T16:15:46","modified_gmt":"2026-04-07T16:15:46","slug":"about","status":"publish","type":"page","link":"https:\/\/careerquestor.com\/he\/about\/","title":{"rendered":"\u05d0\u05d5\u05d3\u05d5\u05ea\u05d9\u05e0\u05d5"},"content":{"rendered":"<h2 class=\"wp-block-heading\">\u05d1\u05e8\u05d5\u05db\u05d9\u05dd \u05d4\u05d1\u05d0\u05d9\u05dd \u05dc-CareerQuestor.com<\/h2>\n\n\n\n<p>CareerQuestor.com \u05d4\u05d5\u05d0 \u05d4\u05d9\u05e2\u05d3 \u05d4\u05d0\u05d9\u05d3\u05d9\u05d0\u05dc\u05d9 \u05e2\u05d1\u05d5\u05e8\u05db\u05dd \u05dc\u05d1\u05d7\u05d9\u05e0\u05ea \u05d4\u05d6\u05d3\u05de\u05e0\u05d5\u05d9\u05d5\u05ea \u05e7\u05e8\u05d9\u05d9\u05e8\u05d4 \u05d7\u05d3\u05e9\u05d5\u05ea, \u05d4\u05e1\u05ea\u05d2\u05dc\u05d5\u05ea \u05dc\u05e9\u05d9\u05e0\u05d5\u05d9\u05d9\u05dd \u05d1\u05e9\u05d5\u05e7 \u05d4\u05e2\u05d1\u05d5\u05d3\u05d4 \u05d5\u05d4\u05e9\u05d2\u05ea \u05d4\u05e6\u05dc\u05d7\u05d4 \u05de\u05e7\u05e6\u05d5\u05e2\u05d9\u05ea.<\/p>\n\n\n\n<p>\u05d4\u05de\u05e9\u05d9\u05de\u05d4 \u05e9\u05dc\u05e0\u05d5 \u05d4\u05d9\u05d0 \u05dc\u05d4\u05e6\u05d9\u05e2 \u05ea\u05d5\u05d1\u05e0\u05d5\u05ea \u05d7\u05e9\u05d5\u05d1\u05d5\u05ea, \u05e0\u05e7\u05d5\u05d3\u05d5\u05ea \u05de\u05d1\u05d8 \u05d7\u05d3\u05e9\u05e0\u05d9\u05d5\u05ea \u05d5\u05de\u05e9\u05d0\u05d1\u05d9\u05dd \u05de\u05e2\u05e9\u05d9\u05d9\u05dd \u05e9\u05d9\u05e2\u05d6\u05e8\u05d5 \u05dc\u05db\u05dd \u05dc\u05e7\u05d1\u05dc \u05d4\u05d7\u05dc\u05d8\u05d5\u05ea \u05d1\u05d8\u05d5\u05d7\u05d5\u05ea \u05d5\u05d1\u05d8\u05d5\u05d7\u05d5\u05ea \u05dc\u05d2\u05d1\u05d9 \u05de\u05e1\u05dc\u05d5\u05dc \u05d4\u05e7\u05e8\u05d9\u05d9\u05e8\u05d4 \u05e9\u05dc\u05db\u05dd.<\/p>\n\n\n\n<p>\u05d1\u05d9\u05df \u05d0\u05dd \u05d0\u05ea\u05dd \u05d0\u05e0\u05e9\u05d9 \u05de\u05e7\u05e6\u05d5\u05e2 \u05de\u05e0\u05d5\u05e1\u05d9\u05dd \u05d4\u05de\u05d7\u05e4\u05e9\u05d9\u05dd \u05db\u05d9\u05d5\u05d5\u05df \u05d7\u05d3\u05e9 \u05d0\u05d5 \u05de\u05d9\u05e9\u05d4\u05d5 \u05e9\u05e8\u05e7 \u05de\u05ea\u05d7\u05d9\u05dc \u05d0\u05ea \u05d4\u05de\u05e1\u05e2 \u05e9\u05dc\u05d5, \u05d0\u05e0\u05d7\u05e0\u05d5 \u05db\u05d0\u05df \u05db\u05d3\u05d9 \u05dc\u05d4\u05d3\u05e8\u05d9\u05da \u05d0\u05ea\u05db\u05dd \u05dc\u05e2\u05d1\u05e8 \u05d4\u05de\u05d8\u05e8\u05d5\u05ea \u05e9\u05dc\u05db\u05dd.<\/p>\n\n\n\n<h3 class=\"wp-block-heading\">\u05de\u05d4 \u05e9\u05d0\u05e0\u05d7\u05e0\u05d5 \u05de\u05e6\u05d9\u05e2\u05d9\u05dd<\/h3>\n\n\n\n<p><strong>\u05de\u05d2\u05de\u05d5\u05ea \u05d1\u05e9\u05d5\u05e7 \u05d4\u05e2\u05d1\u05d5\u05d3\u05d4<\/strong><\/p>\n\n\n\n<ul>\n<li><strong>\u05e0\u05d5\u05d5\u05d3\u05d9\u05d6\u05dd \u05d3\u05d9\u05d2\u05d9\u05d8\u05dc\u05d9<\/strong> \u05dc\u05de\u05d3 \u05db\u05d9\u05e6\u05d3 \u05dc\u05e2\u05d1\u05d5\u05d3 \u05de\u05db\u05dc \u05de\u05e7\u05d5\u05dd \u05d1\u05e2\u05d5\u05dc\u05dd, \u05ea\u05d5\u05da \u05e0\u05d9\u05e6\u05d5\u05dc \u05de\u05e8\u05d1\u05d9 \u05e9\u05dc \u05d4\u05d7\u05d5\u05e4\u05e9 \u05d5\u05d4\u05d2\u05de\u05d9\u05e9\u05d5\u05ea \u05e9\u05dc \u05de\u05d2\u05de\u05d4 \u05d4\u05d5\u05dc\u05db\u05ea \u05d5\u05d2\u05d3\u05dc\u05d4 \u05d6\u05d5.<\/li>\n\n\n\n<li><strong>\u05e2\u05d1\u05d5\u05d3\u05d4 \u05de\u05e8\u05d7\u05d5\u05e7<\/strong> \u05d2\u05dc\u05d5 \u05db\u05d9\u05e6\u05d3 \u05dc\u05d4\u05e6\u05d8\u05d9\u05d9\u05df \u05d1\u05e2\u05d1\u05d5\u05d3\u05d4 \u05de\u05d4\u05d1\u05d9\u05ea, \u05dc\u05e9\u05de\u05d5\u05e8 \u05e2\u05dc \u05e4\u05e8\u05d5\u05d3\u05d5\u05e7\u05d8\u05d9\u05d1\u05d9\u05d5\u05ea \u05d5\u05d0\u05d9\u05d6\u05d5\u05df \u05d1\u05d9\u05df \u05d4\u05d7\u05d9\u05d9\u05dd \u05d4\u05d0\u05d9\u05e9\u05d9\u05d9\u05dd \u05d5\u05d4\u05de\u05e7\u05e6\u05d5\u05e2\u05d9\u05d9\u05dd.<\/li>\n\n\n\n<li><strong>\u05e7\u05e8\u05d9\u05d9\u05e8\u05d5\u05ea \u05de\u05d1\u05d5\u05e7\u05e9\u05d5\u05ea<\/strong> \u05d4\u05d9\u05e9\u05d0\u05e8\u05d5 \u05de\u05e2\u05d5\u05d3\u05db\u05e0\u05d9\u05dd \u05d1\u05ea\u05d7\u05d5\u05de\u05d9\u05dd \u05d4\u05de\u05d1\u05d5\u05e7\u05e9\u05d9\u05dd \u05d1\u05d9\u05d5\u05ea\u05e8, \u05e2\u05dd \u05d8\u05d9\u05e4\u05d9\u05dd \u05e2\u05dc \u05de\u05e9\u05e8\u05d5\u05ea \u05e4\u05e0\u05d5\u05d9\u05d5\u05ea \u05d5\u05d4\u05d6\u05d3\u05de\u05e0\u05d5\u05d9\u05d5\u05ea \u05e6\u05de\u05d9\u05d7\u05d4.<\/li>\n<\/ul>\n\n\n\n<p><strong>\u05e4\u05d9\u05ea\u05d5\u05d7 \u05de\u05e7\u05e6\u05d5\u05e2\u05d9<\/strong><\/p>\n\n\n\n<ul>\n<li><strong>\u05e0\u05d8\u05d5\u05d5\u05e8\u05e7\u05d9\u05e0\u05d2 \u05d0\u05e1\u05d8\u05e8\u05d8\u05d2\u05d9<\/strong> \u05dc\u05de\u05d3 \u05db\u05d9\u05e6\u05d3 \u05dc\u05d1\u05e0\u05d5\u05ea \u05e7\u05e9\u05e8\u05d9\u05dd \u05d2\u05dc\u05d5\u05d1\u05dc\u05d9\u05d9\u05dd \u05db\u05d3\u05d9 \u05dc\u05e7\u05d3\u05dd \u05d0\u05ea \u05d4\u05e7\u05e8\u05d9\u05d9\u05e8\u05d4 \u05e9\u05dc\u05da \u05d5\u05dc\u05e4\u05ea\u05d5\u05d7 \u05d4\u05d6\u05d3\u05de\u05e0\u05d5\u05d9\u05d5\u05ea \u05d7\u05d3\u05e9\u05d5\u05ea.<\/li>\n\n\n\n<li><strong>\u05dc\u05de\u05d9\u05d3\u05d4 \u05de\u05ea\u05de\u05e9\u05db\u05ea<\/strong> \u05dc\u05d4\u05d1\u05d9\u05df \u05db\u05d9\u05e6\u05d3 \u05dc\u05de\u05d9\u05d3\u05d4 \u05dc\u05d0\u05d5\u05e8\u05da \u05d4\u05d7\u05d9\u05d9\u05dd \u05d9\u05db\u05d5\u05dc\u05d4 \u05dc\u05d4\u05d9\u05d5\u05ea \u05d4\u05de\u05e4\u05ea\u05d7 \u05dc\u05e6\u05de\u05d9\u05d7\u05d4 \u05d1\u05e7\u05e8\u05d9\u05d9\u05e8\u05d4 \u05d5\u05dc\u05e9\u05de\u05d9\u05e8\u05d4 \u05e2\u05dc \u05e8\u05dc\u05d5\u05d5\u05e0\u05d8\u05d9\u05d5\u05ea \u05d1\u05e9\u05d5\u05e7.<\/li>\n\n\n\n<li><strong>\u05de\u05d9\u05ea\u05d5\u05d2 \u05d0\u05d9\u05e9\u05d9<\/strong> \u05de\u05e7\u05dd \u05d0\u05ea \u05e2\u05e6\u05de\u05da \u05d0\u05e1\u05d8\u05e8\u05d8\u05d2\u05d9\u05ea \u05db\u05d3\u05d9 \u05dc\u05de\u05e9\u05d5\u05da \u05d0\u05ea \u05d4\u05d4\u05d6\u05d3\u05de\u05e0\u05d5\u05d9\u05d5\u05ea \u05d4\u05de\u05e7\u05e6\u05d5\u05e2\u05d9\u05d5\u05ea \u05d4\u05d8\u05d5\u05d1\u05d5\u05ea \u05d1\u05d9\u05d5\u05ea\u05e8.<\/li>\n<\/ul>\n\n\n\n<p><strong>\u05d8\u05d9\u05e4\u05d9\u05dd \u05d5\u05de\u05e9\u05d0\u05d1\u05d9\u05dd \u05de\u05e2\u05e9\u05d9\u05d9\u05dd<\/strong><\/p>\n\n\n\n<ul>\n<li><strong>\u05de\u05d3\u05e8\u05d9\u05da \u05e7\u05e8\u05d9\u05d9\u05e8\u05d4<\/strong> \u05d2\u05e9 \u05dc\u05de\u05d0\u05de\u05e8\u05d9\u05dd \u05d5\u05de\u05d3\u05e8\u05d9\u05db\u05d9\u05dd \u05db\u05d3\u05d9 \u05dc\u05ea\u05db\u05e0\u05df \u05d0\u05ea \u05de\u05e1\u05dc\u05d5\u05dc \u05d4\u05e7\u05e8\u05d9\u05d9\u05e8\u05d4 \u05e9\u05dc\u05da \u05d1\u05e6\u05d5\u05e8\u05d4 \u05de\u05d5\u05d1\u05e0\u05d9\u05ea \u05d5\u05d9\u05e2\u05d9\u05dc\u05d4.<\/li>\n\n\n\n<li><strong>\u05db\u05dc\u05d9\u05dd \u05de\u05e7\u05e6\u05d5\u05e2\u05d9\u05d9\u05dd<\/strong> \u05d2\u05dc\u05d5 \u05d0\u05ea \u05d4\u05de\u05e9\u05d0\u05d1\u05d9\u05dd \u05d5\u05d4\u05e4\u05dc\u05d8\u05e4\u05d5\u05e8\u05de\u05d5\u05ea \u05d4\u05d8\u05d5\u05d1\u05d9\u05dd \u05d1\u05d9\u05d5\u05ea\u05e8 \u05dc\u05e9\u05d9\u05e4\u05d5\u05e8 \u05d4\u05d1\u05d9\u05e6\u05d5\u05e2\u05d9\u05dd \u05d5\u05d4\u05db\u05d9\u05e9\u05d5\u05e8\u05d9\u05dd \u05e9\u05dc\u05db\u05dd.<\/li>\n\n\n\n<li><strong>\u05e1\u05d9\u05e4\u05d5\u05e8\u05d9 \u05d4\u05e6\u05dc\u05d7\u05d4<\/strong> \u2013 \u05e7\u05d1\u05dc\u05d5 \u05d4\u05e9\u05e8\u05d0\u05d4 \u05de\u05d0\u05e0\u05e9\u05d9 \u05de\u05e7\u05e6\u05d5\u05e2 \u05e9\u05d4\u05d2\u05e9\u05d9\u05de\u05d5 \u05d0\u05ea \u05d7\u05dc\u05d5\u05de\u05d5\u05ea\u05d9\u05d4\u05dd \u05d5\u05e8\u05d0\u05d5 \u05db\u05d9\u05e6\u05d3 \u05d2\u05dd \u05d0\u05ea\u05dd \u05d9\u05db\u05d5\u05dc\u05d9\u05dd \u05dc\u05e9\u05e0\u05d5\u05ea \u05d0\u05ea \u05d4\u05e7\u05e8\u05d9\u05d9\u05e8\u05d4 \u05e9\u05dc\u05db\u05dd.<\/li>\n<\/ul>\n\n\n\n<p><strong>\u05d1\u05d9\u05d3\u05d5\u05e8 <\/strong><\/p>\n\n\n\n<ul>\n<li><strong> \u05de\u05e9\u05d7\u05e7\u05d9\u05dd \u05d3\u05d9\u05d2\u05d9\u05d8\u05dc\u05d9\u05d9\u05dd:<\/strong> \u05d0\u05e0\u05d5 \u05de\u05db\u05e1\u05d9\u05dd \u05d2\u05dd \u05ea\u05d5\u05db\u05df \u05d4\u05e7\u05e9\u05d5\u05e8 \u05dc\u05d1\u05d9\u05d3\u05d5\u05e8, \u05db\u05d5\u05dc\u05dc \u05e4\u05dc\u05d8\u05e4\u05d5\u05e8\u05de\u05d5\u05ea \u05e4\u05d5\u05e4\u05d5\u05dc\u05e8\u05d9\u05d5\u05ea \u05db\u05de\u05d5 Roblox. \u05ea\u05de\u05e6\u05d0\u05d5 \u05de\u05d3\u05e8\u05d9\u05db\u05d9\u05dd, \u05d8\u05d9\u05e4\u05d9\u05dd \u05d5\u05d4\u05e1\u05d1\u05e8\u05d9\u05dd \u05db\u05d9\u05e6\u05d3 \u05dc\u05d9\u05d4\u05e0\u05d5\u05ea \u05d1\u05e6\u05d5\u05e8\u05d4 \u05d4\u05d8\u05d5\u05d1\u05d4 \u05d1\u05d9\u05d5\u05ea\u05e8 \u05de\u05de\u05e9\u05d7\u05e7\u05d9\u05dd, \u05de\u05e9\u05d0\u05d1\u05d9\u05dd \u05d6\u05de\u05d9\u05e0\u05d9\u05dd, \u05d4\u05db\u05dc\u05db\u05dc\u05d4 \u05d4\u05d5\u05d5\u05d9\u05e8\u05d8\u05d5\u05d0\u05dc\u05d9\u05ea \u05d5\u05de\u05d2\u05de\u05d5\u05ea \u05d1\u05e2\u05d5\u05dc\u05dd \u05d4\u05de\u05e9\u05d7\u05e7\u05d9\u05dd, \u05ea\u05de\u05d9\u05d3 \u05e2\u05dd \u05d2\u05d9\u05e9\u05d4 \u05d0\u05d9\u05e0\u05e4\u05d5\u05e8\u05de\u05d8\u05d9\u05d1\u05d9\u05ea \u05d5\u05d0\u05d7\u05e8\u05d0\u05d9\u05ea.<\/li>\n<\/ul>\n\n\n\n<h3 class=\"wp-block-heading\">\u05dc\u05de\u05d4 \u05dc\u05d1\u05d7\u05d5\u05e8 \u05d1-CareerQuestor.com?<\/h3>\n\n\n\n<p>\u05d0\u05e0\u05d5 \u05de\u05d0\u05de\u05d9\u05e0\u05d9\u05dd \u05e9\u05db\u05dc \u05d0\u05d9\u05e9 \u05de\u05e7\u05e6\u05d5\u05e2 \u05d4\u05d5\u05d0 \u05d9\u05d9\u05d7\u05d5\u05d3\u05d9. \u05dc\u05db\u05df \u05d0\u05e0\u05d5 \u05de\u05e6\u05d9\u05e2\u05d9\u05dd \u05ea\u05d5\u05db\u05df \u05e9\u05e0\u05d5\u05e2\u05d3 \u05dc\u05e2\u05e0\u05d5\u05ea \u05e2\u05dc \u05e6\u05e8\u05db\u05d9\u05dd \u05d5\u05e4\u05e8\u05d5\u05e4\u05d9\u05dc\u05d9 \u05e7\u05e8\u05d9\u05d9\u05e8\u05d4 \u05e9\u05d5\u05e0\u05d9\u05dd.<\/p>\n\n\n\n<p>\u05d4\u05de\u05d7\u05d5\u05d9\u05d1\u05d5\u05ea \u05e9\u05dc\u05e0\u05d5 \u05d4\u05d9\u05d0 \u05dc\u05e1\u05e4\u05e7 \u05de\u05d9\u05d3\u05e2 \u05d0\u05d9\u05db\u05d5\u05ea\u05d9, \u05d4\u05de\u05d1\u05d5\u05e1\u05e1 \u05e2\u05dc \u05de\u05d7\u05e7\u05e8 \u05d5\u05dc\u05de\u05d9\u05d3\u05d4 \u05de\u05d4\u05e2\u05d5\u05dc\u05dd \u05d4\u05d0\u05de\u05d9\u05ea\u05d9, \u05db\u05da \u05e9\u05ea\u05d5\u05db\u05dc\u05d5 \u05dc\u05e7\u05d1\u05dc \u05d4\u05d7\u05dc\u05d8\u05d5\u05ea \u05de\u05d5\u05e9\u05db\u05dc\u05d5\u05ea \u05d5\u05d1\u05d8\u05d5\u05d7\u05d5\u05ea.<\/p>\n\n\n\n<p>\u05d1\u05e0\u05d9\u05d2\u05d5\u05d3 \u05dc\u05e4\u05dc\u05d8\u05e4\u05d5\u05e8\u05de\u05d5\u05ea \u05d0\u05d7\u05e8\u05d5\u05ea, \u05d0\u05e0\u05d5 \u05de\u05ea\u05de\u05e7\u05d3\u05d9\u05dd \u05d1\u05de\u05ea\u05df \u05ea\u05de\u05d9\u05db\u05d4 \u05de\u05e7\u05d9\u05e4\u05d4 - \u05d4\u05d7\u05dc \u05de\u05ea\u05d5\u05d1\u05e0\u05d5\u05ea \u05d0\u05e1\u05d8\u05e8\u05d8\u05d2\u05d9\u05d5\u05ea \u05d5\u05e2\u05d3 \u05d8\u05d9\u05e4\u05d9\u05dd \u05de\u05e2\u05e9\u05d9\u05d9\u05dd \u05e9\u05d1\u05d0\u05de\u05ea \u05e2\u05d5\u05e9\u05d9\u05dd \u05e9\u05d9\u05e0\u05d5\u05d9 \u05d1\u05d7\u05d9\u05d9 \u05d4\u05d9\u05d5\u05de\u05d9\u05d5\u05dd \u05d4\u05de\u05e7\u05e6\u05d5\u05e2\u05d9\u05d9\u05dd \u05e9\u05dc\u05db\u05dd.<\/p>\n\n\n\n<h3 class=\"wp-block-heading\">\u05de\u05d4 \u05de\u05d1\u05d3\u05d9\u05dc \u05d0\u05d5\u05ea\u05e0\u05d5?<\/h3>\n\n\n\n<ul>\n<li><strong>\u05ea\u05d5\u05db\u05df \u05de\u05e2\u05d5\u05d3\u05db\u05df<\/strong> \u05d0\u05e0\u05d5 \u05de\u05db\u05e1\u05d9\u05dd \u05d0\u05ea \u05d4\u05de\u05d2\u05de\u05d5\u05ea \u05d4\u05d0\u05d7\u05e8\u05d5\u05e0\u05d5\u05ea \u05d1\u05e9\u05d5\u05e7 \u05d4\u05e2\u05d1\u05d5\u05d3\u05d4 \u05db\u05d3\u05d9 \u05e9\u05ea\u05de\u05d9\u05d3 \u05ea\u05e9\u05d9\u05d2\u05d5 \u05d0\u05ea \u05de\u05d5\u05e7\u05d3 \u05d4\u05e6\u05de\u05d9\u05d7\u05d4.<\/li>\n\n\n\n<li><strong>\u05d3\u05d2\u05e9 \u05e2\u05dc \u05d8\u05e8\u05e0\u05e1\u05e4\u05d5\u05e8\u05de\u05e6\u05d9\u05d4 \u05d1\u05e7\u05e8\u05d9\u05d9\u05e8\u05d4<\/strong> \u05d4\u05d7\u05d5\u05de\u05e8\u05d9\u05dd \u05e9\u05dc\u05e0\u05d5 \u05e0\u05d5\u05e2\u05d3\u05d5 \u05dc\u05e2\u05d6\u05d5\u05e8 \u05dc\u05db\u05dd \u05dc\u05d4\u05ea\u05e4\u05ea\u05d7 \u05d5\u05dc\u05d4\u05e1\u05ea\u05d2\u05dc \u05d1\u05d0\u05d5\u05e4\u05df \u05de\u05ea\u05de\u05d9\u05d3 \u05dc\u05e9\u05d9\u05e0\u05d5\u05d9\u05d9\u05dd \u05d1\u05ea\u05e2\u05e9\u05d9\u05d9\u05d4.<\/li>\n\n\n\n<li><strong>\u05e7\u05d4\u05d9\u05dc\u05d4 \u05de\u05e2\u05d5\u05e8\u05d1\u05ea<\/strong> \u2013 \u05d4\u05e6\u05d8\u05e8\u05e4\u05d5 \u05dc\u05e8\u05e9\u05ea \u05e9\u05dc \u05d0\u05e0\u05e9\u05d9 \u05de\u05e7\u05e6\u05d5\u05e2 \u05de\u05ea\u05d7\u05d5\u05de\u05d9\u05dd \u05de\u05d2\u05d5\u05d5\u05e0\u05d9\u05dd \u05db\u05d3\u05d9 \u05dc\u05d4\u05d7\u05dc\u05d9\u05e3 \u05d7\u05d5\u05d5\u05d9\u05d5\u05ea \u05d5\u05dc\u05d1\u05e0\u05d5\u05ea \u05e7\u05e9\u05e8\u05d9\u05dd \u05d7\u05e9\u05d5\u05d1\u05d9\u05dd.<\/li>\n<\/ul>\n\n\n\n<h3 class=\"wp-block-heading\">\u05d1\u05d5\u05d0\u05d5 \u05e0\u05ea\u05d7\u05d9\u05dc!<\/h3>\n\n\n\n<p>\u05d0\u05dd \u05d0\u05ea\u05dd \u05e8\u05d5\u05e6\u05d9\u05dd \u05dc\u05e7\u05d3\u05dd \u05d0\u05ea \u05d4\u05e7\u05e8\u05d9\u05d9\u05e8\u05d4 \u05e9\u05dc\u05db\u05dd, \u05dc\u05d7\u05e7\u05d5\u05e8 \u05d4\u05d6\u05d3\u05de\u05e0\u05d5\u05d9\u05d5\u05ea \u05d7\u05d3\u05e9\u05d5\u05ea \u05d5\u05dc\u05d4\u05ea\u05db\u05d5\u05e0\u05df \u05dc\u05e2\u05ea\u05d9\u05d3 \u05d4\u05e2\u05d1\u05d5\u05d3\u05d4, CareerQuestor.com \u05d4\u05d5\u05d0 \u05d4\u05de\u05e7\u05d5\u05dd \u05d4\u05e0\u05db\u05d5\u05df \u05e2\u05d1\u05d5\u05e8\u05db\u05dd.<\/p>\n\n\n\n<p>\u05e2\u05d9\u05d9\u05e0\u05d5 \u05d1\u05de\u05d0\u05de\u05e8\u05d9\u05dd \u05e9\u05dc\u05e0\u05d5, \u05d4\u05e6\u05d8\u05e8\u05e4\u05d5 \u05dc\u05e7\u05d4\u05d9\u05dc\u05d4 \u05d5\u05d4\u05ea\u05d7\u05d9\u05dc\u05d5 \u05dc\u05d1\u05e0\u05d5\u05ea \u05d0\u05ea \u05e2\u05ea\u05d9\u05d3\u05db\u05dd \u05d4\u05de\u05e7\u05e6\u05d5\u05e2\u05d9 \u05e2\u05d5\u05d3 \u05d4\u05d9\u05d5\u05dd.<\/p>\n\n\n\n<p>\u05e6\u05e8\u05d5 \u05e7\u05e9\u05e8, \u05e2\u05d9\u05d9\u05e0\u05d5 \u05d1\u05de\u05d3\u05d9\u05e0\u05d9\u05d5\u05ea \u05d4\u05e4\u05e8\u05d8\u05d9\u05d5\u05ea \u05e9\u05dc\u05e0\u05d5 \u05dc\u05e4\u05e8\u05d8\u05d9\u05dd \u05e0\u05d5\u05e1\u05e4\u05d9\u05dd, \u05d0\u05d5 \u05e2\u05d9\u05d9\u05e0\u05d5 \u05d1\u05de\u05d0\u05de\u05e8\u05d9\u05dd \u05d4\u05d0\u05d7\u05e8\u05d5\u05e0\u05d9\u05dd \u05e9\u05dc\u05e0\u05d5 \u05db\u05d3\u05d9 \u05dc\u05e2\u05e9\u05d5\u05ea \u05d0\u05ea \u05d4\u05e6\u05e2\u05d3 \u05d4\u05e8\u05d0\u05e9\u05d5\u05df \u05d1\u05de\u05e1\u05e2 \u05e9\u05dc\u05db\u05dd \u05e2\u05db\u05e9\u05d9\u05d5.<\/p>","protected":false},"excerpt":{"rendered":"<p>Bem vindo ao CareerQuestor.com O CareerQuestor.com \u00e9 o seu destino ideal para explorar novas oportunidades de carreira, se adaptar \u00e0s mudan\u00e7as do mercado de trabalho e alcan\u00e7ar o sucesso profissional. Nossa miss\u00e3o \u00e9 oferecer insights valiosos, perspectivas inovadoras e recursos pr\u00e1ticos para ajudar voc\u00ea a tomar decis\u00f5es seguras e confiantes sobre o seu caminho profissional. [&hellip;]<\/p>","protected":false},"author":40,"featured_media":0,"parent":0,"menu_order":0,"comment_status":"closed","ping_status":"closed","template":"","meta":{"_uag_custom_page_level_css":"","site-sidebar-layout":"default","site-content-layout":"","ast-site-content-layout":"default","site-content-style":"default","site-sidebar-style":"default","ast-global-header-display":"","ast-banner-title-visibility":"","ast-main-header-display":"","ast-hfb-above-header-display":"","ast-hfb-below-header-display":"","ast-hfb-mobile-header-display":"","site-post-title":"","ast-breadcrumbs-content":"","ast-featured-img":"","footer-sml-layout":"","theme-transparent-header-meta":"","adv-header-id-meta":"","stick-header-meta":"","header-above-stick-meta":"","header-main-stick-meta":"","header-below-stick-meta":"","astra-migrate-meta-layouts":"set","ast-page-background-enabled":"default","ast-page-background-meta":{"desktop":{"background-color":"var(--ast-global-color-4)","background-image":"","background-repeat":"repeat","background-position":"center center","background-size":"auto","background-attachment":"scroll","background-type":"","background-media":"","overlay-type":"","overlay-color":"","overlay-opacity":"","overlay-gradient":""},"tablet":{"background-color":"","background-image":"","background-repeat":"repeat","background-position":"center center","background-size":"auto","background-attachment":"scroll","background-type":"","background-media":"","overlay-type":"","overlay-color":"","overlay-opacity":"","overlay-gradient":""},"mobile":{"background-color":"","background-image":"","background-repeat":"repeat","background-position":"center center","background-size":"auto","background-attachment":"scroll","background-type":"","background-media":"","overlay-type":"","overlay-color":"","overlay-opacity":"","overlay-gradient":""}},"ast-content-background-meta":{"desktop":{"background-color":"var(--ast-global-color-5)","background-image":"","background-repeat":"repeat","background-position":"center center","background-size":"auto","background-attachment":"scroll","background-type":"","background-media":"","overlay-type":"","overlay-color":"","overlay-opacity":"","overlay-gradient":""},"tablet":{"background-color":"var(--ast-global-color-5)","background-image":"","background-repeat":"repeat","background-position":"center center","background-size":"auto","background-attachment":"scroll","background-type":"","background-media":"","overlay-type":"","overlay-color":"","overlay-opacity":"","overlay-gradient":""},"mobile":{"background-color":"var(--ast-global-color-5)","background-image":"","background-repeat":"repeat","background-position":"center center","background-size":"auto","background-attachment":"scroll","background-type":"","background-media":"","overlay-type":"","overlay-color":"","overlay-opacity":"","overlay-gradient":""}},"footnotes":""},"yoast_head":"<!-- This site is optimized with the Yoast SEO plugin v23.3 - https:\/\/yoast.com\/wordpress\/plugins\/seo\/ -->\n<title>Sobre n\u00f3s - Career Questor<\/title>\n<meta name=\"robots\" content=\"index, follow, max-snippet:-1, max-image-preview:large, max-video-preview:-1\" \/>\n<link rel=\"canonical\" href=\"https:\/\/careerquestor.com\/he\/about\/\" \/>\n<meta property=\"og:locale\" content=\"he_IL\" \/>\n<meta property=\"og:type\" content=\"article\" \/>\n<meta property=\"og:title\" content=\"Sobre n\u00f3s - Career Questor\" \/>\n<meta property=\"og:description\" content=\"Bem vindo ao CareerQuestor.com O CareerQuestor.com \u00e9 o seu destino ideal para explorar novas oportunidades de carreira, se adaptar \u00e0s mudan\u00e7as do mercado de trabalho e alcan\u00e7ar o sucesso profissional. Nossa miss\u00e3o \u00e9 oferecer insights valiosos, perspectivas inovadoras e recursos pr\u00e1ticos para ajudar voc\u00ea a tomar decis\u00f5es seguras e confiantes sobre o seu caminho profissional. [&hellip;]\" \/>\n<meta property=\"og:url\" content=\"https:\/\/careerquestor.com\/he\/about\/\" \/>\n<meta property=\"og:site_name\" content=\"Career Questor\" \/>\n<meta property=\"article:modified_time\" content=\"2026-04-07T16:15:46+00:00\" \/>\n<meta name=\"twitter:card\" content=\"summary_large_image\" \/>\n<meta name=\"twitter:label1\" content=\"Est. reading time\" \/>\n\t<meta name=\"twitter:data1\" content=\"3 \u05d3\u05e7\u05d5\u05ea\" \/>\n<script type=\"application\/ld+json\" class=\"yoast-schema-graph\">{\"@context\":\"https:\/\/schema.org\",\"@graph\":[{\"@type\":\"WebPage\",\"@id\":\"https:\/\/careerquestor.com\/about\/\",\"url\":\"https:\/\/careerquestor.com\/about\/\",\"name\":\"Sobre n\u00f3s - Career Questor\",\"isPartOf\":{\"@id\":\"https:\/\/careerquestor.com\/#website\"},\"datePublished\":\"2025-03-04T17:52:25+00:00\",\"dateModified\":\"2026-04-07T16:15:46+00:00\",\"breadcrumb\":{\"@id\":\"https:\/\/careerquestor.com\/about\/#breadcrumb\"},\"inLanguage\":\"he-IL\",\"potentialAction\":[{\"@type\":\"ReadAction\",\"target\":[\"https:\/\/careerquestor.com\/about\/\"]}]},{\"@type\":\"BreadcrumbList\",\"@id\":\"https:\/\/careerquestor.com\/about\/#breadcrumb\",\"itemListElement\":[{\"@type\":\"ListItem\",\"position\":1,\"name\":\"Home\",\"item\":\"https:\/\/careerquestor.com\/\"},{\"@type\":\"ListItem\",\"position\":2,\"name\":\"Sobre n\u00f3s\"}]},{\"@type\":\"WebSite\",\"@id\":\"https:\/\/careerquestor.com\/#website\",\"url\":\"https:\/\/careerquestor.com\/\",\"name\":\"Career Questor\",\"description\":\"\",\"publisher\":{\"@id\":\"https:\/\/careerquestor.com\/#organization\"},\"potentialAction\":[{\"@type\":\"SearchAction\",\"target\":{\"@type\":\"EntryPoint\",\"urlTemplate\":\"https:\/\/careerquestor.com\/?s={search_term_string}\"},\"query-input\":\"required name=search_term_string\"}],\"inLanguage\":\"he-IL\"},{\"@type\":\"Organization\",\"@id\":\"https:\/\/careerquestor.com\/#organization\",\"name\":\"Career Questor\",\"url\":\"https:\/\/careerquestor.com\/\",\"logo\":{\"@type\":\"ImageObject\",\"inLanguage\":\"he-IL\",\"@id\":\"https:\/\/careerquestor.com\/#\/schema\/logo\/image\/\",\"url\":\"https:\/\/careerquestor.com\/wp-content\/uploads\/sites\/223\/2025\/07\/cropped-Cosa-rende-la-Cessione-del-Quinto-unica-1.jpg\",\"contentUrl\":\"https:\/\/careerquestor.com\/wp-content\/uploads\/sites\/223\/2025\/07\/cropped-Cosa-rende-la-Cessione-del-Quinto-unica-1.jpg\",\"width\":404,\"height\":480,\"caption\":\"Career Questor\"},\"image\":{\"@id\":\"https:\/\/careerquestor.com\/#\/schema\/logo\/image\/\"}}]}<\/script>\n<!-- \/ Yoast SEO plugin. -->","yoast_head_json":{"title":"Sobre n\u00f3s - Career Questor","robots":{"index":"index","follow":"follow","max-snippet":"max-snippet:-1","max-image-preview":"max-image-preview:large","max-video-preview":"max-video-preview:-1"},"canonical":"https:\/\/careerquestor.com\/he\/about\/","og_locale":"he_IL","og_type":"article","og_title":"Sobre n\u00f3s - Career Questor","og_description":"Bem vindo ao CareerQuestor.com O CareerQuestor.com \u00e9 o seu destino ideal para explorar novas oportunidades de carreira, se adaptar \u00e0s mudan\u00e7as do mercado de trabalho e alcan\u00e7ar o sucesso profissional. Nossa miss\u00e3o \u00e9 oferecer insights valiosos, perspectivas inovadoras e recursos pr\u00e1ticos para ajudar voc\u00ea a tomar decis\u00f5es seguras e confiantes sobre o seu caminho profissional. [&hellip;]","og_url":"https:\/\/careerquestor.com\/he\/about\/","og_site_name":"Career Questor","article_modified_time":"2026-04-07T16:15:46+00:00","twitter_card":"summary_large_image","twitter_misc":{"Est. reading time":"3 \u05d3\u05e7\u05d5\u05ea"},"schema":{"@context":"https:\/\/schema.org","@graph":[{"@type":"WebPage","@id":"https:\/\/careerquestor.com\/about\/","url":"https:\/\/careerquestor.com\/about\/","name":"Sobre n\u00f3s - Career Questor","isPartOf":{"@id":"https:\/\/careerquestor.com\/#website"},"datePublished":"2025-03-04T17:52:25+00:00","dateModified":"2026-04-07T16:15:46+00:00","breadcrumb":{"@id":"https:\/\/careerquestor.com\/about\/#breadcrumb"},"inLanguage":"he-IL","potentialAction":[{"@type":"ReadAction","target":["https:\/\/careerquestor.com\/about\/"]}]},{"@type":"BreadcrumbList","@id":"https:\/\/careerquestor.com\/about\/#breadcrumb","itemListElement":[{"@type":"ListItem","position":1,"name":"Home","item":"https:\/\/careerquestor.com\/"},{"@type":"ListItem","position":2,"name":"Sobre n\u00f3s"}]},{"@type":"WebSite","@id":"https:\/\/careerquestor.com\/#website","url":"https:\/\/careerquestor.com\/","name":"Career Questor","description":"","publisher":{"@id":"https:\/\/careerquestor.com\/#organization"},"potentialAction":[{"@type":"SearchAction","target":{"@type":"EntryPoint","urlTemplate":"https:\/\/careerquestor.com\/?s={search_term_string}"},"query-input":"required name=search_term_string"}],"inLanguage":"he-IL"},{"@type":"Organization","@id":"https:\/\/careerquestor.com\/#organization","name":"Career Questor","url":"https:\/\/careerquestor.com\/","logo":{"@type":"ImageObject","inLanguage":"he-IL","@id":"https:\/\/careerquestor.com\/#\/schema\/logo\/image\/","url":"https:\/\/careerquestor.com\/wp-content\/uploads\/sites\/223\/2025\/07\/cropped-Cosa-rende-la-Cessione-del-Quinto-unica-1.jpg","contentUrl":"https:\/\/careerquestor.com\/wp-content\/uploads\/sites\/223\/2025\/07\/cropped-Cosa-rende-la-Cessione-del-Quinto-unica-1.jpg","width":404,"height":480,"caption":"Career Questor"},"image":{"@id":"https:\/\/careerquestor.com\/#\/schema\/logo\/image\/"}}]}},"uagb_featured_image_src":{"full":false,"thumbnail":false,"medium":false,"medium_large":false,"large":false,"1536x1536":false,"2048x2048":false,"trp-custom-language-flag":false},"uagb_author_info":{"display_name":"pontesingrid25","author_link":"https:\/\/careerquestor.com\/he\/author\/pontesingrid25\/"},"uagb_comment_info":0,"uagb_excerpt":"Bem vindo ao CareerQuestor.com O CareerQuestor.com \u00e9 o seu destino ideal para explorar novas oportunidades de carreira, se adaptar \u00e0s mudan\u00e7as do mercado de trabalho e alcan\u00e7ar o sucesso profissional. Nossa miss\u00e3o \u00e9 oferecer insights valiosos, perspectivas inovadoras e recursos pr\u00e1ticos para ajudar voc\u00ea a tomar decis\u00f5es seguras e confiantes sobre o seu caminho profissional.&hellip;","_links":{"self":[{"href":"https:\/\/careerquestor.com\/he\/wp-json\/wp\/v2\/pages\/79"}],"collection":[{"href":"https:\/\/careerquestor.com\/he\/wp-json\/wp\/v2\/pages"}],"about":[{"href":"https:\/\/careerquestor.com\/he\/wp-json\/wp\/v2\/types\/page"}],"author":[{"embeddable":true,"href":"https:\/\/careerquestor.com\/he\/wp-json\/wp\/v2\/users\/40"}],"replies":[{"embeddable":true,"href":"https:\/\/careerquestor.com\/he\/wp-json\/wp\/v2\/comments?post=79"}],"version-history":[{"count":6,"href":"https:\/\/careerquestor.com\/he\/wp-json\/wp\/v2\/pages\/79\/revisions"}],"predecessor-version":[{"id":2157,"href":"https:\/\/careerquestor.com\/he\/wp-json\/wp\/v2\/pages\/79\/revisions\/2157"}],"wp:attachment":[{"href":"https:\/\/careerquestor.com\/he\/wp-json\/wp\/v2\/media?parent=79"}],"curies":[{"name":"wp","href":"https:\/\/api.w.org\/{rel}","templated":true}]}}