{"id":79,"date":"2025-03-04T17:52:25","date_gmt":"2025-03-04T17:52:25","guid":{"rendered":"https:\/\/careerquestor.com\/?page_id=79"},"modified":"2026-04-07T16:15:46","modified_gmt":"2026-04-07T16:15:46","slug":"about","status":"publish","type":"page","link":"https:\/\/careerquestor.com\/id\/about\/","title":{"rendered":"Tentang kami"},"content":{"rendered":"<h2 class=\"wp-block-heading\">Selamat datang di CareerQuestor.com<\/h2>\n\n\n\n<p>CareerQuestor.com adalah tujuan ideal Anda untuk menjelajahi peluang karier baru, beradaptasi dengan perubahan di pasar kerja, dan meraih kesuksesan profesional.<\/p>\n\n\n\n<p>Misi kami adalah menawarkan wawasan berharga, perspektif inovatif, dan sumber daya praktis untuk membantu Anda membuat keputusan yang aman dan percaya diri tentang jalur karier Anda.<\/p>\n\n\n\n<p>Baik Anda seorang profesional berpengalaman yang mencari arah baru atau seseorang yang baru memulai perjalanan Anda, kami di sini untuk membimbing Anda menuju tujuan Anda.<\/p>\n\n\n\n<h3 class=\"wp-block-heading\">Apa yang kami tawarkan<\/h3>\n\n\n\n<p><strong>Tren pasar tenaga kerja<\/strong><\/p>\n\n\n\n<ul>\n<li><strong>Nomadisme digital<\/strong> Pelajari cara bekerja dari mana saja di dunia, manfaatkan sepenuhnya kebebasan dan fleksibilitas dari tren yang berkembang ini.<\/li>\n\n\n\n<li><strong>Kerja jarak jauh<\/strong> Temukan cara untuk berprestasi saat bekerja dari rumah, menjaga produktivitas, dan keseimbangan antara kehidupan pribadi dan profesional Anda.<\/li>\n\n\n\n<li><strong>Karier yang banyak diminati<\/strong> Tetaplah terinformasi tentang area yang paling diminati, dengan tips mengenai lowongan pekerjaan dan peluang pengembangan karier.<\/li>\n<\/ul>\n\n\n\n<p><strong>Pengembangan profesional<\/strong><\/p>\n\n\n\n<ul>\n<li><strong>Jaringan strategis<\/strong> Pelajari cara membangun koneksi global untuk meningkatkan karier Anda dan membuka peluang baru.<\/li>\n\n\n\n<li><strong>Pembelajaran berkelanjutan<\/strong> Pahami bagaimana pembelajaran sepanjang hayat dapat menjadi kunci pertumbuhan karier dan menjaga relevansi di pasar.<\/li>\n\n\n\n<li><strong>Personal branding<\/strong> Posisikan diri Anda secara strategis untuk menarik peluang profesional terbaik.<\/li>\n<\/ul>\n\n\n\n<p><strong>Tips dan sumber daya praktis<\/strong><\/p>\n\n\n\n<ul>\n<li><strong>Panduan karier<\/strong> Akses artikel dan tutorial untuk merencanakan jalur karier Anda secara terstruktur dan efisien.<\/li>\n\n\n\n<li><strong>Alat profesional<\/strong> Temukan sumber daya dan platform terbaik untuk meningkatkan kinerja dan keterampilan Anda.<\/li>\n\n\n\n<li><strong>Kisah sukses<\/strong> \u2013 Dapatkan inspirasi dari para profesional yang telah mencapai impian mereka dan lihat bagaimana Anda juga dapat mengubah karier Anda.<\/li>\n<\/ul>\n\n\n\n<p><strong>Hiburan <\/strong><\/p>\n\n\n\n<ul>\n<li><strong> Permainan digital:<\/strong> Kami juga membahas konten terkait hiburan, termasuk platform populer seperti Roblox. Anda akan menemukan panduan, kiat, dan penjelasan tentang cara terbaik menikmati permainan, sumber daya yang tersedia, ekonomi virtual, dan tren di dunia game, selalu dengan pendekatan yang informatif dan bertanggung jawab.<\/li>\n<\/ul>\n\n\n\n<h3 class=\"wp-block-heading\">Mengapa memilih CareerQuestor.com?<\/h3>\n\n\n\n<p>Kami percaya bahwa setiap profesional itu unik. Itulah mengapa kami menawarkan konten yang dirancang untuk memenuhi berbagai kebutuhan dan profil karier.<\/p>\n\n\n\n<p>Komitmen kami adalah untuk memberikan informasi berkualitas tinggi, berdasarkan penelitian dan pembelajaran dari dunia nyata, sehingga Anda dapat membuat keputusan yang tepat dan percaya diri.<\/p>\n\n\n\n<p>Berbeda dengan platform lain, fokus kami adalah memberikan dukungan komprehensif \u2014 mulai dari wawasan strategis hingga kiat praktis yang benar-benar membuat perbedaan dalam kehidupan profesional Anda sehari-hari.<\/p>\n\n\n\n<h3 class=\"wp-block-heading\">Apa yang membedakan kami?<\/h3>\n\n\n\n<ul>\n<li><strong>Konten yang diperbarui<\/strong> Kami meliput tren pasar kerja terkini agar Anda selalu selangkah lebih maju.<\/li>\n\n\n\n<li><strong>Fokus pada transformasi karier<\/strong> Materi kami dirancang untuk membantu Anda berkembang dan terus beradaptasi dengan perubahan di industri ini.<\/li>\n\n\n\n<li><strong>Komunitas yang terlibat<\/strong> \u2013 Bergabunglah dengan jaringan profesional dari berbagai bidang untuk bertukar pengalaman dan membangun koneksi yang berharga.<\/li>\n<\/ul>\n\n\n\n<h3 class=\"wp-block-heading\">Mari kita mulai!<\/h3>\n\n\n\n<p>Jika Anda ingin memajukan karier, menjelajahi peluang baru, dan mempersiapkan diri untuk masa depan pekerjaan, CareerQuestor.com adalah tempat yang tepat untuk Anda.<\/p>\n\n\n\n<p>Telusuri artikel kami, bergabunglah dengan komunitas, dan mulailah membangun masa depan profesional Anda hari ini.<\/p>\n\n\n\n<p>Hubungi kami, lihat Kebijakan Privasi kami untuk detail selengkapnya, atau periksa Artikel Terbaru kami untuk mengambil langkah pertama dalam perjalanan Anda sekarang.<\/p>","protected":false},"excerpt":{"rendered":"<p>Bem vindo ao CareerQuestor.com O CareerQuestor.com \u00e9 o seu destino ideal para explorar novas oportunidades de carreira, se adaptar \u00e0s mudan\u00e7as do mercado de trabalho e alcan\u00e7ar o sucesso profissional. Nossa miss\u00e3o \u00e9 oferecer insights valiosos, perspectivas inovadoras e recursos pr\u00e1ticos para ajudar voc\u00ea a tomar decis\u00f5es seguras e confiantes sobre o seu caminho profissional. [&hellip;]<\/p>","protected":false},"author":40,"featured_media":0,"parent":0,"menu_order":0,"comment_status":"closed","ping_status":"closed","template":"","meta":{"_uag_custom_page_level_css":"","site-sidebar-layout":"default","site-content-layout":"","ast-site-content-layout":"default","site-content-style":"default","site-sidebar-style":"default","ast-global-header-display":"","ast-banner-title-visibility":"","ast-main-header-display":"","ast-hfb-above-header-display":"","ast-hfb-below-header-display":"","ast-hfb-mobile-header-display":"","site-post-title":"","ast-breadcrumbs-content":"","ast-featured-img":"","footer-sml-layout":"","theme-transparent-header-meta":"","adv-header-id-meta":"","stick-header-meta":"","header-above-stick-meta":"","header-main-stick-meta":"","header-below-stick-meta":"","astra-migrate-meta-layouts":"set","ast-page-background-enabled":"default","ast-page-background-meta":{"desktop":{"background-color":"var(--ast-global-color-4)","background-image":"","background-repeat":"repeat","background-position":"center center","background-size":"auto","background-attachment":"scroll","background-type":"","background-media":"","overlay-type":"","overlay-color":"","overlay-opacity":"","overlay-gradient":""},"tablet":{"background-color":"","background-image":"","background-repeat":"repeat","background-position":"center center","background-size":"auto","background-attachment":"scroll","background-type":"","background-media":"","overlay-type":"","overlay-color":"","overlay-opacity":"","overlay-gradient":""},"mobile":{"background-color":"","background-image":"","background-repeat":"repeat","background-position":"center center","background-size":"auto","background-attachment":"scroll","background-type":"","background-media":"","overlay-type":"","overlay-color":"","overlay-opacity":"","overlay-gradient":""}},"ast-content-background-meta":{"desktop":{"background-color":"var(--ast-global-color-5)","background-image":"","background-repeat":"repeat","background-position":"center center","background-size":"auto","background-attachment":"scroll","background-type":"","background-media":"","overlay-type":"","overlay-color":"","overlay-opacity":"","overlay-gradient":""},"tablet":{"background-color":"var(--ast-global-color-5)","background-image":"","background-repeat":"repeat","background-position":"center center","background-size":"auto","background-attachment":"scroll","background-type":"","background-media":"","overlay-type":"","overlay-color":"","overlay-opacity":"","overlay-gradient":""},"mobile":{"background-color":"var(--ast-global-color-5)","background-image":"","background-repeat":"repeat","background-position":"center center","background-size":"auto","background-attachment":"scroll","background-type":"","background-media":"","overlay-type":"","overlay-color":"","overlay-opacity":"","overlay-gradient":""}},"footnotes":""},"yoast_head":"<!-- This site is optimized with the Yoast SEO plugin v23.3 - https:\/\/yoast.com\/wordpress\/plugins\/seo\/ -->\n<title>Sobre n\u00f3s - Career Questor<\/title>\n<meta name=\"robots\" content=\"index, follow, max-snippet:-1, max-image-preview:large, max-video-preview:-1\" \/>\n<link rel=\"canonical\" href=\"https:\/\/careerquestor.com\/id\/about\/\" \/>\n<meta property=\"og:locale\" content=\"id_ID\" \/>\n<meta property=\"og:type\" content=\"article\" \/>\n<meta property=\"og:title\" content=\"Sobre n\u00f3s - Career Questor\" \/>\n<meta property=\"og:description\" content=\"Bem vindo ao CareerQuestor.com O CareerQuestor.com \u00e9 o seu destino ideal para explorar novas oportunidades de carreira, se adaptar \u00e0s mudan\u00e7as do mercado de trabalho e alcan\u00e7ar o sucesso profissional. Nossa miss\u00e3o \u00e9 oferecer insights valiosos, perspectivas inovadoras e recursos pr\u00e1ticos para ajudar voc\u00ea a tomar decis\u00f5es seguras e confiantes sobre o seu caminho profissional. [&hellip;]\" \/>\n<meta property=\"og:url\" content=\"https:\/\/careerquestor.com\/id\/about\/\" \/>\n<meta property=\"og:site_name\" content=\"Career Questor\" \/>\n<meta property=\"article:modified_time\" content=\"2026-04-07T16:15:46+00:00\" \/>\n<meta name=\"twitter:card\" content=\"summary_large_image\" \/>\n<meta name=\"twitter:label1\" content=\"Est. reading time\" \/>\n\t<meta name=\"twitter:data1\" content=\"3 menit\" \/>\n<script type=\"application\/ld+json\" class=\"yoast-schema-graph\">{\"@context\":\"https:\/\/schema.org\",\"@graph\":[{\"@type\":\"WebPage\",\"@id\":\"https:\/\/careerquestor.com\/about\/\",\"url\":\"https:\/\/careerquestor.com\/about\/\",\"name\":\"Sobre n\u00f3s - Career Questor\",\"isPartOf\":{\"@id\":\"https:\/\/careerquestor.com\/#website\"},\"datePublished\":\"2025-03-04T17:52:25+00:00\",\"dateModified\":\"2026-04-07T16:15:46+00:00\",\"breadcrumb\":{\"@id\":\"https:\/\/careerquestor.com\/about\/#breadcrumb\"},\"inLanguage\":\"id\",\"potentialAction\":[{\"@type\":\"ReadAction\",\"target\":[\"https:\/\/careerquestor.com\/about\/\"]}]},{\"@type\":\"BreadcrumbList\",\"@id\":\"https:\/\/careerquestor.com\/about\/#breadcrumb\",\"itemListElement\":[{\"@type\":\"ListItem\",\"position\":1,\"name\":\"Home\",\"item\":\"https:\/\/careerquestor.com\/\"},{\"@type\":\"ListItem\",\"position\":2,\"name\":\"Sobre n\u00f3s\"}]},{\"@type\":\"WebSite\",\"@id\":\"https:\/\/careerquestor.com\/#website\",\"url\":\"https:\/\/careerquestor.com\/\",\"name\":\"Career Questor\",\"description\":\"\",\"publisher\":{\"@id\":\"https:\/\/careerquestor.com\/#organization\"},\"potentialAction\":[{\"@type\":\"SearchAction\",\"target\":{\"@type\":\"EntryPoint\",\"urlTemplate\":\"https:\/\/careerquestor.com\/?s={search_term_string}\"},\"query-input\":\"required name=search_term_string\"}],\"inLanguage\":\"id\"},{\"@type\":\"Organization\",\"@id\":\"https:\/\/careerquestor.com\/#organization\",\"name\":\"Career Questor\",\"url\":\"https:\/\/careerquestor.com\/\",\"logo\":{\"@type\":\"ImageObject\",\"inLanguage\":\"id\",\"@id\":\"https:\/\/careerquestor.com\/#\/schema\/logo\/image\/\",\"url\":\"https:\/\/careerquestor.com\/wp-content\/uploads\/sites\/223\/2025\/07\/cropped-Cosa-rende-la-Cessione-del-Quinto-unica-1.jpg\",\"contentUrl\":\"https:\/\/careerquestor.com\/wp-content\/uploads\/sites\/223\/2025\/07\/cropped-Cosa-rende-la-Cessione-del-Quinto-unica-1.jpg\",\"width\":404,\"height\":480,\"caption\":\"Career Questor\"},\"image\":{\"@id\":\"https:\/\/careerquestor.com\/#\/schema\/logo\/image\/\"}}]}<\/script>\n<!-- \/ Yoast SEO plugin. -->","yoast_head_json":{"title":"Sobre n\u00f3s - Career Questor","robots":{"index":"index","follow":"follow","max-snippet":"max-snippet:-1","max-image-preview":"max-image-preview:large","max-video-preview":"max-video-preview:-1"},"canonical":"https:\/\/careerquestor.com\/id\/about\/","og_locale":"id_ID","og_type":"article","og_title":"Sobre n\u00f3s - Career Questor","og_description":"Bem vindo ao CareerQuestor.com O CareerQuestor.com \u00e9 o seu destino ideal para explorar novas oportunidades de carreira, se adaptar \u00e0s mudan\u00e7as do mercado de trabalho e alcan\u00e7ar o sucesso profissional. Nossa miss\u00e3o \u00e9 oferecer insights valiosos, perspectivas inovadoras e recursos pr\u00e1ticos para ajudar voc\u00ea a tomar decis\u00f5es seguras e confiantes sobre o seu caminho profissional. [&hellip;]","og_url":"https:\/\/careerquestor.com\/id\/about\/","og_site_name":"Career Questor","article_modified_time":"2026-04-07T16:15:46+00:00","twitter_card":"summary_large_image","twitter_misc":{"Est. reading time":"3 menit"},"schema":{"@context":"https:\/\/schema.org","@graph":[{"@type":"WebPage","@id":"https:\/\/careerquestor.com\/about\/","url":"https:\/\/careerquestor.com\/about\/","name":"Sobre n\u00f3s - Career Questor","isPartOf":{"@id":"https:\/\/careerquestor.com\/#website"},"datePublished":"2025-03-04T17:52:25+00:00","dateModified":"2026-04-07T16:15:46+00:00","breadcrumb":{"@id":"https:\/\/careerquestor.com\/about\/#breadcrumb"},"inLanguage":"id","potentialAction":[{"@type":"ReadAction","target":["https:\/\/careerquestor.com\/about\/"]}]},{"@type":"BreadcrumbList","@id":"https:\/\/careerquestor.com\/about\/#breadcrumb","itemListElement":[{"@type":"ListItem","position":1,"name":"Home","item":"https:\/\/careerquestor.com\/"},{"@type":"ListItem","position":2,"name":"Sobre n\u00f3s"}]},{"@type":"WebSite","@id":"https:\/\/careerquestor.com\/#website","url":"https:\/\/careerquestor.com\/","name":"Career Questor","description":"","publisher":{"@id":"https:\/\/careerquestor.com\/#organization"},"potentialAction":[{"@type":"SearchAction","target":{"@type":"EntryPoint","urlTemplate":"https:\/\/careerquestor.com\/?s={search_term_string}"},"query-input":"required name=search_term_string"}],"inLanguage":"id"},{"@type":"Organization","@id":"https:\/\/careerquestor.com\/#organization","name":"Career Questor","url":"https:\/\/careerquestor.com\/","logo":{"@type":"ImageObject","inLanguage":"id","@id":"https:\/\/careerquestor.com\/#\/schema\/logo\/image\/","url":"https:\/\/careerquestor.com\/wp-content\/uploads\/sites\/223\/2025\/07\/cropped-Cosa-rende-la-Cessione-del-Quinto-unica-1.jpg","contentUrl":"https:\/\/careerquestor.com\/wp-content\/uploads\/sites\/223\/2025\/07\/cropped-Cosa-rende-la-Cessione-del-Quinto-unica-1.jpg","width":404,"height":480,"caption":"Career Questor"},"image":{"@id":"https:\/\/careerquestor.com\/#\/schema\/logo\/image\/"}}]}},"uagb_featured_image_src":{"full":false,"thumbnail":false,"medium":false,"medium_large":false,"large":false,"1536x1536":false,"2048x2048":false,"trp-custom-language-flag":false},"uagb_author_info":{"display_name":"pontesingrid25","author_link":"https:\/\/careerquestor.com\/id\/author\/pontesingrid25\/"},"uagb_comment_info":0,"uagb_excerpt":"Bem vindo ao CareerQuestor.com O CareerQuestor.com \u00e9 o seu destino ideal para explorar novas oportunidades de carreira, se adaptar \u00e0s mudan\u00e7as do mercado de trabalho e alcan\u00e7ar o sucesso profissional. Nossa miss\u00e3o \u00e9 oferecer insights valiosos, perspectivas inovadoras e recursos pr\u00e1ticos para ajudar voc\u00ea a tomar decis\u00f5es seguras e confiantes sobre o seu caminho profissional.&hellip;","_links":{"self":[{"href":"https:\/\/careerquestor.com\/id\/wp-json\/wp\/v2\/pages\/79"}],"collection":[{"href":"https:\/\/careerquestor.com\/id\/wp-json\/wp\/v2\/pages"}],"about":[{"href":"https:\/\/careerquestor.com\/id\/wp-json\/wp\/v2\/types\/page"}],"author":[{"embeddable":true,"href":"https:\/\/careerquestor.com\/id\/wp-json\/wp\/v2\/users\/40"}],"replies":[{"embeddable":true,"href":"https:\/\/careerquestor.com\/id\/wp-json\/wp\/v2\/comments?post=79"}],"version-history":[{"count":6,"href":"https:\/\/careerquestor.com\/id\/wp-json\/wp\/v2\/pages\/79\/revisions"}],"predecessor-version":[{"id":2157,"href":"https:\/\/careerquestor.com\/id\/wp-json\/wp\/v2\/pages\/79\/revisions\/2157"}],"wp:attachment":[{"href":"https:\/\/careerquestor.com\/id\/wp-json\/wp\/v2\/media?parent=79"}],"curies":[{"name":"wp","href":"https:\/\/api.w.org\/{rel}","templated":true}]}}