{"id":79,"date":"2025-03-04T17:52:25","date_gmt":"2025-03-04T17:52:25","guid":{"rendered":"https:\/\/careerquestor.com\/?page_id=79"},"modified":"2026-04-07T16:15:46","modified_gmt":"2026-04-07T16:15:46","slug":"about","status":"publish","type":"page","link":"https:\/\/careerquestor.com\/it\/about\/","title":{"rendered":"Chi siamo"},"content":{"rendered":"<h2 class=\"wp-block-heading\">Benvenuti su CareerQuestor.com<\/h2>\n\n\n\n<p>CareerQuestor.com \u00e8 la destinazione ideale per esplorare nuove opportunit\u00e0 di carriera, adattarsi ai cambiamenti del mercato del lavoro e raggiungere il successo professionale.<\/p>\n\n\n\n<p>La nostra missione \u00e8 offrire spunti preziosi, prospettive innovative e risorse pratiche per aiutarti a prendere decisioni sicure e consapevoli sul tuo percorso professionale.<\/p>\n\n\n\n<p>Che tu sia un professionista esperto in cerca di una nuova direzione o qualcuno che ha appena iniziato il suo percorso, siamo qui per guidarti verso i tuoi obiettivi.<\/p>\n\n\n\n<h3 class=\"wp-block-heading\">Cosa offriamo<\/h3>\n\n\n\n<p><strong>Tendenze del mercato del lavoro<\/strong><\/p>\n\n\n\n<ul>\n<li><strong>Nomadismo digitale<\/strong> Scopri come lavorare da qualsiasi parte del mondo, sfruttando al massimo la libert\u00e0 e la flessibilit\u00e0 di questa tendenza in crescita.<\/li>\n\n\n\n<li><strong>Lavoro a distanza<\/strong> Scopri come eccellere lavorando da casa, mantenendo la produttivit\u00e0 e l&#039;equilibrio tra vita personale e professionale.<\/li>\n\n\n\n<li><strong>Carriere molto richieste<\/strong> Rimani informato sui settori pi\u00f9 richiesti, con suggerimenti sulle offerte di lavoro e sulle opportunit\u00e0 di crescita.<\/li>\n<\/ul>\n\n\n\n<p><strong>Sviluppo professionale<\/strong><\/p>\n\n\n\n<ul>\n<li><strong>Networking strategico<\/strong> Scopri come creare connessioni globali per dare una spinta alla tua carriera e aprire nuove opportunit\u00e0.<\/li>\n\n\n\n<li><strong>Apprendimento continuo<\/strong> Scopri come l&#039;apprendimento permanente pu\u00f2 essere la chiave per la crescita professionale e per mantenere la rilevanza sul mercato.<\/li>\n\n\n\n<li><strong>Marchio personale<\/strong> Posizionati strategicamente per attrarre le migliori opportunit\u00e0 professionali.<\/li>\n<\/ul>\n\n\n\n<p><strong>Consigli pratici e risorse<\/strong><\/p>\n\n\n\n<ul>\n<li><strong>Guida alla carriera<\/strong> Accedi ad articoli e tutorial per pianificare il tuo percorso di carriera in modo strutturato ed efficiente.<\/li>\n\n\n\n<li><strong>Strumenti professionali<\/strong> Scopri le migliori risorse e piattaforme per migliorare le tue prestazioni e competenze.<\/li>\n\n\n\n<li><strong>Storie di successo<\/strong> \u2013 Lasciati ispirare dai professionisti che hanno realizzato i loro sogni e scopri come anche tu puoi trasformare la tua carriera.<\/li>\n<\/ul>\n\n\n\n<p><strong>Divertimento <\/strong><\/p>\n\n\n\n<ul>\n<li><strong> Giochi digitali:<\/strong> Ci occupiamo anche di contenuti legati all&#039;intrattenimento, incluse piattaforme popolari come Roblox. Troverete guide, consigli e spiegazioni su come godervi al meglio i giochi, le risorse disponibili, l&#039;economia virtuale e le tendenze del mondo dei videogiochi, sempre con un approccio informativo e responsabile.<\/li>\n<\/ul>\n\n\n\n<h3 class=\"wp-block-heading\">Perch\u00e9 scegliere CareerQuestor.com?<\/h3>\n\n\n\n<p>Crediamo che ogni professionista sia unico. Ecco perch\u00e9 offriamo contenuti pensati per soddisfare esigenze e profili professionali diversi.<\/p>\n\n\n\n<p>Il nostro impegno \u00e8 quello di fornire informazioni di alta qualit\u00e0, basate sulla ricerca e sull&#039;apprendimento pratico, affinch\u00e9 tu possa prendere decisioni consapevoli e sicure.<\/p>\n\n\n\n<p>A differenza di altre piattaforme, il nostro obiettivo \u00e8 fornire un supporto completo, da approfondimenti strategici a consigli pratici che fanno davvero la differenza nella tua vita professionale quotidiana.<\/p>\n\n\n\n<h3 class=\"wp-block-heading\">Cosa ci distingue?<\/h3>\n\n\n\n<ul>\n<li><strong>Contenuto aggiornato<\/strong> Ci occupiamo delle ultime tendenze del mercato del lavoro per farti rimanere sempre un passo avanti.<\/li>\n\n\n\n<li><strong>Concentrarsi sulla trasformazione della carriera<\/strong> I nostri materiali sono progettati per aiutarti a evolverti e ad adattarti costantemente ai cambiamenti del settore.<\/li>\n\n\n\n<li><strong>Comunit\u00e0 impegnata<\/strong> \u2013 Unisciti a una rete di professionisti provenienti da diversi settori per scambiare esperienze e creare connessioni preziose.<\/li>\n<\/ul>\n\n\n\n<h3 class=\"wp-block-heading\">Cominciamo!<\/h3>\n\n\n\n<p>Se vuoi avanzare nella tua carriera, esplorare nuove opportunit\u00e0 e prepararti per il futuro del lavoro, CareerQuestor.com \u00e8 il posto giusto per te.<\/p>\n\n\n\n<p>Sfoglia i nostri articoli, unisciti alla community e inizia a costruire il tuo futuro professionale oggi stesso.<\/p>\n\n\n\n<p>Contattaci, consulta la nostra Informativa sulla privacy per maggiori dettagli o dai un&#039;occhiata ai nostri Ultimi articoli per compiere subito il primo passo del tuo viaggio.<\/p>","protected":false},"excerpt":{"rendered":"<p>Bem vindo ao CareerQuestor.com O CareerQuestor.com \u00e9 o seu destino ideal para explorar novas oportunidades de carreira, se adaptar \u00e0s mudan\u00e7as do mercado de trabalho e alcan\u00e7ar o sucesso profissional. Nossa miss\u00e3o \u00e9 oferecer insights valiosos, perspectivas inovadoras e recursos pr\u00e1ticos para ajudar voc\u00ea a tomar decis\u00f5es seguras e confiantes sobre o seu caminho profissional. [&hellip;]<\/p>","protected":false},"author":40,"featured_media":0,"parent":0,"menu_order":0,"comment_status":"closed","ping_status":"closed","template":"","meta":{"_uag_custom_page_level_css":"","site-sidebar-layout":"default","site-content-layout":"","ast-site-content-layout":"default","site-content-style":"default","site-sidebar-style":"default","ast-global-header-display":"","ast-banner-title-visibility":"","ast-main-header-display":"","ast-hfb-above-header-display":"","ast-hfb-below-header-display":"","ast-hfb-mobile-header-display":"","site-post-title":"","ast-breadcrumbs-content":"","ast-featured-img":"","footer-sml-layout":"","theme-transparent-header-meta":"","adv-header-id-meta":"","stick-header-meta":"","header-above-stick-meta":"","header-main-stick-meta":"","header-below-stick-meta":"","astra-migrate-meta-layouts":"set","ast-page-background-enabled":"default","ast-page-background-meta":{"desktop":{"background-color":"var(--ast-global-color-4)","background-image":"","background-repeat":"repeat","background-position":"center center","background-size":"auto","background-attachment":"scroll","background-type":"","background-media":"","overlay-type":"","overlay-color":"","overlay-opacity":"","overlay-gradient":""},"tablet":{"background-color":"","background-image":"","background-repeat":"repeat","background-position":"center center","background-size":"auto","background-attachment":"scroll","background-type":"","background-media":"","overlay-type":"","overlay-color":"","overlay-opacity":"","overlay-gradient":""},"mobile":{"background-color":"","background-image":"","background-repeat":"repeat","background-position":"center center","background-size":"auto","background-attachment":"scroll","background-type":"","background-media":"","overlay-type":"","overlay-color":"","overlay-opacity":"","overlay-gradient":""}},"ast-content-background-meta":{"desktop":{"background-color":"var(--ast-global-color-5)","background-image":"","background-repeat":"repeat","background-position":"center center","background-size":"auto","background-attachment":"scroll","background-type":"","background-media":"","overlay-type":"","overlay-color":"","overlay-opacity":"","overlay-gradient":""},"tablet":{"background-color":"var(--ast-global-color-5)","background-image":"","background-repeat":"repeat","background-position":"center center","background-size":"auto","background-attachment":"scroll","background-type":"","background-media":"","overlay-type":"","overlay-color":"","overlay-opacity":"","overlay-gradient":""},"mobile":{"background-color":"var(--ast-global-color-5)","background-image":"","background-repeat":"repeat","background-position":"center center","background-size":"auto","background-attachment":"scroll","background-type":"","background-media":"","overlay-type":"","overlay-color":"","overlay-opacity":"","overlay-gradient":""}},"footnotes":""},"yoast_head":"<!-- This site is optimized with the Yoast SEO plugin v23.3 - https:\/\/yoast.com\/wordpress\/plugins\/seo\/ -->\n<title>Sobre n\u00f3s - Career Questor<\/title>\n<meta name=\"robots\" content=\"index, follow, max-snippet:-1, max-image-preview:large, max-video-preview:-1\" \/>\n<link rel=\"canonical\" href=\"https:\/\/careerquestor.com\/it\/about\/\" \/>\n<meta property=\"og:locale\" content=\"it_IT\" \/>\n<meta property=\"og:type\" content=\"article\" \/>\n<meta property=\"og:title\" content=\"Sobre n\u00f3s - Career Questor\" \/>\n<meta property=\"og:description\" content=\"Bem vindo ao CareerQuestor.com O CareerQuestor.com \u00e9 o seu destino ideal para explorar novas oportunidades de carreira, se adaptar \u00e0s mudan\u00e7as do mercado de trabalho e alcan\u00e7ar o sucesso profissional. Nossa miss\u00e3o \u00e9 oferecer insights valiosos, perspectivas inovadoras e recursos pr\u00e1ticos para ajudar voc\u00ea a tomar decis\u00f5es seguras e confiantes sobre o seu caminho profissional. [&hellip;]\" \/>\n<meta property=\"og:url\" content=\"https:\/\/careerquestor.com\/it\/about\/\" \/>\n<meta property=\"og:site_name\" content=\"Career Questor\" \/>\n<meta property=\"article:modified_time\" content=\"2026-04-07T16:15:46+00:00\" \/>\n<meta name=\"twitter:card\" content=\"summary_large_image\" \/>\n<meta name=\"twitter:label1\" content=\"Est. reading time\" \/>\n\t<meta name=\"twitter:data1\" content=\"3 minuti\" \/>\n<script type=\"application\/ld+json\" class=\"yoast-schema-graph\">{\"@context\":\"https:\/\/schema.org\",\"@graph\":[{\"@type\":\"WebPage\",\"@id\":\"https:\/\/careerquestor.com\/about\/\",\"url\":\"https:\/\/careerquestor.com\/about\/\",\"name\":\"Sobre n\u00f3s - Career Questor\",\"isPartOf\":{\"@id\":\"https:\/\/careerquestor.com\/#website\"},\"datePublished\":\"2025-03-04T17:52:25+00:00\",\"dateModified\":\"2026-04-07T16:15:46+00:00\",\"breadcrumb\":{\"@id\":\"https:\/\/careerquestor.com\/about\/#breadcrumb\"},\"inLanguage\":\"it-IT\",\"potentialAction\":[{\"@type\":\"ReadAction\",\"target\":[\"https:\/\/careerquestor.com\/about\/\"]}]},{\"@type\":\"BreadcrumbList\",\"@id\":\"https:\/\/careerquestor.com\/about\/#breadcrumb\",\"itemListElement\":[{\"@type\":\"ListItem\",\"position\":1,\"name\":\"Home\",\"item\":\"https:\/\/careerquestor.com\/\"},{\"@type\":\"ListItem\",\"position\":2,\"name\":\"Sobre n\u00f3s\"}]},{\"@type\":\"WebSite\",\"@id\":\"https:\/\/careerquestor.com\/#website\",\"url\":\"https:\/\/careerquestor.com\/\",\"name\":\"Career Questor\",\"description\":\"\",\"publisher\":{\"@id\":\"https:\/\/careerquestor.com\/#organization\"},\"potentialAction\":[{\"@type\":\"SearchAction\",\"target\":{\"@type\":\"EntryPoint\",\"urlTemplate\":\"https:\/\/careerquestor.com\/?s={search_term_string}\"},\"query-input\":\"required name=search_term_string\"}],\"inLanguage\":\"it-IT\"},{\"@type\":\"Organization\",\"@id\":\"https:\/\/careerquestor.com\/#organization\",\"name\":\"Career Questor\",\"url\":\"https:\/\/careerquestor.com\/\",\"logo\":{\"@type\":\"ImageObject\",\"inLanguage\":\"it-IT\",\"@id\":\"https:\/\/careerquestor.com\/#\/schema\/logo\/image\/\",\"url\":\"https:\/\/careerquestor.com\/wp-content\/uploads\/sites\/223\/2025\/07\/cropped-Cosa-rende-la-Cessione-del-Quinto-unica-1.jpg\",\"contentUrl\":\"https:\/\/careerquestor.com\/wp-content\/uploads\/sites\/223\/2025\/07\/cropped-Cosa-rende-la-Cessione-del-Quinto-unica-1.jpg\",\"width\":404,\"height\":480,\"caption\":\"Career Questor\"},\"image\":{\"@id\":\"https:\/\/careerquestor.com\/#\/schema\/logo\/image\/\"}}]}<\/script>\n<!-- \/ Yoast SEO plugin. -->","yoast_head_json":{"title":"Sobre n\u00f3s - Career Questor","robots":{"index":"index","follow":"follow","max-snippet":"max-snippet:-1","max-image-preview":"max-image-preview:large","max-video-preview":"max-video-preview:-1"},"canonical":"https:\/\/careerquestor.com\/it\/about\/","og_locale":"it_IT","og_type":"article","og_title":"Sobre n\u00f3s - Career Questor","og_description":"Bem vindo ao CareerQuestor.com O CareerQuestor.com \u00e9 o seu destino ideal para explorar novas oportunidades de carreira, se adaptar \u00e0s mudan\u00e7as do mercado de trabalho e alcan\u00e7ar o sucesso profissional. Nossa miss\u00e3o \u00e9 oferecer insights valiosos, perspectivas inovadoras e recursos pr\u00e1ticos para ajudar voc\u00ea a tomar decis\u00f5es seguras e confiantes sobre o seu caminho profissional. [&hellip;]","og_url":"https:\/\/careerquestor.com\/it\/about\/","og_site_name":"Career Questor","article_modified_time":"2026-04-07T16:15:46+00:00","twitter_card":"summary_large_image","twitter_misc":{"Est. reading time":"3 minuti"},"schema":{"@context":"https:\/\/schema.org","@graph":[{"@type":"WebPage","@id":"https:\/\/careerquestor.com\/about\/","url":"https:\/\/careerquestor.com\/about\/","name":"Sobre n\u00f3s - Career Questor","isPartOf":{"@id":"https:\/\/careerquestor.com\/#website"},"datePublished":"2025-03-04T17:52:25+00:00","dateModified":"2026-04-07T16:15:46+00:00","breadcrumb":{"@id":"https:\/\/careerquestor.com\/about\/#breadcrumb"},"inLanguage":"it-IT","potentialAction":[{"@type":"ReadAction","target":["https:\/\/careerquestor.com\/about\/"]}]},{"@type":"BreadcrumbList","@id":"https:\/\/careerquestor.com\/about\/#breadcrumb","itemListElement":[{"@type":"ListItem","position":1,"name":"Home","item":"https:\/\/careerquestor.com\/"},{"@type":"ListItem","position":2,"name":"Sobre n\u00f3s"}]},{"@type":"WebSite","@id":"https:\/\/careerquestor.com\/#website","url":"https:\/\/careerquestor.com\/","name":"Career Questor","description":"","publisher":{"@id":"https:\/\/careerquestor.com\/#organization"},"potentialAction":[{"@type":"SearchAction","target":{"@type":"EntryPoint","urlTemplate":"https:\/\/careerquestor.com\/?s={search_term_string}"},"query-input":"required name=search_term_string"}],"inLanguage":"it-IT"},{"@type":"Organization","@id":"https:\/\/careerquestor.com\/#organization","name":"Career Questor","url":"https:\/\/careerquestor.com\/","logo":{"@type":"ImageObject","inLanguage":"it-IT","@id":"https:\/\/careerquestor.com\/#\/schema\/logo\/image\/","url":"https:\/\/careerquestor.com\/wp-content\/uploads\/sites\/223\/2025\/07\/cropped-Cosa-rende-la-Cessione-del-Quinto-unica-1.jpg","contentUrl":"https:\/\/careerquestor.com\/wp-content\/uploads\/sites\/223\/2025\/07\/cropped-Cosa-rende-la-Cessione-del-Quinto-unica-1.jpg","width":404,"height":480,"caption":"Career Questor"},"image":{"@id":"https:\/\/careerquestor.com\/#\/schema\/logo\/image\/"}}]}},"uagb_featured_image_src":{"full":false,"thumbnail":false,"medium":false,"medium_large":false,"large":false,"1536x1536":false,"2048x2048":false,"trp-custom-language-flag":false},"uagb_author_info":{"display_name":"pontesingrid25","author_link":"https:\/\/careerquestor.com\/it\/author\/pontesingrid25\/"},"uagb_comment_info":0,"uagb_excerpt":"Bem vindo ao CareerQuestor.com O CareerQuestor.com \u00e9 o seu destino ideal para explorar novas oportunidades de carreira, se adaptar \u00e0s mudan\u00e7as do mercado de trabalho e alcan\u00e7ar o sucesso profissional. Nossa miss\u00e3o \u00e9 oferecer insights valiosos, perspectivas inovadoras e recursos pr\u00e1ticos para ajudar voc\u00ea a tomar decis\u00f5es seguras e confiantes sobre o seu caminho profissional.&hellip;","_links":{"self":[{"href":"https:\/\/careerquestor.com\/it\/wp-json\/wp\/v2\/pages\/79"}],"collection":[{"href":"https:\/\/careerquestor.com\/it\/wp-json\/wp\/v2\/pages"}],"about":[{"href":"https:\/\/careerquestor.com\/it\/wp-json\/wp\/v2\/types\/page"}],"author":[{"embeddable":true,"href":"https:\/\/careerquestor.com\/it\/wp-json\/wp\/v2\/users\/40"}],"replies":[{"embeddable":true,"href":"https:\/\/careerquestor.com\/it\/wp-json\/wp\/v2\/comments?post=79"}],"version-history":[{"count":6,"href":"https:\/\/careerquestor.com\/it\/wp-json\/wp\/v2\/pages\/79\/revisions"}],"predecessor-version":[{"id":2157,"href":"https:\/\/careerquestor.com\/it\/wp-json\/wp\/v2\/pages\/79\/revisions\/2157"}],"wp:attachment":[{"href":"https:\/\/careerquestor.com\/it\/wp-json\/wp\/v2\/media?parent=79"}],"curies":[{"name":"wp","href":"https:\/\/api.w.org\/{rel}","templated":true}]}}