{"id":79,"date":"2025-03-04T17:52:25","date_gmt":"2025-03-04T17:52:25","guid":{"rendered":"https:\/\/careerquestor.com\/?page_id=79"},"modified":"2026-04-07T16:15:46","modified_gmt":"2026-04-07T16:15:46","slug":"about","status":"publish","type":"page","link":"https:\/\/careerquestor.com\/ko\/about\/","title":{"rendered":"\ud68c\uc0ac \uc18c\uac1c"},"content":{"rendered":"<h2 class=\"wp-block-heading\">CareerQuestor.com\uc5d0 \uc624\uc2e0 \uac83\uc744 \ud658\uc601\ud569\ub2c8\ub2e4.<\/h2>\n\n\n\n<p>CareerQuestor.com\uc740 \uc0c8\ub85c\uc6b4 \uc9c1\uc5c5 \uae30\ud68c\ub97c \ud0d0\uc0c9\ud558\uace0, \ubcc0\ud654\ud558\ub294 \uace0\uc6a9 \uc2dc\uc7a5\uc5d0 \uc801\uc751\ud558\uba70, \uc804\ubb38\uc801\uc778 \uc131\uacf5\uc744 \ub2ec\uc131\ud558\ub294 \ub370 \uc774\uc0c1\uc801\uc778 \uacf3\uc785\ub2c8\ub2e4.<\/p>\n\n\n\n<p>\uc800\ud76c\uc758 \uc0ac\uba85\uc740 \uc5ec\ub7ec\ubd84\uc774 \uc9c4\ub85c\uc5d0 \ub300\ud574 \uc548\uc804\ud558\uace0 \uc790\uc2e0\uac10 \uc788\ub294 \uacb0\uc815\uc744 \ub0b4\ub9b4 \uc218 \uc788\ub3c4\ub85d \uac00\uce58 \uc788\ub294 \ud1b5\ucc30\ub825, \ud601\uc2e0\uc801\uc778 \uad00\uc810, \uadf8\ub9ac\uace0 \uc2e4\uc9c8\uc801\uc778 \uc790\ub8cc\ub97c \uc81c\uacf5\ud558\ub294 \uac83\uc785\ub2c8\ub2e4.<\/p>\n\n\n\n<p>\uacbd\ub825\uc774 \ud48d\ubd80\ud558\uc5ec \uc0c8\ub85c\uc6b4 \ubc29\ud5a5\uc744 \ubaa8\uc0c9\ud558\ub294 \uc804\ubb38\uac00\uc774\ub4e0, \uc774\uc81c \ub9c9 \ucee4\ub9ac\uc5b4\ub97c \uc2dc\uc791\ud558\ub294 \ubd84\uc774\ub4e0, \uc800\ud76c\ub294 \uc5ec\ub7ec\ubd84\uc774 \ubaa9\ud45c\ub97c \ub2ec\uc131\ud560 \uc218 \uc788\ub3c4\ub85d \ub3c4\uc640\ub4dc\ub9ac\uaca0\uc2b5\ub2c8\ub2e4.<\/p>\n\n\n\n<h3 class=\"wp-block-heading\">\uc800\ud76c\uac00 \uc81c\uacf5\ud558\ub294 \uac83<\/h3>\n\n\n\n<p><strong>\ub178\ub3d9 \uc2dc\uc7a5 \ub3d9\ud5a5<\/strong><\/p>\n\n\n\n<ul>\n<li><strong>\ub514\uc9c0\ud138 \uc720\ubaa9\ubbfc<\/strong> \uc810\uc810 \ub354 \ud655\ub300\ub418\uace0 \uc788\ub294 \uc774\ub7ec\ud55c \ud2b8\ub80c\ub4dc\uc758 \uc790\uc720\uc640 \uc720\uc5f0\uc131\uc744 \ucd5c\ub300\ud55c \ud65c\uc6a9\ud558\uc5ec \uc804 \uc138\uacc4 \uc5b4\ub514\uc5d0\uc11c\ub4e0 \uc77c\ud558\ub294 \ubc29\ubc95\uc744 \uc54c\uc544\ubcf4\uc138\uc694.<\/li>\n\n\n\n<li><strong>\uc6d0\uaca9 \uadfc\ubb34<\/strong> \uc7ac\ud0dd\uadfc\ubb34\ub97c \ud558\uba74\uc11c\ub3c4 \uc0dd\uc0b0\uc131\uc744 \uc720\uc9c0\ud558\uace0 \uac1c\uc778 \uc0dd\ud65c\uacfc \uc9c1\uc7a5 \uc0dd\ud65c\uc758 \uade0\ud615\uc744 \ub9de\ucd94\ub294 \ubc29\ubc95\uc744 \uc54c\uc544\ubcf4\uc138\uc694.<\/li>\n\n\n\n<li><strong>\uc218\uc694\uac00 \ub192\uc740 \uc9c1\uc885<\/strong> \uac00\uc7a5 \uc778\uae30 \uc788\ub294 \uc9c0\uc5ed\uc5d0 \ub300\ud55c \ucd5c\uc2e0 \uc815\ubcf4\ub97c \uc5bb\uace0, \uad6c\uc778 \uc815\ubcf4 \ubc0f \uc131\uc7a5 \uae30\ud68c\uc5d0 \ub300\ud55c \uc720\uc6a9\ud55c \ud301\uc744 \ud655\uc778\ud558\uc138\uc694.<\/li>\n<\/ul>\n\n\n\n<p><strong>\uc804\ubb38\uc131 \uac1c\ubc1c<\/strong><\/p>\n\n\n\n<ul>\n<li><strong>\uc804\ub7b5\uc801 \ub124\ud2b8\uc6cc\ud0b9<\/strong> \uae00\ub85c\ubc8c \ub124\ud2b8\uc6cc\ud06c\ub97c \uad6c\ucd95\ud558\uc5ec \uacbd\ub825\uc744 \ud5a5\uc0c1\uc2dc\ud0a4\uace0 \uc0c8\ub85c\uc6b4 \uae30\ud68c\ub97c \uc5ec\ub294 \ubc29\ubc95\uc744 \uc54c\uc544\ubcf4\uc138\uc694.<\/li>\n\n\n\n<li><strong>\uc9c0\uc18d\uc801\uc778 \ud559\uc2b5<\/strong> \ud3c9\uc0dd \ud559\uc2b5\uc774 \uacbd\ub825 \uc131\uc7a5\uacfc \uc2dc\uc7a5\uc5d0\uc11c\uc758 \uacbd\uc7c1\ub825 \uc720\uc9c0\ub97c \uc704\ud55c \ud575\uc2ec \uc694\uc18c\uac00 \ub420 \uc218 \uc788\uc74c\uc744 \uc774\ud574\ud558\uc2ed\uc2dc\uc624.<\/li>\n\n\n\n<li><strong>\uac1c\uc778 \ube0c\ub79c\ub529<\/strong> \ucd5c\uace0\uc758 \uc9c1\uc5c5 \uae30\ud68c\ub97c \uc5bb\uc73c\ub824\uba74 \uc804\ub7b5\uc801\uc73c\ub85c \uc790\uc2e0\uc744 \ud3ec\uc9c0\uc154\ub2dd\ud558\uc2ed\uc2dc\uc624.<\/li>\n<\/ul>\n\n\n\n<p><strong>\uc2e4\uc6a9\uc801\uc778 \ud301\uacfc \uc790\ub8cc<\/strong><\/p>\n\n\n\n<ul>\n<li><strong>\uc9c4\ub85c \uac00\uc774\ub4dc<\/strong> \ub2e4\uc591\ud55c \uae30\uc0ac\uc640 \ud29c\ud1a0\ub9ac\uc5bc\uc744 \ud65c\uc6a9\ud558\uc5ec \uccb4\uacc4\uc801\uc774\uace0 \ud6a8\uc728\uc801\uc778 \ubc29\uc2dd\uc73c\ub85c \uc9c4\ub85c \uacc4\ud68d\uc744 \uc138\uc6cc\ubcf4\uc138\uc694.<\/li>\n\n\n\n<li><strong>\uc804\ubb38\uac00\uc6a9 \ub3c4\uad6c<\/strong> \uc131\uacfc\uc640 \uae30\uc220\uc744 \ud5a5\uc0c1\uc2dc\ud0a4\ub294 \ub370 \ub3c4\uc6c0\uc774 \ub418\ub294 \ucd5c\uace0\uc758 \uc790\ub8cc\uc640 \ud50c\ub7ab\ud3fc\uc744 \ucc3e\uc544\ubcf4\uc138\uc694.<\/li>\n\n\n\n<li><strong>\uc131\uacf5 \uc0ac\ub840<\/strong> \u2013 \uafc8\uc744 \uc774\ub8ec \uc804\ubb38\uac00\ub4e4\uc744 \ud1b5\ud574 \uc601\uac10\uc744 \uc5bb\uace0, \uc5ec\ub7ec\ubd84\ub3c4 \uc5b4\ub5bb\uac8c \ucee4\ub9ac\uc5b4\ub97c \ubcc0\ud654\uc2dc\ud0ac \uc218 \uc788\ub294\uc9c0 \uc54c\uc544\ubcf4\uc138\uc694.<\/li>\n<\/ul>\n\n\n\n<p><strong>\uc624\ub77d <\/strong><\/p>\n\n\n\n<ul>\n<li><strong> \ub514\uc9c0\ud138 \uac8c\uc784:<\/strong> \uc800\ud76c\ub294 \ub85c\ube14\ub85d\uc2a4\uc640 \uac19\uc740 \uc778\uae30 \ud50c\ub7ab\ud3fc\uc744 \ud3ec\ud568\ud55c \uc5d4\ud130\ud14c\uc778\uba3c\ud2b8 \uad00\ub828 \ucf58\ud150\uce20\ub3c4 \ub2e4\ub8f9\ub2c8\ub2e4. \uac8c\uc784\uc744 \ucd5c\ub300\ud55c \uc990\uae30\ub294 \ubc29\ubc95, \uc774\uc6a9 \uac00\ub2a5\ud55c \ub9ac\uc18c\uc2a4, \uac00\uc0c1 \uacbd\uc81c, \uac8c\uc784 \uc138\uacc4\uc758 \ud2b8\ub80c\ub4dc\uc5d0 \ub300\ud55c \uac00\uc774\ub4dc, \ud301, \uc124\uba85\uc744 \ud56d\uc0c1 \uc720\uc775\ud558\uace0 \ucc45\uc784\uac10 \uc788\ub294 \ubc29\uc2dd\uc73c\ub85c \uc81c\uacf5\ud569\ub2c8\ub2e4.<\/li>\n<\/ul>\n\n\n\n<h3 class=\"wp-block-heading\">CareerQuestor.com\uc744 \uc120\ud0dd\ud574\uc57c \ud558\ub294 \uc774\uc720\ub294 \ubb34\uc5c7\uc77c\uae4c\uc694?<\/h3>\n\n\n\n<p>\uc800\ud76c\ub294 \ubaa8\ub4e0 \uc804\ubb38\uac00\uac00 \uace0\uc720\ud55c \uc874\uc7ac\ub77c\uace0 \ubbff\uc2b5\ub2c8\ub2e4. \uadf8\ub807\uae30 \ub54c\ubb38\uc5d0 \ub2e4\uc591\ud55c \uc694\uad6c\uc640 \uc9c1\uc5c5 \ud504\ub85c\ud544\uc5d0 \ub9de\ub294 \ucf58\ud150\uce20\ub97c \uc81c\uacf5\ud569\ub2c8\ub2e4.<\/p>\n\n\n\n<p>\uc800\ud76c\ub294 \uc5f0\uad6c\uc640 \uc2e4\uc81c \uacbd\ud5d8\uc744 \ubc14\ud0d5\uc73c\ub85c \uc591\uc9c8\uc758 \uc815\ubcf4\ub97c \uc81c\uacf5\ud558\uc5ec \uc5ec\ub7ec\ubd84\uc774 \ucda9\ubd84\ud55c \uc815\ubcf4\ub97c \ud1a0\ub300\ub85c \uc790\uc2e0\uac10 \uc788\ub294 \uacb0\uc815\uc744 \ub0b4\ub9b4 \uc218 \uc788\ub3c4\ub85d \ub3d5\ub294 \ub370 \uc804\ub150\ud558\uace0 \uc788\uc2b5\ub2c8\ub2e4.<\/p>\n\n\n\n<p>\ub2e4\ub978 \ud50c\ub7ab\ud3fc\uacfc \ub2ec\ub9ac, \uc800\ud76c\ub294 \uc804\ub7b5\uc801 \ud1b5\ucc30\ub825\ubd80\ud130 \uc2e4\uc81c \uc5c5\ubb34 \uc0dd\ud65c\uc5d0 \uc2e4\uc9c8\uc801\uc778 \ubcc0\ud654\ub97c \uac00\uc838\ub2e4\uc8fc\ub294 \uc2e4\uc6a9\uc801\uc778 \ud301\uae4c\uc9c0, \ud3ec\uad04\uc801\uc778 \uc9c0\uc6d0\uc744 \uc81c\uacf5\ud558\ub294 \ub370 \uc911\uc810\uc744 \ub450\uace0 \uc788\uc2b5\ub2c8\ub2e4.<\/p>\n\n\n\n<h3 class=\"wp-block-heading\">\uc6b0\ub9ac\ub97c \ucc28\ubcc4\ud654\ud558\ub294 \uc694\uc18c\ub294 \ubb34\uc5c7\uc77c\uae4c\uc694?<\/h3>\n\n\n\n<ul>\n<li><strong>\uc5c5\ub370\uc774\ud2b8\ub41c \ucf58\ud150\uce20<\/strong> \uc800\ud76c\ub294 \uc5ec\ub7ec\ubd84\uc774 \ud56d\uc0c1 \uc55e\uc11c\ub098\uac08 \uc218 \uc788\ub3c4\ub85d \ucd5c\uc2e0 \uace0\uc6a9 \uc2dc\uc7a5 \ub3d9\ud5a5\uc744 \ub2e4\ub8f9\ub2c8\ub2e4.<\/li>\n\n\n\n<li><strong>\uacbd\ub825 \uc804\ud658\uc5d0 \uc9d1\uc911\ud558\uc138\uc694<\/strong> \uc800\ud76c \uc790\ub8cc\ub294 \uace0\uac1d \uc5ec\ub7ec\ubd84\uc774 \uc5c5\uacc4\uc758 \ubcc0\ud654\uc5d0 \uc9c0\uc18d\uc801\uc73c\ub85c \uc801\uc751\ud558\uace0 \ubc1c\uc804\ud560 \uc218 \uc788\ub3c4\ub85d \uc124\uacc4\ub418\uc5c8\uc2b5\ub2c8\ub2e4.<\/li>\n\n\n\n<li><strong>\ucc38\uc5ec\uc801\uc778 \ucee4\ubba4\ub2c8\ud2f0<\/strong> \ub2e4\uc591\ud55c \ubd84\uc57c\uc758 \uc804\ubb38\uac00 \ub124\ud2b8\uc6cc\ud06c\uc5d0 \ucc38\uc5ec\ud558\uc5ec \uacbd\ud5d8\uc744 \uad50\ud658\ud558\uace0 \uc18c\uc911\ud55c \uc778\ub9e5\uc744 \uc313\uc73c\uc138\uc694.<\/li>\n<\/ul>\n\n\n\n<h3 class=\"wp-block-heading\">\uc2dc\uc791\ud574 \ubcfc\uae4c\uc694!<\/h3>\n\n\n\n<p>\uacbd\ub825\uc744 \ubc1c\uc804\uc2dc\ud0a4\uace0, \uc0c8\ub85c\uc6b4 \uae30\ud68c\ub97c \ud0d0\uc0c9\ud558\uace0, \ubbf8\ub798\uc758 \uc9c1\uc5c5 \ud658\uacbd\uc744 \uc900\ube44\ud558\uace0 \uc2f6\ub2e4\uba74 CareerQuestor.com\uc774 \ubc14\ub85c \ub2f9\uc2e0\uc5d0\uac8c \ub9de\ub294 \uacf3\uc785\ub2c8\ub2e4.<\/p>\n\n\n\n<p>\ub2e4\uc591\ud55c \uae30\uc0ac\ub97c \uc0b4\ud3b4\ubcf4\uace0, \ucee4\ubba4\ub2c8\ud2f0\uc5d0 \ucc38\uc5ec\ud558\uc5ec \uc624\ub298\ubd80\ud130 \uc5ec\ub7ec\ubd84\uc758 \uc804\ubb38\uc801\uc778 \ubbf8\ub798\ub97c \uc124\uacc4\ud574 \ubcf4\uc138\uc694.<\/p>\n\n\n\n<p>\ubb38\uc758 \uc0ac\ud56d\uc774 \uc788\uc73c\uc2dc\uba74 \uc5f0\ub77d\uc8fc\uc2dc\uac70\ub098, \uc790\uc138\ud55c \ub0b4\uc6a9\uc740 \uac1c\uc778\uc815\ubcf4 \ubcf4\ud638\uc815\ucc45\uc744 \ucc38\uc870\ud558\uc2dc\uac70\ub098, \ucd5c\uc2e0 \uac8c\uc2dc\uae00\uc744 \ud655\uc778\ud558\uc5ec \uc9c0\uae08 \ubc14\ub85c \uc5ec\uc815\uc744 \uc2dc\uc791\ud558\uc138\uc694.<\/p>","protected":false},"excerpt":{"rendered":"<p>Bem vindo ao CareerQuestor.com O CareerQuestor.com \u00e9 o seu destino ideal para explorar novas oportunidades de carreira, se adaptar \u00e0s mudan\u00e7as do mercado de trabalho e alcan\u00e7ar o sucesso profissional. Nossa miss\u00e3o \u00e9 oferecer insights valiosos, perspectivas inovadoras e recursos pr\u00e1ticos para ajudar voc\u00ea a tomar decis\u00f5es seguras e confiantes sobre o seu caminho profissional. [&hellip;]<\/p>","protected":false},"author":40,"featured_media":0,"parent":0,"menu_order":0,"comment_status":"closed","ping_status":"closed","template":"","meta":{"_uag_custom_page_level_css":"","site-sidebar-layout":"default","site-content-layout":"","ast-site-content-layout":"default","site-content-style":"default","site-sidebar-style":"default","ast-global-header-display":"","ast-banner-title-visibility":"","ast-main-header-display":"","ast-hfb-above-header-display":"","ast-hfb-below-header-display":"","ast-hfb-mobile-header-display":"","site-post-title":"","ast-breadcrumbs-content":"","ast-featured-img":"","footer-sml-layout":"","theme-transparent-header-meta":"","adv-header-id-meta":"","stick-header-meta":"","header-above-stick-meta":"","header-main-stick-meta":"","header-below-stick-meta":"","astra-migrate-meta-layouts":"set","ast-page-background-enabled":"default","ast-page-background-meta":{"desktop":{"background-color":"var(--ast-global-color-4)","background-image":"","background-repeat":"repeat","background-position":"center center","background-size":"auto","background-attachment":"scroll","background-type":"","background-media":"","overlay-type":"","overlay-color":"","overlay-opacity":"","overlay-gradient":""},"tablet":{"background-color":"","background-image":"","background-repeat":"repeat","background-position":"center center","background-size":"auto","background-attachment":"scroll","background-type":"","background-media":"","overlay-type":"","overlay-color":"","overlay-opacity":"","overlay-gradient":""},"mobile":{"background-color":"","background-image":"","background-repeat":"repeat","background-position":"center center","background-size":"auto","background-attachment":"scroll","background-type":"","background-media":"","overlay-type":"","overlay-color":"","overlay-opacity":"","overlay-gradient":""}},"ast-content-background-meta":{"desktop":{"background-color":"var(--ast-global-color-5)","background-image":"","background-repeat":"repeat","background-position":"center center","background-size":"auto","background-attachment":"scroll","background-type":"","background-media":"","overlay-type":"","overlay-color":"","overlay-opacity":"","overlay-gradient":""},"tablet":{"background-color":"var(--ast-global-color-5)","background-image":"","background-repeat":"repeat","background-position":"center center","background-size":"auto","background-attachment":"scroll","background-type":"","background-media":"","overlay-type":"","overlay-color":"","overlay-opacity":"","overlay-gradient":""},"mobile":{"background-color":"var(--ast-global-color-5)","background-image":"","background-repeat":"repeat","background-position":"center center","background-size":"auto","background-attachment":"scroll","background-type":"","background-media":"","overlay-type":"","overlay-color":"","overlay-opacity":"","overlay-gradient":""}},"footnotes":""},"yoast_head":"<!-- This site is optimized with the Yoast SEO plugin v23.3 - https:\/\/yoast.com\/wordpress\/plugins\/seo\/ -->\n<title>Sobre n\u00f3s - Career Questor<\/title>\n<meta name=\"robots\" content=\"index, follow, max-snippet:-1, max-image-preview:large, max-video-preview:-1\" \/>\n<link rel=\"canonical\" href=\"https:\/\/careerquestor.com\/ko\/about\/\" \/>\n<meta property=\"og:locale\" content=\"ko_KR\" \/>\n<meta property=\"og:type\" content=\"article\" \/>\n<meta property=\"og:title\" content=\"Sobre n\u00f3s - Career Questor\" \/>\n<meta property=\"og:description\" content=\"Bem vindo ao CareerQuestor.com O CareerQuestor.com \u00e9 o seu destino ideal para explorar novas oportunidades de carreira, se adaptar \u00e0s mudan\u00e7as do mercado de trabalho e alcan\u00e7ar o sucesso profissional. Nossa miss\u00e3o \u00e9 oferecer insights valiosos, perspectivas inovadoras e recursos pr\u00e1ticos para ajudar voc\u00ea a tomar decis\u00f5es seguras e confiantes sobre o seu caminho profissional. [&hellip;]\" \/>\n<meta property=\"og:url\" content=\"https:\/\/careerquestor.com\/ko\/about\/\" \/>\n<meta property=\"og:site_name\" content=\"Career Questor\" \/>\n<meta property=\"article:modified_time\" content=\"2026-04-07T16:15:46+00:00\" \/>\n<meta name=\"twitter:card\" content=\"summary_large_image\" \/>\n<meta name=\"twitter:label1\" content=\"Est. reading time\" \/>\n\t<meta name=\"twitter:data1\" content=\"3\ubd84\" \/>\n<script type=\"application\/ld+json\" class=\"yoast-schema-graph\">{\"@context\":\"https:\/\/schema.org\",\"@graph\":[{\"@type\":\"WebPage\",\"@id\":\"https:\/\/careerquestor.com\/about\/\",\"url\":\"https:\/\/careerquestor.com\/about\/\",\"name\":\"Sobre n\u00f3s - Career Questor\",\"isPartOf\":{\"@id\":\"https:\/\/careerquestor.com\/#website\"},\"datePublished\":\"2025-03-04T17:52:25+00:00\",\"dateModified\":\"2026-04-07T16:15:46+00:00\",\"breadcrumb\":{\"@id\":\"https:\/\/careerquestor.com\/about\/#breadcrumb\"},\"inLanguage\":\"ko-KR\",\"potentialAction\":[{\"@type\":\"ReadAction\",\"target\":[\"https:\/\/careerquestor.com\/about\/\"]}]},{\"@type\":\"BreadcrumbList\",\"@id\":\"https:\/\/careerquestor.com\/about\/#breadcrumb\",\"itemListElement\":[{\"@type\":\"ListItem\",\"position\":1,\"name\":\"Home\",\"item\":\"https:\/\/careerquestor.com\/\"},{\"@type\":\"ListItem\",\"position\":2,\"name\":\"Sobre n\u00f3s\"}]},{\"@type\":\"WebSite\",\"@id\":\"https:\/\/careerquestor.com\/#website\",\"url\":\"https:\/\/careerquestor.com\/\",\"name\":\"Career Questor\",\"description\":\"\",\"publisher\":{\"@id\":\"https:\/\/careerquestor.com\/#organization\"},\"potentialAction\":[{\"@type\":\"SearchAction\",\"target\":{\"@type\":\"EntryPoint\",\"urlTemplate\":\"https:\/\/careerquestor.com\/?s={search_term_string}\"},\"query-input\":\"required name=search_term_string\"}],\"inLanguage\":\"ko-KR\"},{\"@type\":\"Organization\",\"@id\":\"https:\/\/careerquestor.com\/#organization\",\"name\":\"Career Questor\",\"url\":\"https:\/\/careerquestor.com\/\",\"logo\":{\"@type\":\"ImageObject\",\"inLanguage\":\"ko-KR\",\"@id\":\"https:\/\/careerquestor.com\/#\/schema\/logo\/image\/\",\"url\":\"https:\/\/careerquestor.com\/wp-content\/uploads\/sites\/223\/2025\/07\/cropped-Cosa-rende-la-Cessione-del-Quinto-unica-1.jpg\",\"contentUrl\":\"https:\/\/careerquestor.com\/wp-content\/uploads\/sites\/223\/2025\/07\/cropped-Cosa-rende-la-Cessione-del-Quinto-unica-1.jpg\",\"width\":404,\"height\":480,\"caption\":\"Career Questor\"},\"image\":{\"@id\":\"https:\/\/careerquestor.com\/#\/schema\/logo\/image\/\"}}]}<\/script>\n<!-- \/ Yoast SEO plugin. -->","yoast_head_json":{"title":"Sobre n\u00f3s - Career Questor","robots":{"index":"index","follow":"follow","max-snippet":"max-snippet:-1","max-image-preview":"max-image-preview:large","max-video-preview":"max-video-preview:-1"},"canonical":"https:\/\/careerquestor.com\/ko\/about\/","og_locale":"ko_KR","og_type":"article","og_title":"Sobre n\u00f3s - Career Questor","og_description":"Bem vindo ao CareerQuestor.com O CareerQuestor.com \u00e9 o seu destino ideal para explorar novas oportunidades de carreira, se adaptar \u00e0s mudan\u00e7as do mercado de trabalho e alcan\u00e7ar o sucesso profissional. Nossa miss\u00e3o \u00e9 oferecer insights valiosos, perspectivas inovadoras e recursos pr\u00e1ticos para ajudar voc\u00ea a tomar decis\u00f5es seguras e confiantes sobre o seu caminho profissional. [&hellip;]","og_url":"https:\/\/careerquestor.com\/ko\/about\/","og_site_name":"Career Questor","article_modified_time":"2026-04-07T16:15:46+00:00","twitter_card":"summary_large_image","twitter_misc":{"Est. reading time":"3\ubd84"},"schema":{"@context":"https:\/\/schema.org","@graph":[{"@type":"WebPage","@id":"https:\/\/careerquestor.com\/about\/","url":"https:\/\/careerquestor.com\/about\/","name":"Sobre n\u00f3s - Career Questor","isPartOf":{"@id":"https:\/\/careerquestor.com\/#website"},"datePublished":"2025-03-04T17:52:25+00:00","dateModified":"2026-04-07T16:15:46+00:00","breadcrumb":{"@id":"https:\/\/careerquestor.com\/about\/#breadcrumb"},"inLanguage":"ko-KR","potentialAction":[{"@type":"ReadAction","target":["https:\/\/careerquestor.com\/about\/"]}]},{"@type":"BreadcrumbList","@id":"https:\/\/careerquestor.com\/about\/#breadcrumb","itemListElement":[{"@type":"ListItem","position":1,"name":"Home","item":"https:\/\/careerquestor.com\/"},{"@type":"ListItem","position":2,"name":"Sobre n\u00f3s"}]},{"@type":"WebSite","@id":"https:\/\/careerquestor.com\/#website","url":"https:\/\/careerquestor.com\/","name":"Career Questor","description":"","publisher":{"@id":"https:\/\/careerquestor.com\/#organization"},"potentialAction":[{"@type":"SearchAction","target":{"@type":"EntryPoint","urlTemplate":"https:\/\/careerquestor.com\/?s={search_term_string}"},"query-input":"required name=search_term_string"}],"inLanguage":"ko-KR"},{"@type":"Organization","@id":"https:\/\/careerquestor.com\/#organization","name":"Career Questor","url":"https:\/\/careerquestor.com\/","logo":{"@type":"ImageObject","inLanguage":"ko-KR","@id":"https:\/\/careerquestor.com\/#\/schema\/logo\/image\/","url":"https:\/\/careerquestor.com\/wp-content\/uploads\/sites\/223\/2025\/07\/cropped-Cosa-rende-la-Cessione-del-Quinto-unica-1.jpg","contentUrl":"https:\/\/careerquestor.com\/wp-content\/uploads\/sites\/223\/2025\/07\/cropped-Cosa-rende-la-Cessione-del-Quinto-unica-1.jpg","width":404,"height":480,"caption":"Career Questor"},"image":{"@id":"https:\/\/careerquestor.com\/#\/schema\/logo\/image\/"}}]}},"uagb_featured_image_src":{"full":false,"thumbnail":false,"medium":false,"medium_large":false,"large":false,"1536x1536":false,"2048x2048":false,"trp-custom-language-flag":false},"uagb_author_info":{"display_name":"pontesingrid25","author_link":"https:\/\/careerquestor.com\/ko\/author\/pontesingrid25\/"},"uagb_comment_info":0,"uagb_excerpt":"Bem vindo ao CareerQuestor.com O CareerQuestor.com \u00e9 o seu destino ideal para explorar novas oportunidades de carreira, se adaptar \u00e0s mudan\u00e7as do mercado de trabalho e alcan\u00e7ar o sucesso profissional. Nossa miss\u00e3o \u00e9 oferecer insights valiosos, perspectivas inovadoras e recursos pr\u00e1ticos para ajudar voc\u00ea a tomar decis\u00f5es seguras e confiantes sobre o seu caminho profissional.&hellip;","_links":{"self":[{"href":"https:\/\/careerquestor.com\/ko\/wp-json\/wp\/v2\/pages\/79"}],"collection":[{"href":"https:\/\/careerquestor.com\/ko\/wp-json\/wp\/v2\/pages"}],"about":[{"href":"https:\/\/careerquestor.com\/ko\/wp-json\/wp\/v2\/types\/page"}],"author":[{"embeddable":true,"href":"https:\/\/careerquestor.com\/ko\/wp-json\/wp\/v2\/users\/40"}],"replies":[{"embeddable":true,"href":"https:\/\/careerquestor.com\/ko\/wp-json\/wp\/v2\/comments?post=79"}],"version-history":[{"count":6,"href":"https:\/\/careerquestor.com\/ko\/wp-json\/wp\/v2\/pages\/79\/revisions"}],"predecessor-version":[{"id":2157,"href":"https:\/\/careerquestor.com\/ko\/wp-json\/wp\/v2\/pages\/79\/revisions\/2157"}],"wp:attachment":[{"href":"https:\/\/careerquestor.com\/ko\/wp-json\/wp\/v2\/media?parent=79"}],"curies":[{"name":"wp","href":"https:\/\/api.w.org\/{rel}","templated":true}]}}