{"id":79,"date":"2025-03-04T17:52:25","date_gmt":"2025-03-04T17:52:25","guid":{"rendered":"https:\/\/careerquestor.com\/?page_id=79"},"modified":"2026-04-07T16:15:46","modified_gmt":"2026-04-07T16:15:46","slug":"about","status":"publish","type":"page","link":"https:\/\/careerquestor.com\/pl\/about\/","title":{"rendered":"O nas"},"content":{"rendered":"<h2 class=\"wp-block-heading\">Witamy w CareerQuestor.com<\/h2>\n\n\n\n<p>CareerQuestor.com to idealne miejsce, w kt\u00f3rym mo\u017cesz odkry\u0107 nowe mo\u017cliwo\u015bci kariery, dostosowa\u0107 si\u0119 do zmian na rynku pracy i osi\u0105gn\u0105\u0107 sukces zawodowy.<\/p>\n\n\n\n<p>Nasz\u0105 misj\u0105 jest oferowanie cennych spostrze\u017ce\u0144, innowacyjnych perspektyw i praktycznych zasob\u00f3w, kt\u00f3re pomog\u0105 Ci podejmowa\u0107 bezpieczne i pewne decyzje dotycz\u0105ce Twojej \u015bcie\u017cki kariery.<\/p>\n\n\n\n<p>Niezale\u017cnie od tego, czy jeste\u015b do\u015bwiadczonym profesjonalist\u0105 poszukuj\u0105cym nowego kierunku, czy osob\u0105 dopiero rozpoczynaj\u0105c\u0105 swoj\u0105 podr\u00f3\u017c, jeste\u015bmy tutaj, aby poprowadzi\u0107 Ci\u0119 w kierunku Twoich cel\u00f3w.<\/p>\n\n\n\n<h3 class=\"wp-block-heading\">Co oferujemy<\/h3>\n\n\n\n<p><strong>Trendy na rynku pracy<\/strong><\/p>\n\n\n\n<ul>\n<li><strong>Cyfrowy nomadyzm<\/strong> Dowiedz si\u0119, jak pracowa\u0107 z dowolnego miejsca na \u015bwiecie, maksymalnie wykorzystuj\u0105c swobod\u0119 i elastyczno\u015b\u0107 tego coraz popularniejszego trendu.<\/li>\n\n\n\n<li><strong>Praca zdalna<\/strong> Dowiedz si\u0119, jak osi\u0105gn\u0105\u0107 sukces, pracuj\u0105c z domu, zachowuj\u0105c produktywno\u015b\u0107 i r\u00f3wnowag\u0119 mi\u0119dzy \u017cyciem osobistym i zawodowym.<\/li>\n\n\n\n<li><strong>Kariery o du\u017cym zapotrzebowaniu<\/strong> B\u0105d\u017a na bie\u017c\u0105co z informacjami o najbardziej po\u017c\u0105danych obszarach, a tak\u017ce uzyskaj wskaz\u00f3wki dotycz\u0105ce wolnych stanowisk i mo\u017cliwo\u015bci rozwoju.<\/li>\n<\/ul>\n\n\n\n<p><strong>Rozw\u00f3j zawodowy<\/strong><\/p>\n\n\n\n<ul>\n<li><strong>Strategiczne tworzenie sieci<\/strong> Dowiedz si\u0119, jak nawi\u0105za\u0107 globalne kontakty, aby rozwin\u0105\u0107 swoj\u0105 karier\u0119 i otworzy\u0107 sobie nowe mo\u017cliwo\u015bci.<\/li>\n\n\n\n<li><strong>Ci\u0105g\u0142a nauka<\/strong> Dowiedz si\u0119, w jaki spos\u00f3b uczenie si\u0119 przez ca\u0142e \u017cycie mo\u017ce by\u0107 kluczem do rozwoju kariery i utrzymania pozycji na rynku.<\/li>\n\n\n\n<li><strong>Branding osobisty<\/strong> Zajmij strategiczne miejsce, aby przyci\u0105gn\u0105\u0107 najlepsze mo\u017cliwo\u015bci zawodowe.<\/li>\n<\/ul>\n\n\n\n<p><strong>Praktyczne wskaz\u00f3wki i zasoby<\/strong><\/p>\n\n\n\n<ul>\n<li><strong>Przewodnik po karierze<\/strong> Uzyskaj dost\u0119p do artyku\u0142\u00f3w i samouczk\u00f3w, kt\u00f3re pomog\u0105 Ci zaplanowa\u0107 \u015bcie\u017ck\u0119 kariery w spos\u00f3b uporz\u0105dkowany i efektywny.<\/li>\n\n\n\n<li><strong>Profesjonalne narz\u0119dzia<\/strong> Odkryj najlepsze zasoby i platformy, kt\u00f3re pomog\u0105 Ci poprawi\u0107 wydajno\u015b\u0107 i umiej\u0119tno\u015bci.<\/li>\n\n\n\n<li><strong>Historie sukcesu<\/strong> \u2013 Zainspiruj si\u0119 profesjonalistami, kt\u00f3rzy spe\u0142nili swoje marzenia i zobacz, jak Ty r\u00f3wnie\u017c mo\u017cesz odmieni\u0107 swoj\u0105 karier\u0119.<\/li>\n<\/ul>\n\n\n\n<p><strong>Rozrywka <\/strong><\/p>\n\n\n\n<ul>\n<li><strong> Gry cyfrowe:<\/strong> Zajmujemy si\u0119 r\u00f3wnie\u017c tre\u015bciami zwi\u0105zanymi z rozrywk\u0105, w tym popularnymi platformami, takimi jak Roblox. Znajdziesz tu poradniki, wskaz\u00f3wki i wyja\u015bnienia, jak najlepiej cieszy\u0107 si\u0119 grami, dost\u0119pne zasoby, wirtualn\u0105 gospodark\u0119 i trendy w \u015bwiecie gier, zawsze z informacyjnym i odpowiedzialnym podej\u015bciem.<\/li>\n<\/ul>\n\n\n\n<h3 class=\"wp-block-heading\">Dlaczego warto wybra\u0107 CareerQuestor.com?<\/h3>\n\n\n\n<p>Wierzymy, \u017ce ka\u017cdy profesjonalista jest wyj\u0105tkowy. Dlatego oferujemy tre\u015bci zaprojektowane tak, aby odpowiada\u0107 r\u00f3\u017cnym potrzebom i profilom zawodowym.<\/p>\n\n\n\n<p>Naszym zobowi\u0105zaniem jest dostarczanie wysokiej jako\u015bci informacji, opartych na badaniach i praktyce, dzi\u0119ki czemu b\u0119dziesz m\u00f3g\u0142 podejmowa\u0107 \u015bwiadome i pewne decyzje.<\/p>\n\n\n\n<p>W odr\u00f3\u017cnieniu od innych platform, skupiamy si\u0119 na zapewnianiu kompleksowego wsparcia \u2014 od strategicznych spostrze\u017ce\u0144 po praktyczne wskaz\u00f3wki, kt\u00f3re naprawd\u0119 zrobi\u0105 r\u00f3\u017cnic\u0119 w Twoim codziennym \u017cyciu zawodowym.<\/p>\n\n\n\n<h3 class=\"wp-block-heading\">Co nas wyr\u00f3\u017cnia?<\/h3>\n\n\n\n<ul>\n<li><strong>Zaktualizowana tre\u015b\u0107<\/strong> \u015aledzimy najnowsze trendy na rynku pracy, aby\u015b zawsze by\u0142 o krok przed konkurencj\u0105.<\/li>\n\n\n\n<li><strong>Skupienie si\u0119 na transformacji kariery<\/strong> Nasze materia\u0142y zosta\u0142y zaprojektowane tak, aby pom\u00f3c Ci rozwija\u0107 si\u0119 i nieustannie dostosowywa\u0107 do zmian w bran\u017cy.<\/li>\n\n\n\n<li><strong>Zaanga\u017cowana spo\u0142eczno\u015b\u0107<\/strong> \u2013 Do\u0142\u0105cz do sieci profesjonalist\u00f3w z r\u00f3\u017cnych dziedzin, aby wymienia\u0107 si\u0119 do\u015bwiadczeniami i nawi\u0105zywa\u0107 cenne kontakty.<\/li>\n<\/ul>\n\n\n\n<h3 class=\"wp-block-heading\">Zaczynajmy!<\/h3>\n\n\n\n<p>Je\u015bli chcesz rozwija\u0107 swoj\u0105 karier\u0119, odkrywa\u0107 nowe mo\u017cliwo\u015bci i przygotowa\u0107 si\u0119 na przysz\u0142o\u015b\u0107 pracy, CareerQuestor.com jest w\u0142a\u015bciwym miejscem dla Ciebie.<\/p>\n\n\n\n<p>Przegl\u0105daj nasze artyku\u0142y, do\u0142\u0105cz do spo\u0142eczno\u015bci i zacznij budowa\u0107 swoj\u0105 zawodow\u0105 przysz\u0142o\u015b\u0107 ju\u017c dzi\u015b.<\/p>\n\n\n\n<p>Skontaktuj si\u0119 z nami, zapoznaj si\u0119 z nasz\u0105 Polityk\u0105 prywatno\u015bci, aby uzyska\u0107 wi\u0119cej informacji, lub przejrzyj nasze najnowsze artyku\u0142y, aby ju\u017c teraz podj\u0105\u0107 pierwszy krok w swojej podr\u00f3\u017cy.<\/p>","protected":false},"excerpt":{"rendered":"<p>Bem vindo ao CareerQuestor.com O CareerQuestor.com \u00e9 o seu destino ideal para explorar novas oportunidades de carreira, se adaptar \u00e0s mudan\u00e7as do mercado de trabalho e alcan\u00e7ar o sucesso profissional. Nossa miss\u00e3o \u00e9 oferecer insights valiosos, perspectivas inovadoras e recursos pr\u00e1ticos para ajudar voc\u00ea a tomar decis\u00f5es seguras e confiantes sobre o seu caminho profissional. [&hellip;]<\/p>","protected":false},"author":40,"featured_media":0,"parent":0,"menu_order":0,"comment_status":"closed","ping_status":"closed","template":"","meta":{"_uag_custom_page_level_css":"","site-sidebar-layout":"default","site-content-layout":"","ast-site-content-layout":"default","site-content-style":"default","site-sidebar-style":"default","ast-global-header-display":"","ast-banner-title-visibility":"","ast-main-header-display":"","ast-hfb-above-header-display":"","ast-hfb-below-header-display":"","ast-hfb-mobile-header-display":"","site-post-title":"","ast-breadcrumbs-content":"","ast-featured-img":"","footer-sml-layout":"","theme-transparent-header-meta":"","adv-header-id-meta":"","stick-header-meta":"","header-above-stick-meta":"","header-main-stick-meta":"","header-below-stick-meta":"","astra-migrate-meta-layouts":"set","ast-page-background-enabled":"default","ast-page-background-meta":{"desktop":{"background-color":"var(--ast-global-color-4)","background-image":"","background-repeat":"repeat","background-position":"center center","background-size":"auto","background-attachment":"scroll","background-type":"","background-media":"","overlay-type":"","overlay-color":"","overlay-opacity":"","overlay-gradient":""},"tablet":{"background-color":"","background-image":"","background-repeat":"repeat","background-position":"center center","background-size":"auto","background-attachment":"scroll","background-type":"","background-media":"","overlay-type":"","overlay-color":"","overlay-opacity":"","overlay-gradient":""},"mobile":{"background-color":"","background-image":"","background-repeat":"repeat","background-position":"center center","background-size":"auto","background-attachment":"scroll","background-type":"","background-media":"","overlay-type":"","overlay-color":"","overlay-opacity":"","overlay-gradient":""}},"ast-content-background-meta":{"desktop":{"background-color":"var(--ast-global-color-5)","background-image":"","background-repeat":"repeat","background-position":"center center","background-size":"auto","background-attachment":"scroll","background-type":"","background-media":"","overlay-type":"","overlay-color":"","overlay-opacity":"","overlay-gradient":""},"tablet":{"background-color":"var(--ast-global-color-5)","background-image":"","background-repeat":"repeat","background-position":"center center","background-size":"auto","background-attachment":"scroll","background-type":"","background-media":"","overlay-type":"","overlay-color":"","overlay-opacity":"","overlay-gradient":""},"mobile":{"background-color":"var(--ast-global-color-5)","background-image":"","background-repeat":"repeat","background-position":"center center","background-size":"auto","background-attachment":"scroll","background-type":"","background-media":"","overlay-type":"","overlay-color":"","overlay-opacity":"","overlay-gradient":""}},"footnotes":""},"yoast_head":"<!-- This site is optimized with the Yoast SEO plugin v23.3 - https:\/\/yoast.com\/wordpress\/plugins\/seo\/ -->\n<title>Sobre n\u00f3s - Career Questor<\/title>\n<meta name=\"robots\" content=\"index, follow, max-snippet:-1, max-image-preview:large, max-video-preview:-1\" \/>\n<link rel=\"canonical\" href=\"https:\/\/careerquestor.com\/pl\/about\/\" \/>\n<meta property=\"og:locale\" content=\"pl_PL\" \/>\n<meta property=\"og:type\" content=\"article\" \/>\n<meta property=\"og:title\" content=\"Sobre n\u00f3s - Career Questor\" \/>\n<meta property=\"og:description\" content=\"Bem vindo ao CareerQuestor.com O CareerQuestor.com \u00e9 o seu destino ideal para explorar novas oportunidades de carreira, se adaptar \u00e0s mudan\u00e7as do mercado de trabalho e alcan\u00e7ar o sucesso profissional. Nossa miss\u00e3o \u00e9 oferecer insights valiosos, perspectivas inovadoras e recursos pr\u00e1ticos para ajudar voc\u00ea a tomar decis\u00f5es seguras e confiantes sobre o seu caminho profissional. [&hellip;]\" \/>\n<meta property=\"og:url\" content=\"https:\/\/careerquestor.com\/pl\/about\/\" \/>\n<meta property=\"og:site_name\" content=\"Career Questor\" \/>\n<meta property=\"article:modified_time\" content=\"2026-04-07T16:15:46+00:00\" \/>\n<meta name=\"twitter:card\" content=\"summary_large_image\" \/>\n<meta name=\"twitter:label1\" content=\"Est. reading time\" \/>\n\t<meta name=\"twitter:data1\" content=\"3 minuty\" \/>\n<script type=\"application\/ld+json\" class=\"yoast-schema-graph\">{\"@context\":\"https:\/\/schema.org\",\"@graph\":[{\"@type\":\"WebPage\",\"@id\":\"https:\/\/careerquestor.com\/about\/\",\"url\":\"https:\/\/careerquestor.com\/about\/\",\"name\":\"Sobre n\u00f3s - Career Questor\",\"isPartOf\":{\"@id\":\"https:\/\/careerquestor.com\/#website\"},\"datePublished\":\"2025-03-04T17:52:25+00:00\",\"dateModified\":\"2026-04-07T16:15:46+00:00\",\"breadcrumb\":{\"@id\":\"https:\/\/careerquestor.com\/about\/#breadcrumb\"},\"inLanguage\":\"pl-PL\",\"potentialAction\":[{\"@type\":\"ReadAction\",\"target\":[\"https:\/\/careerquestor.com\/about\/\"]}]},{\"@type\":\"BreadcrumbList\",\"@id\":\"https:\/\/careerquestor.com\/about\/#breadcrumb\",\"itemListElement\":[{\"@type\":\"ListItem\",\"position\":1,\"name\":\"Home\",\"item\":\"https:\/\/careerquestor.com\/\"},{\"@type\":\"ListItem\",\"position\":2,\"name\":\"Sobre n\u00f3s\"}]},{\"@type\":\"WebSite\",\"@id\":\"https:\/\/careerquestor.com\/#website\",\"url\":\"https:\/\/careerquestor.com\/\",\"name\":\"Career Questor\",\"description\":\"\",\"publisher\":{\"@id\":\"https:\/\/careerquestor.com\/#organization\"},\"potentialAction\":[{\"@type\":\"SearchAction\",\"target\":{\"@type\":\"EntryPoint\",\"urlTemplate\":\"https:\/\/careerquestor.com\/?s={search_term_string}\"},\"query-input\":\"required name=search_term_string\"}],\"inLanguage\":\"pl-PL\"},{\"@type\":\"Organization\",\"@id\":\"https:\/\/careerquestor.com\/#organization\",\"name\":\"Career Questor\",\"url\":\"https:\/\/careerquestor.com\/\",\"logo\":{\"@type\":\"ImageObject\",\"inLanguage\":\"pl-PL\",\"@id\":\"https:\/\/careerquestor.com\/#\/schema\/logo\/image\/\",\"url\":\"https:\/\/careerquestor.com\/wp-content\/uploads\/sites\/223\/2025\/07\/cropped-Cosa-rende-la-Cessione-del-Quinto-unica-1.jpg\",\"contentUrl\":\"https:\/\/careerquestor.com\/wp-content\/uploads\/sites\/223\/2025\/07\/cropped-Cosa-rende-la-Cessione-del-Quinto-unica-1.jpg\",\"width\":404,\"height\":480,\"caption\":\"Career Questor\"},\"image\":{\"@id\":\"https:\/\/careerquestor.com\/#\/schema\/logo\/image\/\"}}]}<\/script>\n<!-- \/ Yoast SEO plugin. -->","yoast_head_json":{"title":"Sobre n\u00f3s - Career Questor","robots":{"index":"index","follow":"follow","max-snippet":"max-snippet:-1","max-image-preview":"max-image-preview:large","max-video-preview":"max-video-preview:-1"},"canonical":"https:\/\/careerquestor.com\/pl\/about\/","og_locale":"pl_PL","og_type":"article","og_title":"Sobre n\u00f3s - Career Questor","og_description":"Bem vindo ao CareerQuestor.com O CareerQuestor.com \u00e9 o seu destino ideal para explorar novas oportunidades de carreira, se adaptar \u00e0s mudan\u00e7as do mercado de trabalho e alcan\u00e7ar o sucesso profissional. Nossa miss\u00e3o \u00e9 oferecer insights valiosos, perspectivas inovadoras e recursos pr\u00e1ticos para ajudar voc\u00ea a tomar decis\u00f5es seguras e confiantes sobre o seu caminho profissional. [&hellip;]","og_url":"https:\/\/careerquestor.com\/pl\/about\/","og_site_name":"Career Questor","article_modified_time":"2026-04-07T16:15:46+00:00","twitter_card":"summary_large_image","twitter_misc":{"Est. reading time":"3 minuty"},"schema":{"@context":"https:\/\/schema.org","@graph":[{"@type":"WebPage","@id":"https:\/\/careerquestor.com\/about\/","url":"https:\/\/careerquestor.com\/about\/","name":"Sobre n\u00f3s - Career Questor","isPartOf":{"@id":"https:\/\/careerquestor.com\/#website"},"datePublished":"2025-03-04T17:52:25+00:00","dateModified":"2026-04-07T16:15:46+00:00","breadcrumb":{"@id":"https:\/\/careerquestor.com\/about\/#breadcrumb"},"inLanguage":"pl-PL","potentialAction":[{"@type":"ReadAction","target":["https:\/\/careerquestor.com\/about\/"]}]},{"@type":"BreadcrumbList","@id":"https:\/\/careerquestor.com\/about\/#breadcrumb","itemListElement":[{"@type":"ListItem","position":1,"name":"Home","item":"https:\/\/careerquestor.com\/"},{"@type":"ListItem","position":2,"name":"Sobre n\u00f3s"}]},{"@type":"WebSite","@id":"https:\/\/careerquestor.com\/#website","url":"https:\/\/careerquestor.com\/","name":"Career Questor","description":"","publisher":{"@id":"https:\/\/careerquestor.com\/#organization"},"potentialAction":[{"@type":"SearchAction","target":{"@type":"EntryPoint","urlTemplate":"https:\/\/careerquestor.com\/?s={search_term_string}"},"query-input":"required name=search_term_string"}],"inLanguage":"pl-PL"},{"@type":"Organization","@id":"https:\/\/careerquestor.com\/#organization","name":"Career Questor","url":"https:\/\/careerquestor.com\/","logo":{"@type":"ImageObject","inLanguage":"pl-PL","@id":"https:\/\/careerquestor.com\/#\/schema\/logo\/image\/","url":"https:\/\/careerquestor.com\/wp-content\/uploads\/sites\/223\/2025\/07\/cropped-Cosa-rende-la-Cessione-del-Quinto-unica-1.jpg","contentUrl":"https:\/\/careerquestor.com\/wp-content\/uploads\/sites\/223\/2025\/07\/cropped-Cosa-rende-la-Cessione-del-Quinto-unica-1.jpg","width":404,"height":480,"caption":"Career Questor"},"image":{"@id":"https:\/\/careerquestor.com\/#\/schema\/logo\/image\/"}}]}},"uagb_featured_image_src":{"full":false,"thumbnail":false,"medium":false,"medium_large":false,"large":false,"1536x1536":false,"2048x2048":false,"trp-custom-language-flag":false},"uagb_author_info":{"display_name":"pontesingrid25","author_link":"https:\/\/careerquestor.com\/pl\/author\/pontesingrid25\/"},"uagb_comment_info":0,"uagb_excerpt":"Bem vindo ao CareerQuestor.com O CareerQuestor.com \u00e9 o seu destino ideal para explorar novas oportunidades de carreira, se adaptar \u00e0s mudan\u00e7as do mercado de trabalho e alcan\u00e7ar o sucesso profissional. Nossa miss\u00e3o \u00e9 oferecer insights valiosos, perspectivas inovadoras e recursos pr\u00e1ticos para ajudar voc\u00ea a tomar decis\u00f5es seguras e confiantes sobre o seu caminho profissional.&hellip;","_links":{"self":[{"href":"https:\/\/careerquestor.com\/pl\/wp-json\/wp\/v2\/pages\/79"}],"collection":[{"href":"https:\/\/careerquestor.com\/pl\/wp-json\/wp\/v2\/pages"}],"about":[{"href":"https:\/\/careerquestor.com\/pl\/wp-json\/wp\/v2\/types\/page"}],"author":[{"embeddable":true,"href":"https:\/\/careerquestor.com\/pl\/wp-json\/wp\/v2\/users\/40"}],"replies":[{"embeddable":true,"href":"https:\/\/careerquestor.com\/pl\/wp-json\/wp\/v2\/comments?post=79"}],"version-history":[{"count":6,"href":"https:\/\/careerquestor.com\/pl\/wp-json\/wp\/v2\/pages\/79\/revisions"}],"predecessor-version":[{"id":2157,"href":"https:\/\/careerquestor.com\/pl\/wp-json\/wp\/v2\/pages\/79\/revisions\/2157"}],"wp:attachment":[{"href":"https:\/\/careerquestor.com\/pl\/wp-json\/wp\/v2\/media?parent=79"}],"curies":[{"name":"wp","href":"https:\/\/api.w.org\/{rel}","templated":true}]}}