{"id":692,"date":"2025-07-15T17:48:17","date_gmt":"2025-07-15T17:48:17","guid":{"rendered":"https:\/\/careerquestor.com\/home-2\/"},"modified":"2025-12-01T21:04:40","modified_gmt":"2025-12-01T21:04:40","slug":"home-2","status":"publish","type":"page","link":"https:\/\/careerquestor.com\/ro\/","title":{"rendered":"Acas\u0103"},"content":{"rendered":"<div class=\"wp-block-uagb-container uagb-block-a28347b6 alignfull uagb-is-root-container\"><div class=\"uagb-container-inner-blocks-wrap\">\n<div class=\"wp-block-columns are-vertically-aligned-center is-layout-flex wp-container-core-columns-layout-1 wp-block-columns-is-layout-flex\">\n<div class=\"wp-block-column is-vertically-aligned-center is-layout-flow wp-block-column-is-layout-flow\" style=\"flex-basis:87%\">\n<div class=\"wp-block-uagb-info-box uagb-block-6357f7e6 uagb-infobox__content-wrap  uagb-infobox-icon-above-title uagb-infobox-image-valign-top wp-block-uagb-info-box--has-margin\"><div class=\"uagb-infobox-margin-wrapper\"><div class=\"uagb-ifb-content\"><div class=\"uagb-ifb-title-wrap\"><h1 class=\"uagb-ifb-title\"><strong>Accelereaz\u0103-\u021bi cariera cu acces exclusiv la cursuri, locuri de munc\u0103 vacante \u0219i mentorat profesional.<\/strong><\/h1><\/div><div class=\"uagb-ifb-button-wrapper wp-block-button\"><a href=\"https:\/\/careerquestor.com\/ro\/category\/career\/\" class=\"uagb-infobox-cta-link wp-block-button__link\" target=\"_self\" rel=\"noopener noreferrer\"><span class=\"uagb-inline-editing\">Exploreaz\u0103 oportunit\u0103\u021bile<\/span><\/a><\/div><\/div><\/div><\/div>\n<\/div>\n<\/div>\n\n\n\n<p><\/p>\n<\/div><\/div>\n\n\n\n<div class=\"wp-block-uagb-container uagb-block-06fffa5e alignfull uagb-is-root-container\"><div class=\"uagb-container-inner-blocks-wrap\">\n<div class=\"wp-block-uagb-advanced-heading uagb-block-e57efb3a\"><h2 class=\"uagb-heading-text\"><strong>Te conect\u0103m la oportunitatea ta.<\/strong><\/h2><\/div>\n\n\n\n<div class=\"wp-block-uagb-container uagb-layout-grid uagb-block-20f60053 alignfull uagb-is-root-container\"><div class=\"uagb-container-inner-blocks-wrap\">\n<div class=\"wp-block-uagb-info-box uagb-block-c4764eda uagb-infobox__content-wrap  uagb-infobox-icon-above-title uagb-infobox-image-valign-top wp-block-uagb-info-box--has-margin\"><div class=\"uagb-infobox-margin-wrapper\"><div class=\"uagb-ifb-content\"><div class=\"uagb-ifb-title-wrap\"><h4 class=\"uagb-ifb-title\"><strong>Posturi vacante exclusive<\/strong><\/h4><\/div><p class=\"uagb-ifb-desc\">Ob\u021bine acces la recomand\u0103ri de oportunit\u0103\u021bi de angajare \u0219i prime\u0219te sugestii personalizate \u00een func\u021bie de obiectivele tale.<\/p><\/div><\/div><\/div>\n\n\n\n<div class=\"wp-block-uagb-info-box uagb-block-b3afdc8c uagb-infobox__content-wrap  uagb-infobox-icon-above-title uagb-infobox-image-valign-top wp-block-uagb-info-box--has-margin\"><div class=\"uagb-infobox-margin-wrapper\"><div class=\"uagb-ifb-content\"><div class=\"uagb-ifb-title-wrap\"><h4 class=\"uagb-ifb-title\"><strong>Cursuri recomandate<\/strong><\/h4><\/div><p class=\"uagb-ifb-desc\">Recomand\u0103ri personalizate pentru cursuri \u0219i certific\u0103ri care \u00ee\u021bi vor propulsa cariera \u00een direc\u021bia dorit\u0103.<\/p><\/div><\/div><\/div>\n\n\n\n<div class=\"wp-block-uagb-info-box uagb-block-f7c8e088 uagb-infobox__content-wrap  uagb-infobox-icon-above-title uagb-infobox-image-valign-top wp-block-uagb-info-box--has-margin\"><div class=\"uagb-infobox-margin-wrapper\"><div class=\"uagb-ifb-content\"><div class=\"uagb-ifb-title-wrap\"><h4 class=\"uagb-ifb-title\"><strong>Sfaturi de la exper\u021bi<\/strong><\/h4><\/div><p class=\"uagb-ifb-desc\">\u00cenva\u021b\u0103 de la exper\u021bi pentru a-\u021bi accelera dezvoltarea profesional\u0103 \u0219i a-\u021bi atinge obiectivele.<br><a href=\"https:\/\/websitedemos.net\/professional-services-02\/?customize_changeset_uuid=d8b36c07-94c8-45b3-8f93-173af52981d1&amp;customize_theme=astra&amp;customize_messenger_channel=preview-0#\"><\/a><\/p><\/div><\/div><\/div>\n<\/div><\/div>\n<\/div><\/div>\n\n\n\n<div class=\"wp-block-uagb-container uagb-block-5a9ca893 alignfull uagb-is-root-container\"><div class=\"uagb-container-inner-blocks-wrap\">\n<div class=\"wp-block-uagb-container uagb-block-1e5666b6 alignfull uagb-is-root-container\"><div class=\"uagb-container-inner-blocks-wrap\">\n<div class=\"wp-block-uagb-container uagb-block-143aa814\">\n<div class=\"wp-block-uagb-info-box uagb-block-2f1011f5 uagb-infobox__content-wrap  uagb-infobox-icon-above-title uagb-infobox-image-valign-top wp-block-uagb-info-box--has-margin\"><div class=\"uagb-infobox-margin-wrapper\"><div class=\"uagb-ifb-content\"><div class=\"uagb-ifb-title-wrap\"><h2 class=\"uagb-ifb-title\"><strong>Podul t\u0103u c\u0103tre succes<\/strong><\/h2><\/div><p class=\"uagb-ifb-desc\">THE <strong>CareerQuestor<\/strong> Este platforma care conecteaz\u0103 profesioni\u0219tii ambi\u021bio\u0219i cu cele mai bune oportunit\u0103\u021bi de pe pia\u021b\u0103. <br><br>Combin\u0103m tehnologia avansat\u0103 cu expertiza uman\u0103 pentru a oferi recomand\u0103ri precise de locuri de munc\u0103 \u0219i cursuri care fac cu adev\u0103rat diferen\u021ba \u00een cariera ta.<br><br>Baza noastr\u0103 de date include recomand\u0103ri exclusive de locuri de munc\u0103 \u0219i o selec\u021bie specializat\u0103 de cursuri de la institu\u021bii de top, asigur\u00e2ndu-v\u0103 acces la cele mai relevante resurse pentru domeniul dumneavoastr\u0103.<\/p><\/div><\/div><\/div>\n<\/div>\n\n\n\n<div class=\"wp-block-uagb-container uagb-block-ca16f42f\">\n<div class=\"wp-block-uagb-image uagb-block-0d694567 wp-block-uagb-image--layout-default wp-block-uagb-image--effect-static wp-block-uagb-image--align-none\"><figure class=\"wp-block-uagb-image__figure\"><img decoding=\"async\" src=\"https:\/\/careerquestor.com\/wp-content\/uploads\/sites\/223\/2021\/05\/why-choose-us.jpg\" alt=\"\" class=\"uag-image-85\" width=\"600\" height=\"480\" title=\"\" loading=\"lazy\" role=\"img\" \/><\/figure><\/div>\n<\/div>\n<\/div><\/div>\n<\/div><\/div>\n\n\n\n<div class=\"wp-block-uagb-container uagb-block-1b6bd656 alignfull uagb-is-root-container\"><div class=\"uagb-container-inner-blocks-wrap\">\n<h2 class=\"wp-block-heading\" style=\"padding-top:0;padding-right:var(--wp--preset--spacing--50);padding-bottom:0;padding-left:var(--wp--preset--spacing--50)\"><strong>Ultimele publica\u021bii<\/strong><\/h2>\n\n\n\n\t\t\t<div class=\"wp-block-uagb-post-carousel uagb-post-grid  uagb-post__image-position- uagb-post__image-enabled uagb-block-734025ce     uagb-post__arrow-outside uagb-post__items uagb-post__columns-3 is-carousel uagb-post__columns-tablet-2 uagb-post__columns-mobile-1 uagb-post__carousel_equal-height\" data-total=\"10\" style=\"\">\n\n\t\t\t\t\t\t\t\t\t\t\t\t<article class=\"uagb-post__inner-wrap\">\t\t\t\t\t\t\t\t<div class='uagb-post__image'>\n\t\t\t\t\t\t\t\t\t<a href=\"https:\/\/careerquestor.com\/ro\/como-se-destacar-no-trabalho-mesmo-em-cargos-iniciais\/\" target=\"_self\" rel=\"bookmark noopener noreferrer\"><img loading=\"lazy\" decoding=\"async\" width=\"233\" height=\"350\" src=\"https:\/\/careerquestor.com\/wp-content\/uploads\/sites\/223\/2026\/04\/Group-of-firefighters-in-orange-uniforms-during-a-formal-ceremony-at-night-1.jpg\" class=\"attachment-large size-large\" alt=\"Group of firefighters in orange uniforms during a formal ceremony at night.\" srcset=\"https:\/\/careerquestor.com\/wp-content\/uploads\/sites\/223\/2026\/04\/Group-of-firefighters-in-orange-uniforms-during-a-formal-ceremony-at-night-1.jpg 233w, https:\/\/careerquestor.com\/wp-content\/uploads\/sites\/223\/2026\/04\/Group-of-firefighters-in-orange-uniforms-during-a-formal-ceremony-at-night-1-200x300.jpg 200w, https:\/\/careerquestor.com\/wp-content\/uploads\/sites\/223\/2026\/04\/Group-of-firefighters-in-orange-uniforms-during-a-formal-ceremony-at-night-1-8x12.jpg 8w\" sizes=\"(max-width: 233px) 100vw, 233px\" \/>\t\t\t\t\t<\/a>\n\t\t\t\t\t\t\t\t\t<\/div>\n\t\t\t\t\t\t<h3 class=\"uagb-post__title uagb-post__text\">\n\t\t\t\t<a href=\"https:\/\/careerquestor.com\/ro\/como-se-destacar-no-trabalho-mesmo-em-cargos-iniciais\/\" target=\"_self\" rel=\"bookmark noopener noreferrer\">Cum s\u0103 ie\u0219i \u00een eviden\u021b\u0103 la locul de munc\u0103, chiar \u0219i \u00een pozi\u021bii de baz\u0103.<\/a>\n\t\t\t<\/h3>\n\t\t\t\t\t\t<div class='uagb-post__text uagb-post-grid-byline'>\n\t\t\t\t\t\t\t<\/div>\n\t\t\t\t\t\t\t<div class='uagb-post__text uagb-post__excerpt'>\n\t\t\t\t\t\u00cenva\u021b\u0103 cum s\u0103 te dezvol\u021bi \u00een carier\u0103 pornind de la pozi\u021bii de baz\u0103, cu sfaturi despre atitudine, exemple practice, liste \u0219i diagrame pentru a impresiona liderii \u0219i a crea oportunit\u0103\u021bi concrete.\t\t\t\t<\/div>\n\t\t\t\t\t\t<div class=\"uagb-post__text uagb-post__cta wp-block-button\">\n\t\t\t\t<a class=\"wp-block-button__link uagb-text-link\" style=\"\" href=\"https:\/\/careerquestor.com\/ro\/como-se-destacar-no-trabalho-mesmo-em-cargos-iniciais\/\" target=\"_self\" rel=\"bookmark noopener noreferrer\">verifica<\/a>\n\t\t\t<\/div>\n\t\t\t\n\t\t\t\t\t\t\t\t\t<\/article>\n\t\t\t\t\t\t\t\t\t\t\t\t\t\t\t\t<article class=\"uagb-post__inner-wrap\">\t\t\t\t\t\t\t\t<div class='uagb-post__image'>\n\t\t\t\t\t\t\t\t\t<a href=\"https:\/\/careerquestor.com\/ro\/como-organizar-sua-rotina-de-trabalho-para-evitar-sobrecarga\/\" target=\"_self\" rel=\"bookmark noopener noreferrer\"><img loading=\"lazy\" decoding=\"async\" width=\"269\" height=\"350\" src=\"https:\/\/careerquestor.com\/wp-content\/uploads\/sites\/223\/2026\/04\/Rows-of-labeled-binder-folders-on-a-shelf-showcasing-organized-office-files-and-technical-documents.jpg\" class=\"attachment-large size-large\" alt=\"Rows of labeled binder folders on a shelf showcasing organized office files and technical documents.\" srcset=\"https:\/\/careerquestor.com\/wp-content\/uploads\/sites\/223\/2026\/04\/Rows-of-labeled-binder-folders-on-a-shelf-showcasing-organized-office-files-and-technical-documents.jpg 269w, https:\/\/careerquestor.com\/wp-content\/uploads\/sites\/223\/2026\/04\/Rows-of-labeled-binder-folders-on-a-shelf-showcasing-organized-office-files-and-technical-documents-231x300.jpg 231w, https:\/\/careerquestor.com\/wp-content\/uploads\/sites\/223\/2026\/04\/Rows-of-labeled-binder-folders-on-a-shelf-showcasing-organized-office-files-and-technical-documents-9x12.jpg 9w\" sizes=\"(max-width: 269px) 100vw, 269px\" \/>\t\t\t\t\t<\/a>\n\t\t\t\t\t\t\t\t\t<\/div>\n\t\t\t\t\t\t<h3 class=\"uagb-post__title uagb-post__text\">\n\t\t\t\t<a href=\"https:\/\/careerquestor.com\/ro\/como-organizar-sua-rotina-de-trabalho-para-evitar-sobrecarga\/\" target=\"_self\" rel=\"bookmark noopener noreferrer\">Cum s\u0103-\u021bi organizezi rutina de lucru pentru a evita suprasolicitarea.<\/a>\n\t\t\t<\/h3>\n\t\t\t\t\t\t<div class='uagb-post__text uagb-post-grid-byline'>\n\t\t\t\t\t\t\t<\/div>\n\t\t\t\t\t\t\t<div class='uagb-post__text uagb-post__excerpt'>\n\t\t\t\t\tVrei s\u0103 evi\u021bi suprasolicitarea cu munc\u0103? Afl\u0103 cum s\u0103-\u021bi organizezi rutina de lucru cu tehnici simple \u0219i eficiente. Vezi chiar acum sfaturi despre grafice, pauze, prioritizare \u0219i s\u0103rb\u0103torirea etapelor importante.\t\t\t\t<\/div>\n\t\t\t\t\t\t<div class=\"uagb-post__text uagb-post__cta wp-block-button\">\n\t\t\t\t<a class=\"wp-block-button__link uagb-text-link\" style=\"\" href=\"https:\/\/careerquestor.com\/ro\/como-organizar-sua-rotina-de-trabalho-para-evitar-sobrecarga\/\" target=\"_self\" rel=\"bookmark noopener noreferrer\">verifica<\/a>\n\t\t\t<\/div>\n\t\t\t\n\t\t\t\t\t\t\t\t\t<\/article>\n\t\t\t\t\t\t\t\t\t\t\t\t\t\t\t\t<article class=\"uagb-post__inner-wrap\">\t\t\t\t\t\t\t\t<div class='uagb-post__image'>\n\t\t\t\t\t\t\t\t\t<a href=\"https:\/\/careerquestor.com\/ro\/como-se-comunicar-melhor-no-ambiente-profissional-e-evitar-conflitos\/\" target=\"_self\" rel=\"bookmark noopener noreferrer\"><img loading=\"lazy\" decoding=\"async\" width=\"622\" height=\"350\" src=\"https:\/\/careerquestor.com\/wp-content\/uploads\/sites\/223\/2026\/04\/Aerial-shot-of-two-tractors-excavating-red-earth-showcasing-construction-and-mining-machinery-in-Brazil.jpg\" class=\"attachment-large size-large\" alt=\"Aerial shot of two tractors excavating red earth, showcasing construction and mining machinery in Brazil.\" srcset=\"https:\/\/careerquestor.com\/wp-content\/uploads\/sites\/223\/2026\/04\/Aerial-shot-of-two-tractors-excavating-red-earth-showcasing-construction-and-mining-machinery-in-Brazil.jpg 622w, https:\/\/careerquestor.com\/wp-content\/uploads\/sites\/223\/2026\/04\/Aerial-shot-of-two-tractors-excavating-red-earth-showcasing-construction-and-mining-machinery-in-Brazil-300x169.jpg 300w, https:\/\/careerquestor.com\/wp-content\/uploads\/sites\/223\/2026\/04\/Aerial-shot-of-two-tractors-excavating-red-earth-showcasing-construction-and-mining-machinery-in-Brazil-18x10.jpg 18w\" sizes=\"(max-width: 622px) 100vw, 622px\" \/>\t\t\t\t\t<\/a>\n\t\t\t\t\t\t\t\t\t<\/div>\n\t\t\t\t\t\t<h3 class=\"uagb-post__title uagb-post__text\">\n\t\t\t\t<a href=\"https:\/\/careerquestor.com\/ro\/como-se-comunicar-melhor-no-ambiente-profissional-e-evitar-conflitos\/\" target=\"_self\" rel=\"bookmark noopener noreferrer\">Cum s\u0103 comunici mai bine \u00een mediul profesional \u0219i s\u0103 evi\u021bi conflictele.<\/a>\n\t\t\t<\/h3>\n\t\t\t\t\t\t<div class='uagb-post__text uagb-post-grid-byline'>\n\t\t\t\t\t\t\t<\/div>\n\t\t\t\t\t\t\t<div class='uagb-post__text uagb-post__excerpt'>\n\t\t\t\t\tDescoper\u0103 strategii eficiente de comunicare la locul de munc\u0103 pentru a evita conflictele, a \u00eembun\u0103t\u0103\u021bi mediul de lucru \u0219i a consolida echipa cu sfaturi practice \u0219i exemple u\u0219or de aplicat \u00een orice context profesional.\t\t\t\t<\/div>\n\t\t\t\t\t\t<div class=\"uagb-post__text uagb-post__cta wp-block-button\">\n\t\t\t\t<a class=\"wp-block-button__link uagb-text-link\" style=\"\" href=\"https:\/\/careerquestor.com\/ro\/como-se-comunicar-melhor-no-ambiente-profissional-e-evitar-conflitos\/\" target=\"_self\" rel=\"bookmark noopener noreferrer\">verifica<\/a>\n\t\t\t<\/div>\n\t\t\t\n\t\t\t\t\t\t\t\t\t<\/article>\n\t\t\t\t\t\t\t\t\t\t\t<\/div>\n\t\t\t<\/div><\/div>\n\n\n\n<div class=\"wp-block-uagb-container uagb-block-05fd2311 alignfull uagb-is-root-container\"><div class=\"uagb-container-inner-blocks-wrap\">\n<h2 class=\"wp-block-heading has-ast-global-color-5-color has-text-color has-link-color wp-elements-c6fa87f5af8c657af29080f6b68074e7\">Viitorul t\u0103u \u00eencepe ast\u0103zi<\/h2>\n\n\n\n<p class=\"has-ast-global-color-5-color has-text-color has-link-color wp-elements-a9ee3edee756b1032b76e14d8bfa431e\">Al\u0103tur\u0103-te unui grup exclusivist de profesioni\u0219ti de succes acces\u00e2nd oportunit\u0103\u021bi pe care al\u021bii nu le v\u0103d.<\/p>\n\n\n\n<div class=\"wp-block-buttons is-layout-flex wp-block-buttons-is-layout-flex\">\n<div class=\"wp-block-button has-custom-width wp-block-button__width-25 has-custom-font-size is-style-fill has-small-font-size\"><a class=\"wp-block-button__link wp-element-button\" href=\"https:\/\/careerquestor.com\/ro\/category\/tech\/\" style=\"border-style:none;border-width:0px;border-radius:100px\" rel=\"\">\u00cencepe\u021bi explorarea<\/a><\/div>\n<\/div>\n<\/div><\/div>","protected":false},"excerpt":{"rendered":"<p>Te conect\u0103m la oportunitatea ta. Ultimele post\u0103ri. Viitorul t\u0103u \u00eencepe ast\u0103zi. Al\u0103tur\u0103-te unui grup select de profesioni\u0219ti de succes care acceseaz\u0103 oportunit\u0103\u021bi pe care al\u021bii nu le v\u0103d.<\/p>","protected":false},"author":3,"featured_media":0,"parent":0,"menu_order":0,"comment_status":"closed","ping_status":"closed","template":"","meta":{"_uag_custom_page_level_css":"","site-sidebar-layout":"no-sidebar","site-content-layout":"plain-container","ast-site-content-layout":"normal-width-container","site-content-style":"unboxed","site-sidebar-style":"unboxed","ast-global-header-display":"","ast-banner-title-visibility":"","ast-main-header-display":"","ast-hfb-above-header-display":"","ast-hfb-below-header-display":"","ast-hfb-mobile-header-display":"","site-post-title":"disabled","ast-breadcrumbs-content":"","ast-featured-img":"","footer-sml-layout":"","theme-transparent-header-meta":"default","adv-header-id-meta":"","stick-header-meta":"","header-above-stick-meta":"","header-main-stick-meta":"","header-below-stick-meta":"","astra-migrate-meta-layouts":"set","ast-page-background-enabled":"default","ast-page-background-meta":{"desktop":{"background-color":"var(--ast-global-color-4)","background-image":"","background-repeat":"repeat","background-position":"center center","background-size":"auto","background-attachment":"scroll","background-type":"","background-media":"","overlay-type":"","overlay-color":"","overlay-opacity":"","overlay-gradient":""},"tablet":{"background-color":"","background-image":"","background-repeat":"repeat","background-position":"center center","background-size":"auto","background-attachment":"scroll","background-type":"","background-media":"","overlay-type":"","overlay-color":"","overlay-opacity":"","overlay-gradient":""},"mobile":{"background-color":"","background-image":"","background-repeat":"repeat","background-position":"center center","background-size":"auto","background-attachment":"scroll","background-type":"","background-media":"","overlay-type":"","overlay-color":"","overlay-opacity":"","overlay-gradient":""}},"ast-content-background-meta":{"desktop":{"background-color":"var(--ast-global-color-5)","background-image":"","background-repeat":"repeat","background-position":"center center","background-size":"auto","background-attachment":"scroll","background-type":"","background-media":"","overlay-type":"","overlay-color":"","overlay-opacity":"","overlay-gradient":""},"tablet":{"background-color":"var(--ast-global-color-5)","background-image":"","background-repeat":"repeat","background-position":"center center","background-size":"auto","background-attachment":"scroll","background-type":"","background-media":"","overlay-type":"","overlay-color":"","overlay-opacity":"","overlay-gradient":""},"mobile":{"background-color":"var(--ast-global-color-5)","background-image":"","background-repeat":"repeat","background-position":"center center","background-size":"auto","background-attachment":"scroll","background-type":"","background-media":"","overlay-type":"","overlay-color":"","overlay-opacity":"","overlay-gradient":""}},"footnotes":""},"yoast_head":"<!-- This site is optimized with the Yoast SEO plugin v23.3 - https:\/\/yoast.com\/wordpress\/plugins\/seo\/ -->\n<title>Home - Career Questor<\/title>\n<meta name=\"robots\" content=\"index, follow, max-snippet:-1, max-image-preview:large, max-video-preview:-1\" \/>\n<link rel=\"canonical\" href=\"https:\/\/careerquestor.com\/ro\/\" \/>\n<meta property=\"og:locale\" content=\"ro_RO\" \/>\n<meta property=\"og:type\" content=\"article\" \/>\n<meta property=\"og:title\" content=\"Home - Career Questor\" \/>\n<meta property=\"og:description\" content=\"Conectamos voc\u00ea \u00e0 sua oportunidade \u00daltimas Publica\u00e7\u00f5es Seu Futuro Come\u00e7a Hoje Entre para um grupo seleto de profissionais de sucesso acessando as oportunidades que outros n\u00e3o veem.\" \/>\n<meta property=\"og:url\" content=\"https:\/\/careerquestor.com\/ro\/\" \/>\n<meta property=\"og:site_name\" content=\"Career Questor\" \/>\n<meta property=\"article:modified_time\" content=\"2025-12-01T21:04:40+00:00\" \/>\n<meta property=\"og:image\" content=\"https:\/\/careerquestor.com\/wp-content\/uploads\/sites\/223\/2021\/05\/why-choose-us.jpg\" \/>\n<meta name=\"twitter:card\" content=\"summary_large_image\" \/>\n<meta name=\"twitter:label1\" content=\"Est. reading time\" \/>\n\t<meta name=\"twitter:data1\" content=\"2 minute\" \/>\n<script type=\"application\/ld+json\" class=\"yoast-schema-graph\">{\"@context\":\"https:\/\/schema.org\",\"@graph\":[{\"@type\":\"WebPage\",\"@id\":\"https:\/\/careerquestor.com\/\",\"url\":\"https:\/\/careerquestor.com\/\",\"name\":\"Home - Career Questor\",\"isPartOf\":{\"@id\":\"https:\/\/careerquestor.com\/#website\"},\"primaryImageOfPage\":{\"@id\":\"https:\/\/careerquestor.com\/#primaryimage\"},\"image\":{\"@id\":\"https:\/\/careerquestor.com\/#primaryimage\"},\"thumbnailUrl\":\"https:\/\/careerquestor.com\/wp-content\/uploads\/sites\/223\/2021\/05\/why-choose-us.jpg\",\"datePublished\":\"2025-07-15T17:48:17+00:00\",\"dateModified\":\"2025-12-01T21:04:40+00:00\",\"breadcrumb\":{\"@id\":\"https:\/\/careerquestor.com\/#breadcrumb\"},\"inLanguage\":\"ro-RO\",\"potentialAction\":[{\"@type\":\"ReadAction\",\"target\":[\"https:\/\/careerquestor.com\/\"]}]},{\"@type\":\"ImageObject\",\"inLanguage\":\"ro-RO\",\"@id\":\"https:\/\/careerquestor.com\/#primaryimage\",\"url\":\"https:\/\/careerquestor.com\/wp-content\/uploads\/sites\/223\/2021\/05\/why-choose-us.jpg\",\"contentUrl\":\"https:\/\/careerquestor.com\/wp-content\/uploads\/sites\/223\/2021\/05\/why-choose-us.jpg\"},{\"@type\":\"BreadcrumbList\",\"@id\":\"https:\/\/careerquestor.com\/#breadcrumb\",\"itemListElement\":[{\"@type\":\"ListItem\",\"position\":1,\"name\":\"Home\",\"item\":\"https:\/\/careerquestor.com\/\"},{\"@type\":\"ListItem\",\"position\":2,\"name\":\"Home\"}]},{\"@type\":\"WebSite\",\"@id\":\"https:\/\/careerquestor.com\/#website\",\"url\":\"https:\/\/careerquestor.com\/\",\"name\":\"Career Questor\",\"description\":\"\",\"publisher\":{\"@id\":\"https:\/\/careerquestor.com\/#organization\"},\"potentialAction\":[{\"@type\":\"SearchAction\",\"target\":{\"@type\":\"EntryPoint\",\"urlTemplate\":\"https:\/\/careerquestor.com\/?s={search_term_string}\"},\"query-input\":\"required name=search_term_string\"}],\"inLanguage\":\"ro-RO\"},{\"@type\":\"Organization\",\"@id\":\"https:\/\/careerquestor.com\/#organization\",\"name\":\"Career Questor\",\"url\":\"https:\/\/careerquestor.com\/\",\"logo\":{\"@type\":\"ImageObject\",\"inLanguage\":\"ro-RO\",\"@id\":\"https:\/\/careerquestor.com\/#\/schema\/logo\/image\/\",\"url\":\"https:\/\/careerquestor.com\/wp-content\/uploads\/sites\/223\/2025\/07\/cropped-Cosa-rende-la-Cessione-del-Quinto-unica-1.jpg\",\"contentUrl\":\"https:\/\/careerquestor.com\/wp-content\/uploads\/sites\/223\/2025\/07\/cropped-Cosa-rende-la-Cessione-del-Quinto-unica-1.jpg\",\"width\":404,\"height\":480,\"caption\":\"Career Questor\"},\"image\":{\"@id\":\"https:\/\/careerquestor.com\/#\/schema\/logo\/image\/\"}}]}<\/script>\n<!-- \/ Yoast SEO plugin. -->","yoast_head_json":{"title":"Home - Career Questor","robots":{"index":"index","follow":"follow","max-snippet":"max-snippet:-1","max-image-preview":"max-image-preview:large","max-video-preview":"max-video-preview:-1"},"canonical":"https:\/\/careerquestor.com\/ro\/","og_locale":"ro_RO","og_type":"article","og_title":"Home - Career Questor","og_description":"Conectamos voc\u00ea \u00e0 sua oportunidade \u00daltimas Publica\u00e7\u00f5es Seu Futuro Come\u00e7a Hoje Entre para um grupo seleto de profissionais de sucesso acessando as oportunidades que outros n\u00e3o veem.","og_url":"https:\/\/careerquestor.com\/ro\/","og_site_name":"Career Questor","article_modified_time":"2025-12-01T21:04:40+00:00","og_image":[{"url":"https:\/\/careerquestor.com\/wp-content\/uploads\/sites\/223\/2021\/05\/why-choose-us.jpg"}],"twitter_card":"summary_large_image","twitter_misc":{"Est. reading time":"2 minute"},"schema":{"@context":"https:\/\/schema.org","@graph":[{"@type":"WebPage","@id":"https:\/\/careerquestor.com\/","url":"https:\/\/careerquestor.com\/","name":"Home - Career Questor","isPartOf":{"@id":"https:\/\/careerquestor.com\/#website"},"primaryImageOfPage":{"@id":"https:\/\/careerquestor.com\/#primaryimage"},"image":{"@id":"https:\/\/careerquestor.com\/#primaryimage"},"thumbnailUrl":"https:\/\/careerquestor.com\/wp-content\/uploads\/sites\/223\/2021\/05\/why-choose-us.jpg","datePublished":"2025-07-15T17:48:17+00:00","dateModified":"2025-12-01T21:04:40+00:00","breadcrumb":{"@id":"https:\/\/careerquestor.com\/#breadcrumb"},"inLanguage":"ro-RO","potentialAction":[{"@type":"ReadAction","target":["https:\/\/careerquestor.com\/"]}]},{"@type":"ImageObject","inLanguage":"ro-RO","@id":"https:\/\/careerquestor.com\/#primaryimage","url":"https:\/\/careerquestor.com\/wp-content\/uploads\/sites\/223\/2021\/05\/why-choose-us.jpg","contentUrl":"https:\/\/careerquestor.com\/wp-content\/uploads\/sites\/223\/2021\/05\/why-choose-us.jpg"},{"@type":"BreadcrumbList","@id":"https:\/\/careerquestor.com\/#breadcrumb","itemListElement":[{"@type":"ListItem","position":1,"name":"Home","item":"https:\/\/careerquestor.com\/"},{"@type":"ListItem","position":2,"name":"Home"}]},{"@type":"WebSite","@id":"https:\/\/careerquestor.com\/#website","url":"https:\/\/careerquestor.com\/","name":"Career Questor","description":"","publisher":{"@id":"https:\/\/careerquestor.com\/#organization"},"potentialAction":[{"@type":"SearchAction","target":{"@type":"EntryPoint","urlTemplate":"https:\/\/careerquestor.com\/?s={search_term_string}"},"query-input":"required name=search_term_string"}],"inLanguage":"ro-RO"},{"@type":"Organization","@id":"https:\/\/careerquestor.com\/#organization","name":"Career Questor","url":"https:\/\/careerquestor.com\/","logo":{"@type":"ImageObject","inLanguage":"ro-RO","@id":"https:\/\/careerquestor.com\/#\/schema\/logo\/image\/","url":"https:\/\/careerquestor.com\/wp-content\/uploads\/sites\/223\/2025\/07\/cropped-Cosa-rende-la-Cessione-del-Quinto-unica-1.jpg","contentUrl":"https:\/\/careerquestor.com\/wp-content\/uploads\/sites\/223\/2025\/07\/cropped-Cosa-rende-la-Cessione-del-Quinto-unica-1.jpg","width":404,"height":480,"caption":"Career Questor"},"image":{"@id":"https:\/\/careerquestor.com\/#\/schema\/logo\/image\/"}}]}},"uagb_featured_image_src":{"full":false,"thumbnail":false,"medium":false,"medium_large":false,"large":false,"1536x1536":false,"2048x2048":false,"trp-custom-language-flag":false},"uagb_author_info":{"display_name":"Bruno Gianni","author_link":"https:\/\/careerquestor.com\/ro\/author\/bcgianni\/"},"uagb_comment_info":0,"uagb_excerpt":"Conectamos voc\u00ea \u00e0 sua oportunidade \u00daltimas Publica\u00e7\u00f5es Seu Futuro Come\u00e7a Hoje Entre para um grupo seleto de profissionais de sucesso acessando as oportunidades que outros n\u00e3o veem.","_links":{"self":[{"href":"https:\/\/careerquestor.com\/ro\/wp-json\/wp\/v2\/pages\/692"}],"collection":[{"href":"https:\/\/careerquestor.com\/ro\/wp-json\/wp\/v2\/pages"}],"about":[{"href":"https:\/\/careerquestor.com\/ro\/wp-json\/wp\/v2\/types\/page"}],"author":[{"embeddable":true,"href":"https:\/\/careerquestor.com\/ro\/wp-json\/wp\/v2\/users\/3"}],"replies":[{"embeddable":true,"href":"https:\/\/careerquestor.com\/ro\/wp-json\/wp\/v2\/comments?post=692"}],"version-history":[{"count":79,"href":"https:\/\/careerquestor.com\/ro\/wp-json\/wp\/v2\/pages\/692\/revisions"}],"predecessor-version":[{"id":837,"href":"https:\/\/careerquestor.com\/ro\/wp-json\/wp\/v2\/pages\/692\/revisions\/837"}],"wp:attachment":[{"href":"https:\/\/careerquestor.com\/ro\/wp-json\/wp\/v2\/media?parent=692"}],"curies":[{"name":"wp","href":"https:\/\/api.w.org\/{rel}","templated":true}]}}