{"id":79,"date":"2025-03-04T17:52:25","date_gmt":"2025-03-04T17:52:25","guid":{"rendered":"https:\/\/careerquestor.com\/?page_id=79"},"modified":"2026-04-07T16:15:46","modified_gmt":"2026-04-07T16:15:46","slug":"about","status":"publish","type":"page","link":"https:\/\/careerquestor.com\/ro\/about\/","title":{"rendered":"Despre noi"},"content":{"rendered":"<h2 class=\"wp-block-heading\">Bun venit pe CareerQuestor.com<\/h2>\n\n\n\n<p>CareerQuestor.com este destina\u021bia ideal\u0103 pentru explorarea de noi oportunit\u0103\u021bi de carier\u0103, adaptarea la schimb\u0103rile de pe pia\u021ba muncii \u0219i atingerea succesului profesional.<\/p>\n\n\n\n<p>Misiunea noastr\u0103 este de a oferi informa\u021bii valoroase, perspective inovatoare \u0219i resurse practice care s\u0103 v\u0103 ajute s\u0103 lua\u021bi decizii sigure \u0219i \u00eencrez\u0103toare cu privire la parcursul carierei dumneavoastr\u0103.<\/p>\n\n\n\n<p>Indiferent dac\u0103 e\u0219ti un profesionist cu experien\u021b\u0103 care caut\u0103 o nou\u0103 direc\u021bie sau cineva care abia \u00ee\u0219i \u00eencepe c\u0103l\u0103toria, suntem aici pentru a te ghida c\u0103tre obiectivele tale.<\/p>\n\n\n\n<h3 class=\"wp-block-heading\">Ce oferim<\/h3>\n\n\n\n<p><strong>Tendin\u021be pe pia\u021ba muncii<\/strong><\/p>\n\n\n\n<ul>\n<li><strong>Nomadismul digital<\/strong> \u00cenva\u021b\u0103 cum s\u0103 lucrezi de oriunde din lume, profit\u00e2nd la maximum de libertatea \u0219i flexibilitatea acestei tendin\u021be \u00een cre\u0219tere.<\/li>\n\n\n\n<li><strong>Munca la distan\u021b\u0103<\/strong> Descoper\u0103 cum s\u0103 excelezi lucr\u00e2nd de acas\u0103, men\u021bin\u00e2nd productivitatea \u0219i un echilibru \u00eentre via\u021ba personal\u0103 \u0219i cea profesional\u0103.<\/li>\n\n\n\n<li><strong>Cariere la mare c\u0103utare<\/strong> R\u0103m\u00e2i la curent cu cele mai c\u0103utate domenii, cu sfaturi despre locuri de munc\u0103 vacante \u0219i oportunit\u0103\u021bi de dezvoltare.<\/li>\n<\/ul>\n\n\n\n<p><strong>Dezvoltare profesional\u0103<\/strong><\/p>\n\n\n\n<ul>\n<li><strong>Re\u021bele strategice<\/strong> \u00cenva\u021b\u0103 cum s\u0103 construie\u0219ti conexiuni globale pentru a-\u021bi impulsiona cariera \u0219i a deschide noi oportunit\u0103\u021bi.<\/li>\n\n\n\n<li><strong>\u00cenv\u0103\u021bare continu\u0103<\/strong> \u00cen\u021belege\u021bi cum \u00eenv\u0103\u021barea pe tot parcursul vie\u021bii poate fi cheia dezvolt\u0103rii carierei \u0219i a men\u021binerii relevan\u021bei pe pia\u021b\u0103.<\/li>\n\n\n\n<li><strong>Branding personal<\/strong> Pozi\u021bioneaz\u0103-te strategic pentru a atrage cele mai bune oportunit\u0103\u021bi profesionale.<\/li>\n<\/ul>\n\n\n\n<p><strong>Sfaturi practice \u0219i resurse<\/strong><\/p>\n\n\n\n<ul>\n<li><strong>Ghid de carier\u0103<\/strong> Acceseaz\u0103 articole \u0219i tutoriale pentru a-\u021bi planifica cariera \u00eentr-un mod structurat \u0219i eficient.<\/li>\n\n\n\n<li><strong>Instrumente profesionale<\/strong> Descoper\u0103 cele mai bune resurse \u0219i platforme pentru a-\u021bi \u00eembun\u0103t\u0103\u021bi performan\u021ba \u0219i abilit\u0103\u021bile.<\/li>\n\n\n\n<li><strong>Pove\u0219ti de succes<\/strong> \u2013 Inspir\u0103-te de profesioni\u0219tii care \u0219i-au \u00eendeplinit visele \u0219i vezi cum \u00ee\u021bi po\u021bi transforma \u0219i tu cariera.<\/li>\n<\/ul>\n\n\n\n<p><strong>Divertisment <\/strong><\/p>\n\n\n\n<ul>\n<li><strong> Jocuri digitale:<\/strong> De asemenea, acoperim con\u021binut legat de divertisment, inclusiv platforme populare precum Roblox. Ve\u021bi g\u0103si ghiduri, sfaturi \u0219i explica\u021bii despre cum s\u0103 v\u0103 bucura\u021bi cel mai bine de jocuri, resursele disponibile, economia virtual\u0103 \u0219i tendin\u021bele din lumea jocurilor, \u00eentotdeauna cu o abordare informativ\u0103 \u0219i responsabil\u0103.<\/li>\n<\/ul>\n\n\n\n<h3 class=\"wp-block-heading\">De ce s\u0103 alege\u021bi CareerQuestor.com?<\/h3>\n\n\n\n<p>Credem c\u0103 fiecare profesionist este unic. De aceea, oferim con\u021binut conceput pentru a satisface diferite nevoi \u0219i profiluri de carier\u0103.<\/p>\n\n\n\n<p>Angajamentul nostru este de a oferi informa\u021bii de \u00eenalt\u0103 calitate, bazate pe cercet\u0103ri \u0219i \u00eenv\u0103\u021b\u0103minte din lumea real\u0103, astfel \u00eenc\u00e2t s\u0103 pute\u021bi lua decizii informate \u0219i \u00eencrez\u0103toare.<\/p>\n\n\n\n<p>Spre deosebire de alte platforme, ne concentr\u0103m pe oferirea de asisten\u021b\u0103 complet\u0103 - de la perspective strategice la sfaturi practice care fac cu adev\u0103rat diferen\u021ba \u00een via\u021ba ta profesional\u0103 de zi cu zi.<\/p>\n\n\n\n<h3 class=\"wp-block-heading\">Ce ne diferen\u021biaz\u0103?<\/h3>\n\n\n\n<ul>\n<li><strong>Con\u021binut actualizat<\/strong> Acoperim cele mai recente tendin\u021be de pe pia\u021ba muncii pentru a te men\u021bine mereu cu un pas \u00eenainte.<\/li>\n\n\n\n<li><strong>Concentrare pe transformarea carierei<\/strong> Materialele noastre sunt concepute pentru a v\u0103 ajuta s\u0103 evolua\u021bi \u0219i s\u0103 v\u0103 adapta\u021bi continuu la schimb\u0103rile din industrie.<\/li>\n\n\n\n<li><strong>Comunitate implicat\u0103<\/strong> \u2013 Al\u0103tura\u021bi-v\u0103 unei re\u021bele de profesioni\u0219ti din diverse domenii pentru a face schimb de experien\u021b\u0103 \u0219i a construi conexiuni valoroase.<\/li>\n<\/ul>\n\n\n\n<h3 class=\"wp-block-heading\">S\u0103 \u00eencepem!<\/h3>\n\n\n\n<p>Dac\u0103 vrei s\u0103-\u021bi avansezi cariera, s\u0103 explorezi noi oportunit\u0103\u021bi \u0219i s\u0103 te preg\u0103te\u0219ti pentru viitorul muncii, CareerQuestor.com este locul potrivit pentru tine.<\/p>\n\n\n\n<p>R\u0103sfoie\u0219te articolele noastre, al\u0103tur\u0103-te comunit\u0103\u021bii \u0219i \u00eencepe s\u0103-\u021bi construie\u0219ti viitorul profesional chiar azi.<\/p>\n\n\n\n<p>Contacta\u021bi-ne, consulta\u021bi Politica noastr\u0103 de confiden\u021bialitate pentru mai multe detalii sau consulta\u021bi cele mai recente articole ale noastre pentru a face primul pas \u00een c\u0103l\u0103toria dvs. acum.<\/p>","protected":false},"excerpt":{"rendered":"<p>Bem vindo ao CareerQuestor.com O CareerQuestor.com \u00e9 o seu destino ideal para explorar novas oportunidades de carreira, se adaptar \u00e0s mudan\u00e7as do mercado de trabalho e alcan\u00e7ar o sucesso profissional. Nossa miss\u00e3o \u00e9 oferecer insights valiosos, perspectivas inovadoras e recursos pr\u00e1ticos para ajudar voc\u00ea a tomar decis\u00f5es seguras e confiantes sobre o seu caminho profissional. [&hellip;]<\/p>","protected":false},"author":40,"featured_media":0,"parent":0,"menu_order":0,"comment_status":"closed","ping_status":"closed","template":"","meta":{"_uag_custom_page_level_css":"","site-sidebar-layout":"default","site-content-layout":"","ast-site-content-layout":"default","site-content-style":"default","site-sidebar-style":"default","ast-global-header-display":"","ast-banner-title-visibility":"","ast-main-header-display":"","ast-hfb-above-header-display":"","ast-hfb-below-header-display":"","ast-hfb-mobile-header-display":"","site-post-title":"","ast-breadcrumbs-content":"","ast-featured-img":"","footer-sml-layout":"","theme-transparent-header-meta":"","adv-header-id-meta":"","stick-header-meta":"","header-above-stick-meta":"","header-main-stick-meta":"","header-below-stick-meta":"","astra-migrate-meta-layouts":"set","ast-page-background-enabled":"default","ast-page-background-meta":{"desktop":{"background-color":"var(--ast-global-color-4)","background-image":"","background-repeat":"repeat","background-position":"center center","background-size":"auto","background-attachment":"scroll","background-type":"","background-media":"","overlay-type":"","overlay-color":"","overlay-opacity":"","overlay-gradient":""},"tablet":{"background-color":"","background-image":"","background-repeat":"repeat","background-position":"center center","background-size":"auto","background-attachment":"scroll","background-type":"","background-media":"","overlay-type":"","overlay-color":"","overlay-opacity":"","overlay-gradient":""},"mobile":{"background-color":"","background-image":"","background-repeat":"repeat","background-position":"center center","background-size":"auto","background-attachment":"scroll","background-type":"","background-media":"","overlay-type":"","overlay-color":"","overlay-opacity":"","overlay-gradient":""}},"ast-content-background-meta":{"desktop":{"background-color":"var(--ast-global-color-5)","background-image":"","background-repeat":"repeat","background-position":"center center","background-size":"auto","background-attachment":"scroll","background-type":"","background-media":"","overlay-type":"","overlay-color":"","overlay-opacity":"","overlay-gradient":""},"tablet":{"background-color":"var(--ast-global-color-5)","background-image":"","background-repeat":"repeat","background-position":"center center","background-size":"auto","background-attachment":"scroll","background-type":"","background-media":"","overlay-type":"","overlay-color":"","overlay-opacity":"","overlay-gradient":""},"mobile":{"background-color":"var(--ast-global-color-5)","background-image":"","background-repeat":"repeat","background-position":"center center","background-size":"auto","background-attachment":"scroll","background-type":"","background-media":"","overlay-type":"","overlay-color":"","overlay-opacity":"","overlay-gradient":""}},"footnotes":""},"yoast_head":"<!-- This site is optimized with the Yoast SEO plugin v23.3 - https:\/\/yoast.com\/wordpress\/plugins\/seo\/ -->\n<title>Sobre n\u00f3s - Career Questor<\/title>\n<meta name=\"robots\" content=\"index, follow, max-snippet:-1, max-image-preview:large, max-video-preview:-1\" \/>\n<link rel=\"canonical\" href=\"https:\/\/careerquestor.com\/ro\/about\/\" \/>\n<meta property=\"og:locale\" content=\"ro_RO\" \/>\n<meta property=\"og:type\" content=\"article\" \/>\n<meta property=\"og:title\" content=\"Sobre n\u00f3s - Career Questor\" \/>\n<meta property=\"og:description\" content=\"Bem vindo ao CareerQuestor.com O CareerQuestor.com \u00e9 o seu destino ideal para explorar novas oportunidades de carreira, se adaptar \u00e0s mudan\u00e7as do mercado de trabalho e alcan\u00e7ar o sucesso profissional. Nossa miss\u00e3o \u00e9 oferecer insights valiosos, perspectivas inovadoras e recursos pr\u00e1ticos para ajudar voc\u00ea a tomar decis\u00f5es seguras e confiantes sobre o seu caminho profissional. [&hellip;]\" \/>\n<meta property=\"og:url\" content=\"https:\/\/careerquestor.com\/ro\/about\/\" \/>\n<meta property=\"og:site_name\" content=\"Career Questor\" \/>\n<meta property=\"article:modified_time\" content=\"2026-04-07T16:15:46+00:00\" \/>\n<meta name=\"twitter:card\" content=\"summary_large_image\" \/>\n<meta name=\"twitter:label1\" content=\"Est. reading time\" \/>\n\t<meta name=\"twitter:data1\" content=\"3 minute\" \/>\n<script type=\"application\/ld+json\" class=\"yoast-schema-graph\">{\"@context\":\"https:\/\/schema.org\",\"@graph\":[{\"@type\":\"WebPage\",\"@id\":\"https:\/\/careerquestor.com\/about\/\",\"url\":\"https:\/\/careerquestor.com\/about\/\",\"name\":\"Sobre n\u00f3s - Career Questor\",\"isPartOf\":{\"@id\":\"https:\/\/careerquestor.com\/#website\"},\"datePublished\":\"2025-03-04T17:52:25+00:00\",\"dateModified\":\"2026-04-07T16:15:46+00:00\",\"breadcrumb\":{\"@id\":\"https:\/\/careerquestor.com\/about\/#breadcrumb\"},\"inLanguage\":\"ro-RO\",\"potentialAction\":[{\"@type\":\"ReadAction\",\"target\":[\"https:\/\/careerquestor.com\/about\/\"]}]},{\"@type\":\"BreadcrumbList\",\"@id\":\"https:\/\/careerquestor.com\/about\/#breadcrumb\",\"itemListElement\":[{\"@type\":\"ListItem\",\"position\":1,\"name\":\"Home\",\"item\":\"https:\/\/careerquestor.com\/\"},{\"@type\":\"ListItem\",\"position\":2,\"name\":\"Sobre n\u00f3s\"}]},{\"@type\":\"WebSite\",\"@id\":\"https:\/\/careerquestor.com\/#website\",\"url\":\"https:\/\/careerquestor.com\/\",\"name\":\"Career Questor\",\"description\":\"\",\"publisher\":{\"@id\":\"https:\/\/careerquestor.com\/#organization\"},\"potentialAction\":[{\"@type\":\"SearchAction\",\"target\":{\"@type\":\"EntryPoint\",\"urlTemplate\":\"https:\/\/careerquestor.com\/?s={search_term_string}\"},\"query-input\":\"required name=search_term_string\"}],\"inLanguage\":\"ro-RO\"},{\"@type\":\"Organization\",\"@id\":\"https:\/\/careerquestor.com\/#organization\",\"name\":\"Career Questor\",\"url\":\"https:\/\/careerquestor.com\/\",\"logo\":{\"@type\":\"ImageObject\",\"inLanguage\":\"ro-RO\",\"@id\":\"https:\/\/careerquestor.com\/#\/schema\/logo\/image\/\",\"url\":\"https:\/\/careerquestor.com\/wp-content\/uploads\/sites\/223\/2025\/07\/cropped-Cosa-rende-la-Cessione-del-Quinto-unica-1.jpg\",\"contentUrl\":\"https:\/\/careerquestor.com\/wp-content\/uploads\/sites\/223\/2025\/07\/cropped-Cosa-rende-la-Cessione-del-Quinto-unica-1.jpg\",\"width\":404,\"height\":480,\"caption\":\"Career Questor\"},\"image\":{\"@id\":\"https:\/\/careerquestor.com\/#\/schema\/logo\/image\/\"}}]}<\/script>\n<!-- \/ Yoast SEO plugin. -->","yoast_head_json":{"title":"Sobre n\u00f3s - Career Questor","robots":{"index":"index","follow":"follow","max-snippet":"max-snippet:-1","max-image-preview":"max-image-preview:large","max-video-preview":"max-video-preview:-1"},"canonical":"https:\/\/careerquestor.com\/ro\/about\/","og_locale":"ro_RO","og_type":"article","og_title":"Sobre n\u00f3s - Career Questor","og_description":"Bem vindo ao CareerQuestor.com O CareerQuestor.com \u00e9 o seu destino ideal para explorar novas oportunidades de carreira, se adaptar \u00e0s mudan\u00e7as do mercado de trabalho e alcan\u00e7ar o sucesso profissional. Nossa miss\u00e3o \u00e9 oferecer insights valiosos, perspectivas inovadoras e recursos pr\u00e1ticos para ajudar voc\u00ea a tomar decis\u00f5es seguras e confiantes sobre o seu caminho profissional. [&hellip;]","og_url":"https:\/\/careerquestor.com\/ro\/about\/","og_site_name":"Career Questor","article_modified_time":"2026-04-07T16:15:46+00:00","twitter_card":"summary_large_image","twitter_misc":{"Est. reading time":"3 minute"},"schema":{"@context":"https:\/\/schema.org","@graph":[{"@type":"WebPage","@id":"https:\/\/careerquestor.com\/about\/","url":"https:\/\/careerquestor.com\/about\/","name":"Sobre n\u00f3s - Career Questor","isPartOf":{"@id":"https:\/\/careerquestor.com\/#website"},"datePublished":"2025-03-04T17:52:25+00:00","dateModified":"2026-04-07T16:15:46+00:00","breadcrumb":{"@id":"https:\/\/careerquestor.com\/about\/#breadcrumb"},"inLanguage":"ro-RO","potentialAction":[{"@type":"ReadAction","target":["https:\/\/careerquestor.com\/about\/"]}]},{"@type":"BreadcrumbList","@id":"https:\/\/careerquestor.com\/about\/#breadcrumb","itemListElement":[{"@type":"ListItem","position":1,"name":"Home","item":"https:\/\/careerquestor.com\/"},{"@type":"ListItem","position":2,"name":"Sobre n\u00f3s"}]},{"@type":"WebSite","@id":"https:\/\/careerquestor.com\/#website","url":"https:\/\/careerquestor.com\/","name":"Career Questor","description":"","publisher":{"@id":"https:\/\/careerquestor.com\/#organization"},"potentialAction":[{"@type":"SearchAction","target":{"@type":"EntryPoint","urlTemplate":"https:\/\/careerquestor.com\/?s={search_term_string}"},"query-input":"required name=search_term_string"}],"inLanguage":"ro-RO"},{"@type":"Organization","@id":"https:\/\/careerquestor.com\/#organization","name":"Career Questor","url":"https:\/\/careerquestor.com\/","logo":{"@type":"ImageObject","inLanguage":"ro-RO","@id":"https:\/\/careerquestor.com\/#\/schema\/logo\/image\/","url":"https:\/\/careerquestor.com\/wp-content\/uploads\/sites\/223\/2025\/07\/cropped-Cosa-rende-la-Cessione-del-Quinto-unica-1.jpg","contentUrl":"https:\/\/careerquestor.com\/wp-content\/uploads\/sites\/223\/2025\/07\/cropped-Cosa-rende-la-Cessione-del-Quinto-unica-1.jpg","width":404,"height":480,"caption":"Career Questor"},"image":{"@id":"https:\/\/careerquestor.com\/#\/schema\/logo\/image\/"}}]}},"uagb_featured_image_src":{"full":false,"thumbnail":false,"medium":false,"medium_large":false,"large":false,"1536x1536":false,"2048x2048":false,"trp-custom-language-flag":false},"uagb_author_info":{"display_name":"pontesingrid25","author_link":"https:\/\/careerquestor.com\/ro\/author\/pontesingrid25\/"},"uagb_comment_info":0,"uagb_excerpt":"Bem vindo ao CareerQuestor.com O CareerQuestor.com \u00e9 o seu destino ideal para explorar novas oportunidades de carreira, se adaptar \u00e0s mudan\u00e7as do mercado de trabalho e alcan\u00e7ar o sucesso profissional. Nossa miss\u00e3o \u00e9 oferecer insights valiosos, perspectivas inovadoras e recursos pr\u00e1ticos para ajudar voc\u00ea a tomar decis\u00f5es seguras e confiantes sobre o seu caminho profissional.&hellip;","_links":{"self":[{"href":"https:\/\/careerquestor.com\/ro\/wp-json\/wp\/v2\/pages\/79"}],"collection":[{"href":"https:\/\/careerquestor.com\/ro\/wp-json\/wp\/v2\/pages"}],"about":[{"href":"https:\/\/careerquestor.com\/ro\/wp-json\/wp\/v2\/types\/page"}],"author":[{"embeddable":true,"href":"https:\/\/careerquestor.com\/ro\/wp-json\/wp\/v2\/users\/40"}],"replies":[{"embeddable":true,"href":"https:\/\/careerquestor.com\/ro\/wp-json\/wp\/v2\/comments?post=79"}],"version-history":[{"count":6,"href":"https:\/\/careerquestor.com\/ro\/wp-json\/wp\/v2\/pages\/79\/revisions"}],"predecessor-version":[{"id":2157,"href":"https:\/\/careerquestor.com\/ro\/wp-json\/wp\/v2\/pages\/79\/revisions\/2157"}],"wp:attachment":[{"href":"https:\/\/careerquestor.com\/ro\/wp-json\/wp\/v2\/media?parent=79"}],"curies":[{"name":"wp","href":"https:\/\/api.w.org\/{rel}","templated":true}]}}