{"id":79,"date":"2025-03-04T17:52:25","date_gmt":"2025-03-04T17:52:25","guid":{"rendered":"https:\/\/careerquestor.com\/?page_id=79"},"modified":"2026-04-07T16:15:46","modified_gmt":"2026-04-07T16:15:46","slug":"about","status":"publish","type":"page","link":"https:\/\/careerquestor.com\/sv\/about\/","title":{"rendered":"Om oss"},"content":{"rendered":"<h2 class=\"wp-block-heading\">V\u00e4lkommen till CareerQuestor.com<\/h2>\n\n\n\n<p>CareerQuestor.com \u00e4r din ideala destination f\u00f6r att utforska nya karri\u00e4rm\u00f6jligheter, anpassa dig till f\u00f6r\u00e4ndringar p\u00e5 arbetsmarknaden och uppn\u00e5 professionell framg\u00e5ng.<\/p>\n\n\n\n<p>V\u00e5rt uppdrag \u00e4r att erbjuda v\u00e4rdefulla insikter, innovativa perspektiv och praktiska resurser som hj\u00e4lper dig att fatta s\u00e4kra och trygga beslut om din karri\u00e4rv\u00e4g.<\/p>\n\n\n\n<p>Oavsett om du \u00e4r en erfaren yrkesperson som s\u00f6ker en ny riktning eller bara har b\u00f6rjat din resa, finns vi h\u00e4r f\u00f6r att v\u00e4gleda dig mot dina m\u00e5l.<\/p>\n\n\n\n<h3 class=\"wp-block-heading\">Vad vi erbjuder<\/h3>\n\n\n\n<p><strong>Arbetsmarknadstrender<\/strong><\/p>\n\n\n\n<ul>\n<li><strong>Digital nomadism<\/strong> L\u00e4r dig hur du arbetar var som helst i v\u00e4rlden och utnyttjar friheten och flexibiliteten i denna v\u00e4xande trend.<\/li>\n\n\n\n<li><strong>Distansarbete<\/strong> Uppt\u00e4ck hur du kan utm\u00e4rka dig n\u00e4r du arbetar hemifr\u00e5n, bibeh\u00e5lla produktiviteten och en balans mellan ditt privatliv och ditt yrkesliv.<\/li>\n\n\n\n<li><strong>Karri\u00e4rer med h\u00f6g efterfr\u00e5gan<\/strong> H\u00e5ll dig informerad om de mest eftertraktade omr\u00e5dena, med tips om lediga jobb och utvecklingsm\u00f6jligheter.<\/li>\n<\/ul>\n\n\n\n<p><strong>Professionell utveckling<\/strong><\/p>\n\n\n\n<ul>\n<li><strong>Strategiskt n\u00e4tverkande<\/strong> L\u00e4r dig hur du bygger globala kontakter f\u00f6r att st\u00e4rka din karri\u00e4r och \u00f6ppna upp nya m\u00f6jligheter.<\/li>\n\n\n\n<li><strong>Kontinuerligt l\u00e4rande<\/strong> F\u00f6rst\u00e5 hur livsl\u00e5ngt l\u00e4rande kan vara nyckeln till karri\u00e4rtillv\u00e4xt och att bibeh\u00e5lla relevans p\u00e5 marknaden.<\/li>\n\n\n\n<li><strong>Personlig varum\u00e4rkesbyggande<\/strong> Positionera dig strategiskt f\u00f6r att attrahera de b\u00e4sta yrkesm\u00f6jligheterna.<\/li>\n<\/ul>\n\n\n\n<p><strong>Praktiska tips och resurser<\/strong><\/p>\n\n\n\n<ul>\n<li><strong>Karri\u00e4rguide<\/strong> F\u00e5 tillg\u00e5ng till artiklar och handledningar f\u00f6r att planera din karri\u00e4rv\u00e4g p\u00e5 ett strukturerat och effektivt s\u00e4tt.<\/li>\n\n\n\n<li><strong>Professionella verktyg<\/strong> Uppt\u00e4ck de b\u00e4sta resurserna och plattformarna f\u00f6r att f\u00f6rb\u00e4ttra dina prestationer och f\u00e4rdigheter.<\/li>\n\n\n\n<li><strong>Framg\u00e5ngshistorier<\/strong> \u2013 Bli inspirerad av yrkesverksamma som har uppn\u00e5tt sina dr\u00f6mmar och se hur du ocks\u00e5 kan f\u00f6r\u00e4ndra din karri\u00e4r.<\/li>\n<\/ul>\n\n\n\n<p><strong>Underh\u00e5llning <\/strong><\/p>\n\n\n\n<ul>\n<li><strong> Digitala spel:<\/strong> Vi t\u00e4cker \u00e4ven underh\u00e5llningsrelaterat inneh\u00e5ll, inklusive popul\u00e4ra plattformar som Roblox. Du hittar guider, tips och f\u00f6rklaringar om hur du b\u00e4st kan njuta av spel, tillg\u00e4ngliga resurser, den virtuella ekonomin och trender i spelv\u00e4rlden, alltid med ett informativt och ansvarsfullt tillv\u00e4gag\u00e5ngss\u00e4tt.<\/li>\n<\/ul>\n\n\n\n<h3 class=\"wp-block-heading\">Varf\u00f6r v\u00e4lja CareerQuestor.com?<\/h3>\n\n\n\n<p>Vi tror att varje yrkesperson \u00e4r unik. D\u00e4rf\u00f6r erbjuder vi inneh\u00e5ll utformat f\u00f6r att m\u00f6ta olika behov och karri\u00e4rprofiler.<\/p>\n\n\n\n<p>V\u00e5rt engagemang \u00e4r att leverera h\u00f6gkvalitativ information, baserad p\u00e5 forskning och praktiska erfarenheter, s\u00e5 att du kan fatta v\u00e4lgrundade och s\u00e4kra beslut.<\/p>\n\n\n\n<p>Till skillnad fr\u00e5n andra plattformar fokuserar vi p\u00e5 att ge helt\u00e4ckande support \u2013 fr\u00e5n strategiska insikter till praktiska tips som verkligen g\u00f6r skillnad i ditt dagliga yrkesliv.<\/p>\n\n\n\n<h3 class=\"wp-block-heading\">Vad skiljer oss fr\u00e5n m\u00e4ngden?<\/h3>\n\n\n\n<ul>\n<li><strong>Uppdaterat inneh\u00e5ll<\/strong> Vi tar upp de senaste trenderna p\u00e5 arbetsmarknaden f\u00f6r att alltid ligga steget f\u00f6re.<\/li>\n\n\n\n<li><strong>Fokus p\u00e5 karri\u00e4romvandling<\/strong> V\u00e5rt material \u00e4r utformat f\u00f6r att hj\u00e4lpa dig att utvecklas och kontinuerligt anpassa dig till f\u00f6r\u00e4ndringar i branschen.<\/li>\n\n\n\n<li><strong>Engagerad gemenskap<\/strong> \u2013 G\u00e5 med i ett n\u00e4tverk av yrkesverksamma fr\u00e5n olika omr\u00e5den f\u00f6r att utbyta erfarenheter och bygga v\u00e4rdefulla kontakter.<\/li>\n<\/ul>\n\n\n\n<h3 class=\"wp-block-heading\">Nu s\u00e4tter vi ig\u00e5ng!<\/h3>\n\n\n\n<p>Om du vill avancera din karri\u00e4r, utforska nya m\u00f6jligheter och f\u00f6rbereda dig f\u00f6r framtidens arbetsliv \u00e4r CareerQuestor.com r\u00e4tt plats f\u00f6r dig.<\/p>\n\n\n\n<p>Bl\u00e4ddra bland v\u00e5ra artiklar, g\u00e5 med i communityn och b\u00f6rja bygga din professionella framtid idag.<\/p>\n\n\n\n<p>Kontakta oss, se v\u00e5r integritetspolicy f\u00f6r mer information eller l\u00e4s v\u00e5ra senaste artiklar f\u00f6r att ta f\u00f6rsta steget p\u00e5 din resa nu.<\/p>","protected":false},"excerpt":{"rendered":"<p>Bem vindo ao CareerQuestor.com O CareerQuestor.com \u00e9 o seu destino ideal para explorar novas oportunidades de carreira, se adaptar \u00e0s mudan\u00e7as do mercado de trabalho e alcan\u00e7ar o sucesso profissional. Nossa miss\u00e3o \u00e9 oferecer insights valiosos, perspectivas inovadoras e recursos pr\u00e1ticos para ajudar voc\u00ea a tomar decis\u00f5es seguras e confiantes sobre o seu caminho profissional. [&hellip;]<\/p>","protected":false},"author":40,"featured_media":0,"parent":0,"menu_order":0,"comment_status":"closed","ping_status":"closed","template":"","meta":{"_uag_custom_page_level_css":"","site-sidebar-layout":"default","site-content-layout":"","ast-site-content-layout":"default","site-content-style":"default","site-sidebar-style":"default","ast-global-header-display":"","ast-banner-title-visibility":"","ast-main-header-display":"","ast-hfb-above-header-display":"","ast-hfb-below-header-display":"","ast-hfb-mobile-header-display":"","site-post-title":"","ast-breadcrumbs-content":"","ast-featured-img":"","footer-sml-layout":"","theme-transparent-header-meta":"","adv-header-id-meta":"","stick-header-meta":"","header-above-stick-meta":"","header-main-stick-meta":"","header-below-stick-meta":"","astra-migrate-meta-layouts":"set","ast-page-background-enabled":"default","ast-page-background-meta":{"desktop":{"background-color":"var(--ast-global-color-4)","background-image":"","background-repeat":"repeat","background-position":"center center","background-size":"auto","background-attachment":"scroll","background-type":"","background-media":"","overlay-type":"","overlay-color":"","overlay-opacity":"","overlay-gradient":""},"tablet":{"background-color":"","background-image":"","background-repeat":"repeat","background-position":"center center","background-size":"auto","background-attachment":"scroll","background-type":"","background-media":"","overlay-type":"","overlay-color":"","overlay-opacity":"","overlay-gradient":""},"mobile":{"background-color":"","background-image":"","background-repeat":"repeat","background-position":"center center","background-size":"auto","background-attachment":"scroll","background-type":"","background-media":"","overlay-type":"","overlay-color":"","overlay-opacity":"","overlay-gradient":""}},"ast-content-background-meta":{"desktop":{"background-color":"var(--ast-global-color-5)","background-image":"","background-repeat":"repeat","background-position":"center center","background-size":"auto","background-attachment":"scroll","background-type":"","background-media":"","overlay-type":"","overlay-color":"","overlay-opacity":"","overlay-gradient":""},"tablet":{"background-color":"var(--ast-global-color-5)","background-image":"","background-repeat":"repeat","background-position":"center center","background-size":"auto","background-attachment":"scroll","background-type":"","background-media":"","overlay-type":"","overlay-color":"","overlay-opacity":"","overlay-gradient":""},"mobile":{"background-color":"var(--ast-global-color-5)","background-image":"","background-repeat":"repeat","background-position":"center center","background-size":"auto","background-attachment":"scroll","background-type":"","background-media":"","overlay-type":"","overlay-color":"","overlay-opacity":"","overlay-gradient":""}},"footnotes":""},"yoast_head":"<!-- This site is optimized with the Yoast SEO plugin v23.3 - https:\/\/yoast.com\/wordpress\/plugins\/seo\/ -->\n<title>Sobre n\u00f3s - Career Questor<\/title>\n<meta name=\"robots\" content=\"index, follow, max-snippet:-1, max-image-preview:large, max-video-preview:-1\" \/>\n<link rel=\"canonical\" href=\"https:\/\/careerquestor.com\/sv\/about\/\" \/>\n<meta property=\"og:locale\" content=\"sv_SE\" \/>\n<meta property=\"og:type\" content=\"article\" \/>\n<meta property=\"og:title\" content=\"Sobre n\u00f3s - Career Questor\" \/>\n<meta property=\"og:description\" content=\"Bem vindo ao CareerQuestor.com O CareerQuestor.com \u00e9 o seu destino ideal para explorar novas oportunidades de carreira, se adaptar \u00e0s mudan\u00e7as do mercado de trabalho e alcan\u00e7ar o sucesso profissional. Nossa miss\u00e3o \u00e9 oferecer insights valiosos, perspectivas inovadoras e recursos pr\u00e1ticos para ajudar voc\u00ea a tomar decis\u00f5es seguras e confiantes sobre o seu caminho profissional. [&hellip;]\" \/>\n<meta property=\"og:url\" content=\"https:\/\/careerquestor.com\/sv\/about\/\" \/>\n<meta property=\"og:site_name\" content=\"Career Questor\" \/>\n<meta property=\"article:modified_time\" content=\"2026-04-07T16:15:46+00:00\" \/>\n<meta name=\"twitter:card\" content=\"summary_large_image\" \/>\n<meta name=\"twitter:label1\" content=\"Est. reading time\" \/>\n\t<meta name=\"twitter:data1\" content=\"3 minuter\" \/>\n<script type=\"application\/ld+json\" class=\"yoast-schema-graph\">{\"@context\":\"https:\/\/schema.org\",\"@graph\":[{\"@type\":\"WebPage\",\"@id\":\"https:\/\/careerquestor.com\/about\/\",\"url\":\"https:\/\/careerquestor.com\/about\/\",\"name\":\"Sobre n\u00f3s - Career Questor\",\"isPartOf\":{\"@id\":\"https:\/\/careerquestor.com\/#website\"},\"datePublished\":\"2025-03-04T17:52:25+00:00\",\"dateModified\":\"2026-04-07T16:15:46+00:00\",\"breadcrumb\":{\"@id\":\"https:\/\/careerquestor.com\/about\/#breadcrumb\"},\"inLanguage\":\"sv-SE\",\"potentialAction\":[{\"@type\":\"ReadAction\",\"target\":[\"https:\/\/careerquestor.com\/about\/\"]}]},{\"@type\":\"BreadcrumbList\",\"@id\":\"https:\/\/careerquestor.com\/about\/#breadcrumb\",\"itemListElement\":[{\"@type\":\"ListItem\",\"position\":1,\"name\":\"Home\",\"item\":\"https:\/\/careerquestor.com\/\"},{\"@type\":\"ListItem\",\"position\":2,\"name\":\"Sobre n\u00f3s\"}]},{\"@type\":\"WebSite\",\"@id\":\"https:\/\/careerquestor.com\/#website\",\"url\":\"https:\/\/careerquestor.com\/\",\"name\":\"Career Questor\",\"description\":\"\",\"publisher\":{\"@id\":\"https:\/\/careerquestor.com\/#organization\"},\"potentialAction\":[{\"@type\":\"SearchAction\",\"target\":{\"@type\":\"EntryPoint\",\"urlTemplate\":\"https:\/\/careerquestor.com\/?s={search_term_string}\"},\"query-input\":\"required name=search_term_string\"}],\"inLanguage\":\"sv-SE\"},{\"@type\":\"Organization\",\"@id\":\"https:\/\/careerquestor.com\/#organization\",\"name\":\"Career Questor\",\"url\":\"https:\/\/careerquestor.com\/\",\"logo\":{\"@type\":\"ImageObject\",\"inLanguage\":\"sv-SE\",\"@id\":\"https:\/\/careerquestor.com\/#\/schema\/logo\/image\/\",\"url\":\"https:\/\/careerquestor.com\/wp-content\/uploads\/sites\/223\/2025\/07\/cropped-Cosa-rende-la-Cessione-del-Quinto-unica-1.jpg\",\"contentUrl\":\"https:\/\/careerquestor.com\/wp-content\/uploads\/sites\/223\/2025\/07\/cropped-Cosa-rende-la-Cessione-del-Quinto-unica-1.jpg\",\"width\":404,\"height\":480,\"caption\":\"Career Questor\"},\"image\":{\"@id\":\"https:\/\/careerquestor.com\/#\/schema\/logo\/image\/\"}}]}<\/script>\n<!-- \/ Yoast SEO plugin. -->","yoast_head_json":{"title":"Sobre n\u00f3s - Career Questor","robots":{"index":"index","follow":"follow","max-snippet":"max-snippet:-1","max-image-preview":"max-image-preview:large","max-video-preview":"max-video-preview:-1"},"canonical":"https:\/\/careerquestor.com\/sv\/about\/","og_locale":"sv_SE","og_type":"article","og_title":"Sobre n\u00f3s - Career Questor","og_description":"Bem vindo ao CareerQuestor.com O CareerQuestor.com \u00e9 o seu destino ideal para explorar novas oportunidades de carreira, se adaptar \u00e0s mudan\u00e7as do mercado de trabalho e alcan\u00e7ar o sucesso profissional. Nossa miss\u00e3o \u00e9 oferecer insights valiosos, perspectivas inovadoras e recursos pr\u00e1ticos para ajudar voc\u00ea a tomar decis\u00f5es seguras e confiantes sobre o seu caminho profissional. [&hellip;]","og_url":"https:\/\/careerquestor.com\/sv\/about\/","og_site_name":"Career Questor","article_modified_time":"2026-04-07T16:15:46+00:00","twitter_card":"summary_large_image","twitter_misc":{"Est. reading time":"3 minuter"},"schema":{"@context":"https:\/\/schema.org","@graph":[{"@type":"WebPage","@id":"https:\/\/careerquestor.com\/about\/","url":"https:\/\/careerquestor.com\/about\/","name":"Sobre n\u00f3s - Career Questor","isPartOf":{"@id":"https:\/\/careerquestor.com\/#website"},"datePublished":"2025-03-04T17:52:25+00:00","dateModified":"2026-04-07T16:15:46+00:00","breadcrumb":{"@id":"https:\/\/careerquestor.com\/about\/#breadcrumb"},"inLanguage":"sv-SE","potentialAction":[{"@type":"ReadAction","target":["https:\/\/careerquestor.com\/about\/"]}]},{"@type":"BreadcrumbList","@id":"https:\/\/careerquestor.com\/about\/#breadcrumb","itemListElement":[{"@type":"ListItem","position":1,"name":"Home","item":"https:\/\/careerquestor.com\/"},{"@type":"ListItem","position":2,"name":"Sobre n\u00f3s"}]},{"@type":"WebSite","@id":"https:\/\/careerquestor.com\/#website","url":"https:\/\/careerquestor.com\/","name":"Career Questor","description":"","publisher":{"@id":"https:\/\/careerquestor.com\/#organization"},"potentialAction":[{"@type":"SearchAction","target":{"@type":"EntryPoint","urlTemplate":"https:\/\/careerquestor.com\/?s={search_term_string}"},"query-input":"required name=search_term_string"}],"inLanguage":"sv-SE"},{"@type":"Organization","@id":"https:\/\/careerquestor.com\/#organization","name":"Career Questor","url":"https:\/\/careerquestor.com\/","logo":{"@type":"ImageObject","inLanguage":"sv-SE","@id":"https:\/\/careerquestor.com\/#\/schema\/logo\/image\/","url":"https:\/\/careerquestor.com\/wp-content\/uploads\/sites\/223\/2025\/07\/cropped-Cosa-rende-la-Cessione-del-Quinto-unica-1.jpg","contentUrl":"https:\/\/careerquestor.com\/wp-content\/uploads\/sites\/223\/2025\/07\/cropped-Cosa-rende-la-Cessione-del-Quinto-unica-1.jpg","width":404,"height":480,"caption":"Career Questor"},"image":{"@id":"https:\/\/careerquestor.com\/#\/schema\/logo\/image\/"}}]}},"uagb_featured_image_src":{"full":false,"thumbnail":false,"medium":false,"medium_large":false,"large":false,"1536x1536":false,"2048x2048":false,"trp-custom-language-flag":false},"uagb_author_info":{"display_name":"pontesingrid25","author_link":"https:\/\/careerquestor.com\/sv\/author\/pontesingrid25\/"},"uagb_comment_info":0,"uagb_excerpt":"Bem vindo ao CareerQuestor.com O CareerQuestor.com \u00e9 o seu destino ideal para explorar novas oportunidades de carreira, se adaptar \u00e0s mudan\u00e7as do mercado de trabalho e alcan\u00e7ar o sucesso profissional. Nossa miss\u00e3o \u00e9 oferecer insights valiosos, perspectivas inovadoras e recursos pr\u00e1ticos para ajudar voc\u00ea a tomar decis\u00f5es seguras e confiantes sobre o seu caminho profissional.&hellip;","_links":{"self":[{"href":"https:\/\/careerquestor.com\/sv\/wp-json\/wp\/v2\/pages\/79"}],"collection":[{"href":"https:\/\/careerquestor.com\/sv\/wp-json\/wp\/v2\/pages"}],"about":[{"href":"https:\/\/careerquestor.com\/sv\/wp-json\/wp\/v2\/types\/page"}],"author":[{"embeddable":true,"href":"https:\/\/careerquestor.com\/sv\/wp-json\/wp\/v2\/users\/40"}],"replies":[{"embeddable":true,"href":"https:\/\/careerquestor.com\/sv\/wp-json\/wp\/v2\/comments?post=79"}],"version-history":[{"count":6,"href":"https:\/\/careerquestor.com\/sv\/wp-json\/wp\/v2\/pages\/79\/revisions"}],"predecessor-version":[{"id":2157,"href":"https:\/\/careerquestor.com\/sv\/wp-json\/wp\/v2\/pages\/79\/revisions\/2157"}],"wp:attachment":[{"href":"https:\/\/careerquestor.com\/sv\/wp-json\/wp\/v2\/media?parent=79"}],"curies":[{"name":"wp","href":"https:\/\/api.w.org\/{rel}","templated":true}]}}